{"id":123872,"date":"2020-12-12T15:41:30","date_gmt":"2020-12-12T14:41:30","guid":{"rendered":"https:\/\/www.fabioferro.eu\/giovanni-raspini-gelenkige-meeresschildkroete-charm.html"},"modified":"2025-06-06T15:45:38","modified_gmt":"2025-06-06T13:45:38","slug":"giovanni-raspini-gelenkige-meeresschildkroete-charm","status":"publish","type":"product","link":"https:\/\/www.fabioferro.eu\/de\/giovanni-raspini-gelenkige-meeresschildkroete-charm.html","title":{"rendered":"Giovanni Raspini Gelenkige Meeresschildkr\u00f6te Charm"},"content":{"rendered":"<p>Charme aus 925\/1000 Silber.<\/p>\n<p>Gesamtgewicht 4,8 g.<\/p>\n<p>H\u00f6he 2,3 cm ohne 0,9 cm Obertrikot.<\/p>\n<p>Hergestellt in Italien.<\/p>\n<p>Begleitet von einer Giovanni Raspini-Garantie, Box und Shopper.<\/p>\n","protected":false},"excerpt":{"rendered":"<p>Eine zarte, s\u00fc\u00dfe Meeresschildkr\u00f6te, die durch die Bewegungen ihrer Beine zum Leben erweckt wird.<\/p>\n","protected":false},"featured_media":123890,"comment_status":"open","ping_status":"closed","template":"","meta":[],"product_brand":[155],"product_cat":[7576],"product_tag":[],"class_list":{"0":"post-123872","1":"product","2":"type-product","3":"status-publish","4":"has-post-thumbnail","6":"product_brand-raspini","7":"product_cat-giovanni-raspini-reize","9":"first","10":"instock","11":"sale","12":"taxable","13":"shipping-taxable","14":"purchasable","15":"product-type-simple"},"exclude_global_add_ons":[],"addons":[],"df_price":54,"df_sale_price":54,"df_regular_price":60,"df_image_link":"https:\/\/cdn02.fabioferro.eu\/wp-content\/uploads\/virtuemart\/product\/charm-giovanni-raspini-tartaruga-10715.jpg","_links":{"self":[{"href":"https:\/\/www.fabioferro.eu\/de\/wp-json\/wp\/v2\/product\/123872","targetHints":{"allow":["GET"]}}],"collection":[{"href":"https:\/\/www.fabioferro.eu\/de\/wp-json\/wp\/v2\/product"}],"about":[{"href":"https:\/\/www.fabioferro.eu\/de\/wp-json\/wp\/v2\/types\/product"}],"replies":[{"embeddable":true,"href":"https:\/\/www.fabioferro.eu\/de\/wp-json\/wp\/v2\/comments?post=123872"}],"version-history":[{"count":0,"href":"https:\/\/www.fabioferro.eu\/de\/wp-json\/wp\/v2\/product\/123872\/revisions"}],"wp:featuredmedia":[{"embeddable":true,"href":"https:\/\/www.fabioferro.eu\/de\/wp-json\/wp\/v2\/media\/123890"}],"wp:attachment":[{"href":"https:\/\/www.fabioferro.eu\/de\/wp-json\/wp\/v2\/media?parent=123872"}],"wp:term":[{"taxonomy":"product_brand","embeddable":true,"href":"https:\/\/www.fabioferro.eu\/de\/wp-json\/wp\/v2\/product_brand?post=123872"},{"taxonomy":"product_cat","embeddable":true,"href":"https:\/\/www.fabioferro.eu\/de\/wp-json\/wp\/v2\/product_cat?post=123872"},{"taxonomy":"product_tag","embeddable":true,"href":"https:\/\/www.fabioferro.eu\/de\/wp-json\/wp\/v2\/product_tag?post=123872"}],"curies":[{"name":"wp","href":"https:\/\/api.w.org\/{rel}","templated":true}]}}