{"id":123883,"date":"2020-12-05T10:57:54","date_gmt":"2020-12-05T09:57:54","guid":{"rendered":"https:\/\/www.fabioferro.eu\/original-tibetisch-grau-polierter-haematit-tamashii-armband.html"},"modified":"2024-07-10T18:20:53","modified_gmt":"2024-07-10T16:20:53","slug":"original-tibetisch-grau-polierter-haematit-tamashii-armband","status":"publish","type":"product","link":"https:\/\/www.fabioferro.eu\/de\/original-tibetisch-grau-polierter-haematit-tamashii-armband.html","title":{"rendered":"Original Tibetisch Grau Polierter H\u00e4matit Tamashii-Armband"},"content":{"rendered":"<p>Tamashii-Produkte, die mit nat\u00fcrlichen Steinen\/Perlen handgefertigt werden, k\u00f6nnen Farbt\u00f6ne aufweisen, die leicht von den Fotos abweichen.<\/p>\n<p>Original tibetisches Tamashii-Armband mit H\u00e4matit.<\/p>\n<p>Unisex-Gr\u00f6\u00dfe.<\/p>\n<p>Ein schwarzer Naturstein eisenhaltigen Ursprungs, der eine rote Farbe annehmen kann, wenn er zu Pulver zerkleinert wird. Diese Metamorphose verleiht dem H\u00e4matit geheimnisvolle blut\u00e4hnliche Eigenschaften.<\/p>\n<p>In alten \u00dcberlieferungen wurde sie verwendet, um der Angst zu begegnen und den Tod zu besiegen.<\/p>\n<p>&nbsp;<\/p>\n<p>Der Armreif ist handgekn\u00fcpft und besteht aus 12 H\u00e4matitkugeln mit einem Durchmesser von 8,00 mm.<\/p>\n<p>Die Gesamtl\u00e4nge betr\u00e4gt 24,00 cm, kann aber bis auf 18,00 cm heruntergezogen werden.<\/p>\n<p>Praktischer Knopfverschluss aus br\u00fcniertem Metall.<\/p>\n<p>Jedes Tamashii-Armband enth\u00e4lt ein h\u00f6lzernes Element, eine Darstellung eines kleinen K\u00fcrbisses voller Samen, der Kamawatchi Calabush oder einfach Calabash genannt wird und f\u00fcr die Kontinuit\u00e4t des Lebens steht.<\/p>\n<p>Ein einzigartiges Schmuckst\u00fcck, denn es wird ausschlie\u00dflich von den geschickten H\u00e4nden tibetischer M\u00f6nche hergestellt und am Ende seiner Herstellung einzeln gesegnet.<\/p>\n<p>Neues Produkt in Originalverpackung mit authentischer Tamashii-Garantie.<\/p>\n","protected":false},"excerpt":{"rendered":"<p>Ein gl\u00e4nzender, grauer Stein, der von Geheimnissen durchdrungen ist, der Ihre Gedanken ebenso verwirren wie kl\u00e4ren kann.<\/p>\n","protected":false},"featured_media":123899,"comment_status":"open","ping_status":"closed","template":"","meta":[],"product_brand":[199],"product_cat":[6318],"product_tag":[7442],"class_list":{"0":"post-123883","1":"product","2":"type-product","3":"status-publish","4":"has-post-thumbnail","6":"product_brand-tamashii","7":"product_cat-tamashii","8":"product_tag-verfugbar","10":"first","11":"instock","12":"taxable","13":"shipping-taxable","14":"purchasable","15":"product-type-simple"},"exclude_global_add_ons":[],"addons":[],"df_price":42,"df_sale_price":"","df_regular_price":42,"df_image_link":"https:\/\/cdn02.fabioferro.eu\/wp-content\/uploads\/virtuemart\/product\/bracciale-tamashii-tibetano-ematite-BHS601-22.jpg","_links":{"self":[{"href":"https:\/\/www.fabioferro.eu\/de\/wp-json\/wp\/v2\/product\/123883","targetHints":{"allow":["GET"]}}],"collection":[{"href":"https:\/\/www.fabioferro.eu\/de\/wp-json\/wp\/v2\/product"}],"about":[{"href":"https:\/\/www.fabioferro.eu\/de\/wp-json\/wp\/v2\/types\/product"}],"replies":[{"embeddable":true,"href":"https:\/\/www.fabioferro.eu\/de\/wp-json\/wp\/v2\/comments?post=123883"}],"version-history":[{"count":0,"href":"https:\/\/www.fabioferro.eu\/de\/wp-json\/wp\/v2\/product\/123883\/revisions"}],"wp:featuredmedia":[{"embeddable":true,"href":"https:\/\/www.fabioferro.eu\/de\/wp-json\/wp\/v2\/media\/123899"}],"wp:attachment":[{"href":"https:\/\/www.fabioferro.eu\/de\/wp-json\/wp\/v2\/media?parent=123883"}],"wp:term":[{"taxonomy":"product_brand","embeddable":true,"href":"https:\/\/www.fabioferro.eu\/de\/wp-json\/wp\/v2\/product_brand?post=123883"},{"taxonomy":"product_cat","embeddable":true,"href":"https:\/\/www.fabioferro.eu\/de\/wp-json\/wp\/v2\/product_cat?post=123883"},{"taxonomy":"product_tag","embeddable":true,"href":"https:\/\/www.fabioferro.eu\/de\/wp-json\/wp\/v2\/product_tag?post=123883"}],"curies":[{"name":"wp","href":"https:\/\/api.w.org\/{rel}","templated":true}]}}