{"id":123897,"date":"2020-12-12T09:05:11","date_gmt":"2020-12-12T08:05:11","guid":{"rendered":"https:\/\/www.fabioferro.eu\/original-tamashii-tibetische-jade-armband-gruener-see-braune-spitze.html"},"modified":"2024-09-18T16:07:08","modified_gmt":"2024-09-18T14:07:08","slug":"original-tamashii-tibetische-jade-armband-gruener-see-braune-spitze","status":"publish","type":"product","link":"https:\/\/www.fabioferro.eu\/de\/original-tamashii-tibetische-jade-armband-gruener-see-braune-spitze.html","title":{"rendered":"Original Tamashii Tibetische Jade Armband Gr\u00fcner See Braune Spitze"},"content":{"rendered":"<p>Tamashii-Produkte, die mit nat\u00fcrlichen Steinen\/Perlen handgefertigt werden, k\u00f6nnen Farbt\u00f6ne aufweisen, die leicht von den Fotos abweichen. Original tibetisches Tamashii-Armband aus gr\u00fcner Jade. Unisex-Gr\u00f6\u00dfe. Jade vermittelt viele Tugenden, darunter Wohlwollen, Loyalit\u00e4t, H\u00f6flichkeit und Aufrichtigkeit.  &nbsp;  Das Armband ist handgekn\u00fcpft und besteht aus 12 Jadekugeln mit einem Durchmesser von 8,00 mm. Die Gesamtl\u00e4nge betr\u00e4gt 24,00 cm, kann aber bis auf 18,00 cm heruntergezogen werden. Praktischer Knopfverschluss aus br\u00fcniertem Metall. Jedes Tamashii-Armband enth\u00e4lt ein h\u00f6lzernes Element, eine Darstellung eines kleinen K\u00fcrbisses voller Samen, der Kamawatchi Calabush oder einfach Calabash genannt wird und f\u00fcr die Kontinuit\u00e4t des Lebens steht. Ein einzigartiges Schmuckst\u00fcck, denn es wird ausschlie\u00dflich von den geschickten H\u00e4nden tibetischer M\u00f6nche hergestellt und am Ende seiner Herstellung einzeln gesegnet. Neues Produkt in Originalverpackung mit authentischer Tamashii-Garantie.<\/p>\n","protected":false},"excerpt":{"rendered":"<p>Ein mysteri\u00f6ser Stein mit einer mysteri\u00f6sen Farbe, ein Unikat.<\/p>\n","protected":false},"featured_media":123910,"comment_status":"open","ping_status":"closed","template":"","meta":[],"product_brand":[199],"product_cat":[6318],"product_tag":[],"class_list":{"0":"post-123897","1":"product","2":"type-product","3":"status-publish","4":"has-post-thumbnail","6":"product_brand-tamashii","7":"product_cat-tamashii","9":"first","10":"instock","11":"taxable","12":"shipping-taxable","13":"purchasable","14":"product-type-simple"},"exclude_global_add_ons":[],"addons":[],"df_price":42,"df_sale_price":"","df_regular_price":42,"df_image_link":"https:\/\/cdn02.fabioferro.eu\/wp-content\/uploads\/virtuemart\/product\/bracciale-tamashii-giada-verde-lago-bhs900-215.jpg","_links":{"self":[{"href":"https:\/\/www.fabioferro.eu\/de\/wp-json\/wp\/v2\/product\/123897","targetHints":{"allow":["GET"]}}],"collection":[{"href":"https:\/\/www.fabioferro.eu\/de\/wp-json\/wp\/v2\/product"}],"about":[{"href":"https:\/\/www.fabioferro.eu\/de\/wp-json\/wp\/v2\/types\/product"}],"replies":[{"embeddable":true,"href":"https:\/\/www.fabioferro.eu\/de\/wp-json\/wp\/v2\/comments?post=123897"}],"version-history":[{"count":0,"href":"https:\/\/www.fabioferro.eu\/de\/wp-json\/wp\/v2\/product\/123897\/revisions"}],"wp:featuredmedia":[{"embeddable":true,"href":"https:\/\/www.fabioferro.eu\/de\/wp-json\/wp\/v2\/media\/123910"}],"wp:attachment":[{"href":"https:\/\/www.fabioferro.eu\/de\/wp-json\/wp\/v2\/media?parent=123897"}],"wp:term":[{"taxonomy":"product_brand","embeddable":true,"href":"https:\/\/www.fabioferro.eu\/de\/wp-json\/wp\/v2\/product_brand?post=123897"},{"taxonomy":"product_cat","embeddable":true,"href":"https:\/\/www.fabioferro.eu\/de\/wp-json\/wp\/v2\/product_cat?post=123897"},{"taxonomy":"product_tag","embeddable":true,"href":"https:\/\/www.fabioferro.eu\/de\/wp-json\/wp\/v2\/product_tag?post=123897"}],"curies":[{"name":"wp","href":"https:\/\/api.w.org\/{rel}","templated":true}]}}