{"id":123911,"date":"2020-11-28T16:05:16","date_gmt":"2020-11-28T15:05:16","guid":{"rendered":"https:\/\/www.fabioferro.eu\/ti-sento-milano-stars-collection-armband-mit-polar-star-in-sterling-silber-gelbgold-plattiert.html"},"modified":"2024-09-18T16:08:55","modified_gmt":"2024-09-18T14:08:55","slug":"ti-sento-milano-stars-collection-armband-mit-polar-star-in-sterling-silber-gelbgold-plattiert","status":"publish","type":"product","link":"https:\/\/www.fabioferro.eu\/de\/ti-sento-milano-stars-collection-armband-mit-polar-star-in-sterling-silber-gelbgold-plattiert.html","title":{"rendered":"Ti Sento Milano Stars Collection Armband mit Polar Star in Sterling Silber Gelbgold plattiert"},"content":{"rendered":"<p>Armband aus 925\/1000er Silber mit gelbvergoldeten Eins\u00e4tzen. L\u00e4nge des Armbands 20 cm, mit 2 weiteren k\u00fcrzeren Gr\u00f6\u00dfen. Verschluss mit klassischem silbernen Karabinerhaken. Drei wei\u00dfe Zirkone als zentrale Motive der Eins\u00e4tze. Hergestellt in Italien. Armband begleitet von Ti Sento Milano Garantie und Verpackung.<\/p>\n","protected":false},"excerpt":{"rendered":"<p>Eine Reihe von Sternen erhellt den Weg.<\/p>\n","protected":false},"featured_media":123917,"comment_status":"open","ping_status":"closed","template":"","meta":[],"product_brand":[158],"product_cat":[6074],"product_tag":[],"class_list":{"0":"post-123911","1":"product","2":"type-product","3":"status-publish","4":"has-post-thumbnail","6":"product_brand-ti-sento-milano","7":"product_cat-ti-sento-milano-armbander","9":"first","10":"outofstock","11":"taxable","12":"shipping-taxable","13":"purchasable","14":"product-type-simple"},"exclude_global_add_ons":[],"addons":[],"df_price":99,"df_sale_price":"","df_regular_price":99,"df_image_link":"https:\/\/cdn02.fabioferro.eu\/wp-content\/uploads\/virtuemart\/product\/bracciale-ti-sento-milano-rosa-dei-venti-in-argento-2941ZY.jpg","_links":{"self":[{"href":"https:\/\/www.fabioferro.eu\/de\/wp-json\/wp\/v2\/product\/123911","targetHints":{"allow":["GET"]}}],"collection":[{"href":"https:\/\/www.fabioferro.eu\/de\/wp-json\/wp\/v2\/product"}],"about":[{"href":"https:\/\/www.fabioferro.eu\/de\/wp-json\/wp\/v2\/types\/product"}],"replies":[{"embeddable":true,"href":"https:\/\/www.fabioferro.eu\/de\/wp-json\/wp\/v2\/comments?post=123911"}],"version-history":[{"count":0,"href":"https:\/\/www.fabioferro.eu\/de\/wp-json\/wp\/v2\/product\/123911\/revisions"}],"wp:featuredmedia":[{"embeddable":true,"href":"https:\/\/www.fabioferro.eu\/de\/wp-json\/wp\/v2\/media\/123917"}],"wp:attachment":[{"href":"https:\/\/www.fabioferro.eu\/de\/wp-json\/wp\/v2\/media?parent=123911"}],"wp:term":[{"taxonomy":"product_brand","embeddable":true,"href":"https:\/\/www.fabioferro.eu\/de\/wp-json\/wp\/v2\/product_brand?post=123911"},{"taxonomy":"product_cat","embeddable":true,"href":"https:\/\/www.fabioferro.eu\/de\/wp-json\/wp\/v2\/product_cat?post=123911"},{"taxonomy":"product_tag","embeddable":true,"href":"https:\/\/www.fabioferro.eu\/de\/wp-json\/wp\/v2\/product_tag?post=123911"}],"curies":[{"name":"wp","href":"https:\/\/api.w.org\/{rel}","templated":true}]}}