{"id":123919,"date":"2020-12-04T16:33:25","date_gmt":"2020-12-04T15:33:25","guid":{"rendered":"https:\/\/www.fabioferro.eu\/ohrringe-giovanni-raspini-bow-drops-kollektion-mit-mabe-perlen.html"},"modified":"2024-09-18T16:07:41","modified_gmt":"2024-09-18T14:07:41","slug":"ohrringe-giovanni-raspini-bow-drops-kollektion-mit-mabe-perlen","status":"publish","type":"product","link":"https:\/\/www.fabioferro.eu\/de\/ohrringe-giovanni-raspini-bow-drops-kollektion-mit-mabe-perlen.html","title":{"rendered":"Ohrringe Giovanni Raspini Bow Drops Kollektion mit Mab\u00e8-Perlen"},"content":{"rendered":"<p>Ohrringe aus 925\/1000 Sterlingsilber, nat\u00fcrliche S\u00fc\u00dfwasserperlen. Gesamtgewicht 15 g. L\u00e4nge 2,9 cm. Schmetterlingsverschluss mit Raspini-Logo. Hergestellt in Italien, handgefertigt. Begleitet von Box und offizieller Giovanni Raspini Garantie.<\/p>\n","protected":false},"excerpt":{"rendered":"<p>Elegante Verzierungen unterstreichen die Sch\u00f6nheit der S\u00fc\u00dfwasserperlen.<\/p>\n","protected":false},"featured_media":123931,"comment_status":"open","ping_status":"closed","template":"","meta":[],"product_brand":[155],"product_cat":[7570],"product_tag":[],"class_list":{"0":"post-123919","1":"product","2":"type-product","3":"status-publish","4":"has-post-thumbnail","6":"product_brand-raspini","7":"product_cat-giovanni-raspini-ohrringe","9":"first","10":"instock","11":"sale","12":"taxable","13":"shipping-taxable","14":"purchasable","15":"product-type-simple"},"exclude_global_add_ons":[],"addons":[],"df_price":261,"df_sale_price":261,"df_regular_price":290,"df_image_link":"https:\/\/cdn02.fabioferro.eu\/wp-content\/uploads\/virtuemart\/product\/orecchini-giovanni-raspini-drops-fiocco-11105.jpg","_links":{"self":[{"href":"https:\/\/www.fabioferro.eu\/de\/wp-json\/wp\/v2\/product\/123919","targetHints":{"allow":["GET"]}}],"collection":[{"href":"https:\/\/www.fabioferro.eu\/de\/wp-json\/wp\/v2\/product"}],"about":[{"href":"https:\/\/www.fabioferro.eu\/de\/wp-json\/wp\/v2\/types\/product"}],"replies":[{"embeddable":true,"href":"https:\/\/www.fabioferro.eu\/de\/wp-json\/wp\/v2\/comments?post=123919"}],"version-history":[{"count":0,"href":"https:\/\/www.fabioferro.eu\/de\/wp-json\/wp\/v2\/product\/123919\/revisions"}],"wp:featuredmedia":[{"embeddable":true,"href":"https:\/\/www.fabioferro.eu\/de\/wp-json\/wp\/v2\/media\/123931"}],"wp:attachment":[{"href":"https:\/\/www.fabioferro.eu\/de\/wp-json\/wp\/v2\/media?parent=123919"}],"wp:term":[{"taxonomy":"product_brand","embeddable":true,"href":"https:\/\/www.fabioferro.eu\/de\/wp-json\/wp\/v2\/product_brand?post=123919"},{"taxonomy":"product_cat","embeddable":true,"href":"https:\/\/www.fabioferro.eu\/de\/wp-json\/wp\/v2\/product_cat?post=123919"},{"taxonomy":"product_tag","embeddable":true,"href":"https:\/\/www.fabioferro.eu\/de\/wp-json\/wp\/v2\/product_tag?post=123919"}],"curies":[{"name":"wp","href":"https:\/\/api.w.org\/{rel}","templated":true}]}}