{"id":123932,"date":"2020-12-12T08:54:24","date_gmt":"2020-12-12T07:54:24","guid":{"rendered":"https:\/\/www.fabioferro.eu\/giovanni-raspini-fizzy-halskette-aus-silber.html"},"modified":"2020-12-12T08:54:24","modified_gmt":"2020-12-12T07:54:24","slug":"giovanni-raspini-fizzy-halskette-aus-silber","status":"publish","type":"product","link":"https:\/\/www.fabioferro.eu\/de\/giovanni-raspini-fizzy-halskette-aus-silber.html","title":{"rendered":"Giovanni Raspini Fizzy Halskette aus Silber"},"content":{"rendered":"<p>925\/1000 Silber-Halskette.<\/p>\n<p>Gesamtgewicht 52 g.<\/p>\n<p>L\u00e4nge 48 cm, gr\u00f6\u00dfenverstellbar. Breite 0,8 cm.<\/p>\n<p>Karabinerverschluss mit Raspini-Logo. Gl\u00fcckskorn am Ende des Armbands.<\/p>\n<p>Armband begleitet von Garantie, Box und Giovanni Raspini Shopper.<\/p>\n","protected":false},"excerpt":{"rendered":"<p>Eine Verflechtung von Ringen, ein Symbol f\u00fcr unendliche Sch\u00f6nheit, das auf dem reflektierten Licht des Silbers gleitet.<\/p>\n","protected":false},"featured_media":123955,"comment_status":"open","ping_status":"closed","template":"","meta":[],"product_brand":[155],"product_cat":[7568],"product_tag":[],"class_list":{"0":"post-123932","1":"product","2":"type-product","3":"status-publish","4":"has-post-thumbnail","6":"product_brand-raspini","7":"product_cat-giovanni-raspini-halsketten","9":"first","10":"instock","11":"sale","12":"taxable","13":"shipping-taxable","14":"purchasable","15":"product-type-simple"},"exclude_global_add_ons":[],"addons":[],"df_price":531,"df_sale_price":531,"df_regular_price":590,"df_image_link":"https:\/\/cdn02.fabioferro.eu\/wp-content\/uploads\/virtuemart\/product\/collana-giovanni-raspini-fizzy-10333.jpg","_links":{"self":[{"href":"https:\/\/www.fabioferro.eu\/de\/wp-json\/wp\/v2\/product\/123932","targetHints":{"allow":["GET"]}}],"collection":[{"href":"https:\/\/www.fabioferro.eu\/de\/wp-json\/wp\/v2\/product"}],"about":[{"href":"https:\/\/www.fabioferro.eu\/de\/wp-json\/wp\/v2\/types\/product"}],"replies":[{"embeddable":true,"href":"https:\/\/www.fabioferro.eu\/de\/wp-json\/wp\/v2\/comments?post=123932"}],"version-history":[{"count":0,"href":"https:\/\/www.fabioferro.eu\/de\/wp-json\/wp\/v2\/product\/123932\/revisions"}],"wp:featuredmedia":[{"embeddable":true,"href":"https:\/\/www.fabioferro.eu\/de\/wp-json\/wp\/v2\/media\/123955"}],"wp:attachment":[{"href":"https:\/\/www.fabioferro.eu\/de\/wp-json\/wp\/v2\/media?parent=123932"}],"wp:term":[{"taxonomy":"product_brand","embeddable":true,"href":"https:\/\/www.fabioferro.eu\/de\/wp-json\/wp\/v2\/product_brand?post=123932"},{"taxonomy":"product_cat","embeddable":true,"href":"https:\/\/www.fabioferro.eu\/de\/wp-json\/wp\/v2\/product_cat?post=123932"},{"taxonomy":"product_tag","embeddable":true,"href":"https:\/\/www.fabioferro.eu\/de\/wp-json\/wp\/v2\/product_tag?post=123932"}],"curies":[{"name":"wp","href":"https:\/\/api.w.org\/{rel}","templated":true}]}}