{"id":123956,"date":"2020-12-03T17:49:08","date_gmt":"2020-12-03T16:49:08","guid":{"rendered":"https:\/\/www.fabioferro.eu\/ti-sento-milano-polar-star-ring-vergoldete-sterne-kollektion-mit-cubic-zirkonia.html"},"modified":"2020-12-03T17:49:08","modified_gmt":"2020-12-03T16:49:08","slug":"ti-sento-milano-polar-star-ring-vergoldete-sterne-kollektion-mit-cubic-zirkonia","status":"publish","type":"product","link":"https:\/\/www.fabioferro.eu\/de\/ti-sento-milano-polar-star-ring-vergoldete-sterne-kollektion-mit-cubic-zirkonia.html","title":{"rendered":"Ti Sento Milano Polar Star Ring Vergoldete Sterne Kollektion mit Cubic Zirkonia"},"content":{"rendered":"<p>Ring aus 925\/1000 Sterlingsilber mit gelbvergoldeter Spitze in Form eines Sterns.<\/p>\n<p>Erh\u00e4ltlich in Gr\u00f6\u00dfe 16.<\/p>\n<p>Ring begleitet von Ti Sento Milano Garantie und Verpackung.<\/p>\n","protected":false},"excerpt":{"rendered":"<p>Mit diesem Ring haben Sie immer den richtigen Weg vor Augen.<\/p>\n","protected":false},"featured_media":123961,"comment_status":"open","ping_status":"closed","template":"","meta":[],"product_brand":[158],"product_cat":[6343],"product_tag":[7442],"class_list":{"0":"post-123956","1":"product","2":"type-product","3":"status-publish","4":"has-post-thumbnail","6":"product_brand-ti-sento-milano","7":"product_cat-ti-sento-milano-ringe","8":"product_tag-verfugbar","10":"first","11":"instock","12":"taxable","13":"shipping-taxable","14":"purchasable","15":"product-type-simple"},"exclude_global_add_ons":[],"addons":[],"df_price":89,"df_sale_price":"","df_regular_price":89,"df_image_link":"https:\/\/cdn02.fabioferro.eu\/wp-content\/uploads\/virtuemart\/product\/anello-ti-sento-milano-stella-polare-in-argento-12199ZY.jpg-4.jpg","_links":{"self":[{"href":"https:\/\/www.fabioferro.eu\/de\/wp-json\/wp\/v2\/product\/123956","targetHints":{"allow":["GET"]}}],"collection":[{"href":"https:\/\/www.fabioferro.eu\/de\/wp-json\/wp\/v2\/product"}],"about":[{"href":"https:\/\/www.fabioferro.eu\/de\/wp-json\/wp\/v2\/types\/product"}],"replies":[{"embeddable":true,"href":"https:\/\/www.fabioferro.eu\/de\/wp-json\/wp\/v2\/comments?post=123956"}],"version-history":[{"count":0,"href":"https:\/\/www.fabioferro.eu\/de\/wp-json\/wp\/v2\/product\/123956\/revisions"}],"wp:featuredmedia":[{"embeddable":true,"href":"https:\/\/www.fabioferro.eu\/de\/wp-json\/wp\/v2\/media\/123961"}],"wp:attachment":[{"href":"https:\/\/www.fabioferro.eu\/de\/wp-json\/wp\/v2\/media?parent=123956"}],"wp:term":[{"taxonomy":"product_brand","embeddable":true,"href":"https:\/\/www.fabioferro.eu\/de\/wp-json\/wp\/v2\/product_brand?post=123956"},{"taxonomy":"product_cat","embeddable":true,"href":"https:\/\/www.fabioferro.eu\/de\/wp-json\/wp\/v2\/product_cat?post=123956"},{"taxonomy":"product_tag","embeddable":true,"href":"https:\/\/www.fabioferro.eu\/de\/wp-json\/wp\/v2\/product_tag?post=123956"}],"curies":[{"name":"wp","href":"https:\/\/api.w.org\/{rel}","templated":true}]}}