{"id":124030,"date":"2020-11-17T17:41:58","date_gmt":"2020-11-17T16:41:58","guid":{"rendered":"https:\/\/www.fabioferro.eu\/fabio-ferro-embrace-weissgold-verlobungsring-mit-brillantschliff-diamant-017-karat.html"},"modified":"2025-06-06T16:22:39","modified_gmt":"2025-06-06T14:22:39","slug":"fabio-ferro-embrace-weissgold-verlobungsring-mit-brillantschliff-diamant-017-karat","status":"publish","type":"product","link":"https:\/\/www.fabioferro.eu\/de\/fabio-ferro-embrace-weissgold-verlobungsring-mit-brillantschliff-diamant-017-karat.html","title":{"rendered":"Fabio Ferro Embrace Wei\u00dfgold Verlobungsring mit Diamant 0,17 Karat"},"content":{"rendered":"<p>Verlobungsring &#8220;Embrace&#8221;, der in unserer Goldschmiedewerkstatt vollst\u00e4ndig von Hand aus 18 Karat Wei\u00dfgold gefertigt wird.<\/p>\n<p>Der Diamant im Brillantschliff hat ein Gewicht von 0,17 Karat. Die Farbe des Steins ist F, w\u00e4hrend die Reinheit VS1 ist. Der besondere Rahmen unterstreicht die gro\u00dfartige Arbeit des Einrichters. Der Diamant ist zwischen den beiden Fl\u00fcgeln der Fassung eingeschlossen und hat einen quadratischen Schaft. Sie ist vollst\u00e4ndig spiegelpoliert.<\/p>\n<p>Unter dem Stein befindet sich ein Teil der Fassung, der den Scheitelpunkt des Diamanten fixiert.<\/p>\n<p>Auf der Innenseite des Schafts sind die Karatierungen und das Logo Fabio Ferro I Gioielli&#8221; immer mit Laser eingraviert.<\/p>\n<p>Das Gesamtgewicht des Schmuckst\u00fccks betr\u00e4gt 4,92 Gramm aus 18 Karat Wei\u00dfgold.<\/p>\n<p>Bitte verlassen Sie sich auf die Beschreibung f\u00fcr die tats\u00e4chlichen Eigenschaften des Juwels, das Foto ist nur zu Demonstrationszwecken.<\/p>\n<p>Der Ring wird von einem Garantiezertifikat, einem Qualit\u00e4tszertifikat und einer h\u00fcbschen Geschenkbox begleitet, die dem besonderen Anlass gewidmet ist.<\/p>\n<p>&nbsp;<\/p>\n<p><img decoding=\"async\" class=\"alignnone size-full wp-image-68675\" src=\"https:\/\/cdn02.fabioferro.eu\/wp-content\/uploads\/IGI-4cs-chart-IT-scaled.jpg\" alt=\"\" width=\"1864\" height=\"2560\" title=\"\" srcset=\"https:\/\/cdn02.fabioferro.eu\/wp-content\/uploads\/IGI-4cs-chart-IT-scaled.jpg 1864w, https:\/\/cdn02.fabioferro.eu\/wp-content\/uploads\/IGI-4cs-chart-IT-768x1055.jpg 768w, https:\/\/cdn02.fabioferro.eu\/wp-content\/uploads\/IGI-4cs-chart-IT-1119x1536.jpg 1119w, https:\/\/cdn02.fabioferro.eu\/wp-content\/uploads\/IGI-4cs-chart-IT-1491x2048.jpg 1491w, https:\/\/cdn02.fabioferro.eu\/wp-content\/uploads\/IGI-4cs-chart-IT-990x1359.jpg 990w, https:\/\/cdn02.fabioferro.eu\/wp-content\/uploads\/IGI-4cs-chart-IT-441x606.jpg 441w, https:\/\/cdn02.fabioferro.eu\/wp-content\/uploads\/IGI-4cs-chart-IT-600x824.jpg 600w, https:\/\/cdn02.fabioferro.eu\/wp-content\/uploads\/IGI-4cs-chart-IT-150x206.jpg 150w\" sizes=\"(max-width: 1864px) 100vw, 1864px\" \/><\/p>\n","protected":false},"excerpt":{"rendered":"<p>Ein Verlobungsring, der an eine Umarmung erinnert, ein Symbol der Liebe und des Schutzes.<\/p>\n","protected":false},"featured_media":124042,"comment_status":"open","ping_status":"closed","template":"","meta":[],"product_brand":[152],"product_cat":[6021],"product_tag":[],"class_list":{"0":"post-124030","1":"product","2":"type-product","3":"status-publish","4":"has-post-thumbnail","6":"product_brand-fabio-ferro-i-gioielli","7":"product_cat-verlobungsringe","9":"first","10":"instock","11":"sale","12":"taxable","13":"shipping-taxable","14":"purchasable","15":"product-type-variable","16":"has-default-attributes"},"exclude_global_add_ons":[],"addons":[],"df_price":1140,"df_sale_price":"","df_regular_price":1140,"df_image_link":"https:\/\/cdn02.fabioferro.eu\/wp-content\/uploads\/anello-solitario-fabio-ferro-diamante-taglio-brillante-ff1059.jpg","_links":{"self":[{"href":"https:\/\/www.fabioferro.eu\/de\/wp-json\/wp\/v2\/product\/124030","targetHints":{"allow":["GET"]}}],"collection":[{"href":"https:\/\/www.fabioferro.eu\/de\/wp-json\/wp\/v2\/product"}],"about":[{"href":"https:\/\/www.fabioferro.eu\/de\/wp-json\/wp\/v2\/types\/product"}],"replies":[{"embeddable":true,"href":"https:\/\/www.fabioferro.eu\/de\/wp-json\/wp\/v2\/comments?post=124030"}],"version-history":[{"count":0,"href":"https:\/\/www.fabioferro.eu\/de\/wp-json\/wp\/v2\/product\/124030\/revisions"}],"wp:featuredmedia":[{"embeddable":true,"href":"https:\/\/www.fabioferro.eu\/de\/wp-json\/wp\/v2\/media\/124042"}],"wp:attachment":[{"href":"https:\/\/www.fabioferro.eu\/de\/wp-json\/wp\/v2\/media?parent=124030"}],"wp:term":[{"taxonomy":"product_brand","embeddable":true,"href":"https:\/\/www.fabioferro.eu\/de\/wp-json\/wp\/v2\/product_brand?post=124030"},{"taxonomy":"product_cat","embeddable":true,"href":"https:\/\/www.fabioferro.eu\/de\/wp-json\/wp\/v2\/product_cat?post=124030"},{"taxonomy":"product_tag","embeddable":true,"href":"https:\/\/www.fabioferro.eu\/de\/wp-json\/wp\/v2\/product_tag?post=124030"}],"curies":[{"name":"wp","href":"https:\/\/api.w.org\/{rel}","templated":true}]}}