{"id":124057,"date":"2020-11-18T17:03:38","date_gmt":"2020-11-18T16:03:38","guid":{"rendered":"https:\/\/www.fabioferro.eu\/fope-flex-it-panorama-armband-in-rose-gold-mit-diamanten.html"},"modified":"2026-01-09T16:28:50","modified_gmt":"2026-01-09T15:28:50","slug":"fope-flex-it-panorama-armband-in-rose-gold-mit-diamanten","status":"publish","type":"product","link":"https:\/\/www.fabioferro.eu\/de\/fope-flex-it-panorama-armband-in-rose-gold-mit-diamanten.html","title":{"rendered":"Fope Flex It Panorama Armband in Rose Gold mit Diamanten"},"content":{"rendered":"<p>Flex&#8217;it ist ein Synonym f\u00fcr Komfort. Einfach und elegant zu tragen, ein Schmuckst\u00fcck f\u00fcr das t\u00e4gliche Leben.<\/p>\n<p>Armband der Fope Panorama Kollektion aus 18 Karat Ros\u00e9- und Wei\u00dfgold.<\/p>\n<p>Die H\u00f6he des Schmuckst\u00fccks betr\u00e4gt 10 mm und die Dicke 3,5 mm.<\/p>\n<p>Das zentrale Element ist beweglich und wird durch drei fein gefasste Diamantringe von 0,23 Karat dargestellt. Sie zeichnen sich durch eine G-Farbe und einen VS1-Reinheitsgrad aus.<\/p>\n<p>Der untere Teil ist mit einem festen Balken&#8221; mit dem Fope-Logo und den Produktionsstempeln versehen.<\/p>\n<p>W\u00e4hrend der Produktion wurden die flachen Glieder des Flex&#8217;it-Armbands einem Belastungstest von 12.000 Tests unterzogen, um ihre Qualit\u00e4t zu best\u00e4tigen.<\/p>\n<p>Handgefertigt in Vicenza, komplett Made in Italy.<\/p>\n<p>Das Armband wird von einer offiziellen Fope-Box und einer Garantie begleitet.<\/p>\n<p><img decoding=\"async\" class=\"alignnone size-full wp-image-205465\" src=\"http:\/\/cdn02.fabioferro.eu\/wp-content\/uploads\/tabelle-misure-bracciali.jpg\" alt=\"\" width=\"1900\" height=\"153\" title=\"\" srcset=\"https:\/\/cdn02.fabioferro.eu\/wp-content\/uploads\/tabelle-misure-bracciali.jpg 1900w, https:\/\/cdn02.fabioferro.eu\/wp-content\/uploads\/tabelle-misure-bracciali-768x62.jpg 768w, https:\/\/cdn02.fabioferro.eu\/wp-content\/uploads\/tabelle-misure-bracciali-1536x124.jpg 1536w, https:\/\/cdn02.fabioferro.eu\/wp-content\/uploads\/tabelle-misure-bracciali-990x80.jpg 990w, https:\/\/cdn02.fabioferro.eu\/wp-content\/uploads\/tabelle-misure-bracciali-441x36.jpg 441w, https:\/\/cdn02.fabioferro.eu\/wp-content\/uploads\/tabelle-misure-bracciali-600x48.jpg 600w, https:\/\/cdn02.fabioferro.eu\/wp-content\/uploads\/tabelle-misure-bracciali-150x12.jpg 150w\" sizes=\"(max-width: 1900px) 100vw, 1900px\" \/><\/p>\n","protected":false},"excerpt":{"rendered":"<p>Die Handwerkskunst und die Technik, die zur Herstellung dieses Armbands verwendet werden, machen es einzigartig. Fope gibt sich die gr\u00f6\u00dfte M\u00fche, um sicherzustellen, dass das Schmuckst\u00fcck perfekt ist.<\/p>\n","protected":false},"featured_media":124070,"comment_status":"open","ping_status":"closed","template":"","meta":[],"product_brand":[154],"product_cat":[6161],"product_tag":[],"class_list":{"0":"post-124057","1":"product","2":"type-product","3":"status-publish","4":"has-post-thumbnail","6":"product_brand-fope","7":"product_cat-fope-armbander","9":"first","10":"instock","11":"taxable","12":"shipping-taxable","13":"purchasable","14":"product-type-variable","15":"has-default-attributes"},"exclude_global_add_ons":[],"addons":[],"df_price":8600,"df_sale_price":"","df_regular_price":8600,"df_image_link":"https:\/\/cdn02.fabioferro.eu\/wp-content\/uploads\/virtuemart\/product\/bracciale-fope-panorama-flexit-in-oro-rosa-587B-PAVE-BR.jpg","_links":{"self":[{"href":"https:\/\/www.fabioferro.eu\/de\/wp-json\/wp\/v2\/product\/124057","targetHints":{"allow":["GET"]}}],"collection":[{"href":"https:\/\/www.fabioferro.eu\/de\/wp-json\/wp\/v2\/product"}],"about":[{"href":"https:\/\/www.fabioferro.eu\/de\/wp-json\/wp\/v2\/types\/product"}],"replies":[{"embeddable":true,"href":"https:\/\/www.fabioferro.eu\/de\/wp-json\/wp\/v2\/comments?post=124057"}],"version-history":[{"count":1,"href":"https:\/\/www.fabioferro.eu\/de\/wp-json\/wp\/v2\/product\/124057\/revisions"}],"predecessor-version":[{"id":206716,"href":"https:\/\/www.fabioferro.eu\/de\/wp-json\/wp\/v2\/product\/124057\/revisions\/206716"}],"wp:featuredmedia":[{"embeddable":true,"href":"https:\/\/www.fabioferro.eu\/de\/wp-json\/wp\/v2\/media\/124070"}],"wp:attachment":[{"href":"https:\/\/www.fabioferro.eu\/de\/wp-json\/wp\/v2\/media?parent=124057"}],"wp:term":[{"taxonomy":"product_brand","embeddable":true,"href":"https:\/\/www.fabioferro.eu\/de\/wp-json\/wp\/v2\/product_brand?post=124057"},{"taxonomy":"product_cat","embeddable":true,"href":"https:\/\/www.fabioferro.eu\/de\/wp-json\/wp\/v2\/product_cat?post=124057"},{"taxonomy":"product_tag","embeddable":true,"href":"https:\/\/www.fabioferro.eu\/de\/wp-json\/wp\/v2\/product_tag?post=124057"}],"curies":[{"name":"wp","href":"https:\/\/api.w.org\/{rel}","templated":true}]}}