{"id":124080,"date":"2024-01-26T11:20:08","date_gmt":"2024-01-26T10:20:08","guid":{"rendered":"https:\/\/www.fabioferro.eu\/fabio-ferro-punto-luce-halskette-aus-weissgold-mit-diamant-030-karat-igi.html"},"modified":"2024-09-18T16:09:05","modified_gmt":"2024-09-18T14:09:05","slug":"fabio-ferro-punto-luce-halskette-aus-weissgold-mit-diamant-030-karat-igi","status":"publish","type":"product","link":"https:\/\/www.fabioferro.eu\/de\/fabio-ferro-punto-luce-halskette-aus-weissgold-mit-diamant-030-karat-igi.html","title":{"rendered":"Fabio Ferro Punto Luce Halskette aus Wei\u00dfgold mit Diamant 0,30 Karat IGI"},"content":{"rendered":"<p>Interpunktions-Halskette mit einem Brillanten von 0,30 Karat, Farbe F und Reinheit Vs2, handgefertigt in unserer Goldschmiedewerkstatt. Das venezianische Gliedercollier aus 750\/1000er Wei\u00dfgold mit einem Gewicht von 3,11 g ist 45 cm lang und kann auch mit einer L\u00e4nge von 42 cm getragen werden, da am Ende der Kette eine Schlaufe eingearbeitet ist, der Verschluss ist ein Karabinerverschluss. Die L\u00fcnette mit dem Diamanten ist verschiebbar und hat eine Gr\u00f6\u00dfe von 5 x 5 mm. Die Fassung hat kleine seitliche Rillen, die es dem Diamanten erm\u00f6glichen, das Licht zu reflektieren. Der Diamant wird mit einem internationalen IGI-Zertifikat geliefert. Das Juwel wird von einem Garantie- und Qualit\u00e4tszertifikat begleitet, das von Fabio Ferro unterzeichnet ist, sowie von einer eleganten Spezialverpackung.  <img decoding=\"async\" class=\"alignnone size-full wp-image-68675\" src=\"https:\/\/cdn02.fabioferro.eu\/wp-content\/uploads\/IGI-4cs-chart-IT-scaled.jpg\" alt=\"\" width=\"1864\" height=\"2560\" title=\"\" srcset=\"https:\/\/cdn02.fabioferro.eu\/wp-content\/uploads\/IGI-4cs-chart-IT-scaled.jpg 1864w, https:\/\/cdn02.fabioferro.eu\/wp-content\/uploads\/IGI-4cs-chart-IT-768x1055.jpg 768w, https:\/\/cdn02.fabioferro.eu\/wp-content\/uploads\/IGI-4cs-chart-IT-1119x1536.jpg 1119w, https:\/\/cdn02.fabioferro.eu\/wp-content\/uploads\/IGI-4cs-chart-IT-1491x2048.jpg 1491w, https:\/\/cdn02.fabioferro.eu\/wp-content\/uploads\/IGI-4cs-chart-IT-990x1359.jpg 990w, https:\/\/cdn02.fabioferro.eu\/wp-content\/uploads\/IGI-4cs-chart-IT-441x606.jpg 441w, https:\/\/cdn02.fabioferro.eu\/wp-content\/uploads\/IGI-4cs-chart-IT-600x824.jpg 600w, https:\/\/cdn02.fabioferro.eu\/wp-content\/uploads\/IGI-4cs-chart-IT-150x206.jpg 150w\" sizes=\"(max-width: 1864px) 100vw, 1864px\" \/><\/p>\n","protected":false},"excerpt":{"rendered":"<p>Puntoluce Halskette mit Brillant IGI Karat 0,30<\/p>\n","protected":false},"featured_media":119532,"comment_status":"open","ping_status":"closed","template":"","meta":[],"product_brand":[152],"product_cat":[6016],"product_tag":[],"class_list":{"0":"post-124080","1":"product","2":"type-product","3":"status-publish","4":"has-post-thumbnail","6":"product_brand-fabio-ferro-i-gioielli","7":"product_cat-dot-light-halsketten","9":"first","10":"instock","11":"sale","12":"taxable","13":"shipping-taxable","14":"purchasable","15":"product-type-simple"},"exclude_global_add_ons":[],"addons":[],"df_price":1920,"df_sale_price":1920,"df_regular_price":2400,"df_image_link":"https:\/\/cdn02.fabioferro.eu\/wp-content\/uploads\/collana-fabio-ferro-punto-luce-in-oro-bianco-e-diamanti-ff1122.jpg","_links":{"self":[{"href":"https:\/\/www.fabioferro.eu\/de\/wp-json\/wp\/v2\/product\/124080","targetHints":{"allow":["GET"]}}],"collection":[{"href":"https:\/\/www.fabioferro.eu\/de\/wp-json\/wp\/v2\/product"}],"about":[{"href":"https:\/\/www.fabioferro.eu\/de\/wp-json\/wp\/v2\/types\/product"}],"replies":[{"embeddable":true,"href":"https:\/\/www.fabioferro.eu\/de\/wp-json\/wp\/v2\/comments?post=124080"}],"version-history":[{"count":0,"href":"https:\/\/www.fabioferro.eu\/de\/wp-json\/wp\/v2\/product\/124080\/revisions"}],"wp:featuredmedia":[{"embeddable":true,"href":"https:\/\/www.fabioferro.eu\/de\/wp-json\/wp\/v2\/media\/119532"}],"wp:attachment":[{"href":"https:\/\/www.fabioferro.eu\/de\/wp-json\/wp\/v2\/media?parent=124080"}],"wp:term":[{"taxonomy":"product_brand","embeddable":true,"href":"https:\/\/www.fabioferro.eu\/de\/wp-json\/wp\/v2\/product_brand?post=124080"},{"taxonomy":"product_cat","embeddable":true,"href":"https:\/\/www.fabioferro.eu\/de\/wp-json\/wp\/v2\/product_cat?post=124080"},{"taxonomy":"product_tag","embeddable":true,"href":"https:\/\/www.fabioferro.eu\/de\/wp-json\/wp\/v2\/product_tag?post=124080"}],"curies":[{"name":"wp","href":"https:\/\/api.w.org\/{rel}","templated":true}]}}