{"id":124173,"date":"2020-10-17T14:28:54","date_gmt":"2020-10-17T12:28:54","guid":{"rendered":"https:\/\/www.fabioferro.eu\/comete-jewellery-herrenarmband-aus-silber-und-rosegold.html"},"modified":"2025-06-06T16:14:47","modified_gmt":"2025-06-06T14:14:47","slug":"comete-jewellery-herrenarmband-aus-silber-und-rosegold","status":"publish","type":"product","link":"https:\/\/www.fabioferro.eu\/de\/comete-jewellery-herrenarmband-aus-silber-und-rosegold.html","title":{"rendered":"Comete Jewellery Herrenarmband aus Silber und Ros\u00e9gold"},"content":{"rendered":"<p>Armband aus poliertem Stahl und 18 Karat Gold.<\/p>\n<p>Ein spezieller Verschluss vervollst\u00e4ndigt die Gesamtl\u00e4nge des Armbands von 21 cm, die mit Hilfe von Endringen auf 19 cm verk\u00fcrzt werden kann.<\/p>\n<p>Einzigartige, nicht verstellbare L\u00e4nge.<\/p>\n<p>Armband Made in Italy.<\/p>\n<p>Begleitet von einer offiziellen Comete Gioielli Garantie und Verpackung.<\/p>\n","protected":false},"excerpt":{"rendered":"<p>Elegant und nicht zu anspruchsvoll, das ideale Armband f\u00fcr den Mann mit guter K\u00f6rperhaltung.<\/p>\n","protected":false},"featured_media":124191,"comment_status":"open","ping_status":"closed","template":"","meta":[],"product_brand":[157],"product_cat":[6341,6380],"product_tag":[7442],"class_list":{"0":"post-124173","1":"product","2":"type-product","3":"status-publish","4":"has-post-thumbnail","6":"product_brand-comete","7":"product_cat-comete-armbander-manner","8":"product_cat-mannerschmuck","9":"product_tag-verfugbar","11":"first","12":"instock","13":"sale","14":"taxable","15":"shipping-taxable","16":"purchasable","17":"product-type-simple"},"exclude_global_add_ons":[],"addons":[],"df_price":252,"df_sale_price":252,"df_regular_price":280,"df_image_link":"https:\/\/cdn02.fabioferro.eu\/wp-content\/uploads\/virtuemart\/product\/bracciale_comete_gioielli_uomo_catena_piastra_in_argento_e_oro_UBR_966__1602944940_887.jpg","_links":{"self":[{"href":"https:\/\/www.fabioferro.eu\/de\/wp-json\/wp\/v2\/product\/124173","targetHints":{"allow":["GET"]}}],"collection":[{"href":"https:\/\/www.fabioferro.eu\/de\/wp-json\/wp\/v2\/product"}],"about":[{"href":"https:\/\/www.fabioferro.eu\/de\/wp-json\/wp\/v2\/types\/product"}],"replies":[{"embeddable":true,"href":"https:\/\/www.fabioferro.eu\/de\/wp-json\/wp\/v2\/comments?post=124173"}],"version-history":[{"count":0,"href":"https:\/\/www.fabioferro.eu\/de\/wp-json\/wp\/v2\/product\/124173\/revisions"}],"wp:featuredmedia":[{"embeddable":true,"href":"https:\/\/www.fabioferro.eu\/de\/wp-json\/wp\/v2\/media\/124191"}],"wp:attachment":[{"href":"https:\/\/www.fabioferro.eu\/de\/wp-json\/wp\/v2\/media?parent=124173"}],"wp:term":[{"taxonomy":"product_brand","embeddable":true,"href":"https:\/\/www.fabioferro.eu\/de\/wp-json\/wp\/v2\/product_brand?post=124173"},{"taxonomy":"product_cat","embeddable":true,"href":"https:\/\/www.fabioferro.eu\/de\/wp-json\/wp\/v2\/product_cat?post=124173"},{"taxonomy":"product_tag","embeddable":true,"href":"https:\/\/www.fabioferro.eu\/de\/wp-json\/wp\/v2\/product_tag?post=124173"}],"curies":[{"name":"wp","href":"https:\/\/api.w.org\/{rel}","templated":true}]}}