{"id":124227,"date":"2020-08-05T08:55:38","date_gmt":"2020-08-05T06:55:38","guid":{"rendered":"https:\/\/www.fabioferro.eu\/original-tibetisches-tamashii-armband-aus-arktischem-jaspis.html"},"modified":"2024-09-18T15:56:38","modified_gmt":"2024-09-18T13:56:38","slug":"original-tibetisches-tamashii-armband-aus-arktischem-jaspis","status":"publish","type":"product","link":"https:\/\/www.fabioferro.eu\/de\/original-tibetisches-tamashii-armband-aus-arktischem-jaspis.html","title":{"rendered":"Original tibetisches Tamashii-Armband aus arktischem Jaspis"},"content":{"rendered":"<p>Jaspis st\u00e4rkt den Geist und macht Mut. Er ist ein sehr seltener Stein. Sie f\u00f6rdert die Selbstachtung und R\u00fccksichtnahme, hilft, sich so zu akzeptieren, wie man ist, und \u00fcbt eine ausgleichende Funktion auf emotionaler Ebene aus. Es hilft, Integrit\u00e4t und Ehrlichkeit zu bewahren, auch wenn die Umst\u00e4nde des Lebens einen leider dazu verleiten, einen weniger korrekten Weg einzuschlagen. Es besitzt eine sehr friedliche und kreisf\u00f6rmige Energie, die auf st\u00e4ndige Erneuerung ausgerichtet ist. &nbsp; Das Armband ist handgekn\u00fcpft und besteht aus 12 Disapro-Kugeln mit einem Durchmesser von 8,00 mm. Die Gesamtl\u00e4nge betr\u00e4gt 24,00 cm, kann aber auch bis zu 18,00 cm getragen werden. Praktischer Knopfverschluss aus br\u00fcniertem Metall. Jedes Tamashii-Armband enth\u00e4lt ein h\u00f6lzernes Element, eine Darstellung eines kleinen K\u00fcrbisses voller Samen, der Kamawatchi Calabush oder einfach Calabash genannt wird und f\u00fcr die Kontinuit\u00e4t des Lebens steht. Ein einzigartiges Schmuckst\u00fcck, denn es wird ausschlie\u00dflich von den geschickten H\u00e4nden tibetischer M\u00f6nche hergestellt und am Ende seiner Herstellung einzeln gesegnet. Neues Produkt in Originalverpackung mit authentischer Tamashii-Garantie.<\/p>\n","protected":false},"excerpt":{"rendered":"<p>Armb\u00e4nder, die direkt in Tibet aufgereiht und gesegnet wurden, jedes mit seiner eigenen spirituellen Bedeutung.<\/p>\n","protected":false},"featured_media":124245,"comment_status":"open","ping_status":"closed","template":"","meta":[],"product_brand":[199],"product_cat":[6318],"product_tag":[],"class_list":{"0":"post-124227","1":"product","2":"type-product","3":"status-publish","4":"has-post-thumbnail","6":"product_brand-tamashii","7":"product_cat-tamashii","9":"first","10":"instock","11":"taxable","12":"shipping-taxable","13":"purchasable","14":"product-type-simple"},"exclude_global_add_ons":[],"addons":[],"df_price":42,"df_sale_price":"","df_regular_price":42,"df_image_link":"https:\/\/cdn02.fabioferro.eu\/wp-content\/uploads\/virtuemart\/product\/bracciale_tamashii_diaspro_artico_1_giro_BHS900_259__1596617775_190.jpg","_links":{"self":[{"href":"https:\/\/www.fabioferro.eu\/de\/wp-json\/wp\/v2\/product\/124227","targetHints":{"allow":["GET"]}}],"collection":[{"href":"https:\/\/www.fabioferro.eu\/de\/wp-json\/wp\/v2\/product"}],"about":[{"href":"https:\/\/www.fabioferro.eu\/de\/wp-json\/wp\/v2\/types\/product"}],"replies":[{"embeddable":true,"href":"https:\/\/www.fabioferro.eu\/de\/wp-json\/wp\/v2\/comments?post=124227"}],"version-history":[{"count":0,"href":"https:\/\/www.fabioferro.eu\/de\/wp-json\/wp\/v2\/product\/124227\/revisions"}],"wp:featuredmedia":[{"embeddable":true,"href":"https:\/\/www.fabioferro.eu\/de\/wp-json\/wp\/v2\/media\/124245"}],"wp:attachment":[{"href":"https:\/\/www.fabioferro.eu\/de\/wp-json\/wp\/v2\/media?parent=124227"}],"wp:term":[{"taxonomy":"product_brand","embeddable":true,"href":"https:\/\/www.fabioferro.eu\/de\/wp-json\/wp\/v2\/product_brand?post=124227"},{"taxonomy":"product_cat","embeddable":true,"href":"https:\/\/www.fabioferro.eu\/de\/wp-json\/wp\/v2\/product_cat?post=124227"},{"taxonomy":"product_tag","embeddable":true,"href":"https:\/\/www.fabioferro.eu\/de\/wp-json\/wp\/v2\/product_tag?post=124227"}],"curies":[{"name":"wp","href":"https:\/\/api.w.org\/{rel}","templated":true}]}}