{"id":124244,"date":"2020-10-10T14:37:35","date_gmt":"2020-10-10T12:37:35","guid":{"rendered":"https:\/\/www.fabioferro.eu\/giovanni-raspini-schluesselanhaenger-braun.html"},"modified":"2020-10-10T14:37:35","modified_gmt":"2020-10-10T12:37:35","slug":"giovanni-raspini-schluesselanhaenger-braun","status":"publish","type":"product","link":"https:\/\/www.fabioferro.eu\/de\/giovanni-raspini-schluesselanhaenger-braun.html","title":{"rendered":"Giovanni Raspini Schl\u00fcsselanh\u00e4nger Braun"},"content":{"rendered":"<p>Farbige Edition von Anh\u00e4ngern mit Siamit und 925\/1000 Silber.<\/p>\n<p>Ausgestattet mit dem Raspini Trikot-Logo.<\/p>\n<p>Gesamtgewicht 2 g.<\/p>\n<p>H\u00f6he 2,0 cm ohne 0,9 cm Maschenweite.<\/p>\n<p>Handgefertigt, hergestellt in Italien.<\/p>\n<p>Mit offizieller Garantie und Verpackung von Giovanni Raspini.<\/p>\n","protected":false},"excerpt":{"rendered":"<p>Der braune Siamit harmoniert gut mit dem Glanz des Silbers.<\/p>\n","protected":false},"featured_media":124255,"comment_status":"open","ping_status":"closed","template":"","meta":[],"product_brand":[155],"product_cat":[7575,7576],"product_tag":[7442],"class_list":{"0":"post-124244","1":"product","2":"type-product","3":"status-publish","4":"has-post-thumbnail","6":"product_brand-raspini","7":"product_cat-do-it-yourself-schmuck-giovanni-raspini","8":"product_cat-giovanni-raspini-reize","9":"product_tag-verfugbar","11":"first","12":"instock","13":"sale","14":"taxable","15":"shipping-taxable","16":"purchasable","17":"product-type-simple"},"exclude_global_add_ons":[],"addons":[],"df_price":45,"df_sale_price":45,"df_regular_price":50,"df_image_link":"https:\/\/cdn02.fabioferro.eu\/wp-content\/uploads\/virtuemart\/product\/charm_giovanni_raspini_chiave_color_10979__1602341026_352.jpg","_links":{"self":[{"href":"https:\/\/www.fabioferro.eu\/de\/wp-json\/wp\/v2\/product\/124244","targetHints":{"allow":["GET"]}}],"collection":[{"href":"https:\/\/www.fabioferro.eu\/de\/wp-json\/wp\/v2\/product"}],"about":[{"href":"https:\/\/www.fabioferro.eu\/de\/wp-json\/wp\/v2\/types\/product"}],"replies":[{"embeddable":true,"href":"https:\/\/www.fabioferro.eu\/de\/wp-json\/wp\/v2\/comments?post=124244"}],"version-history":[{"count":0,"href":"https:\/\/www.fabioferro.eu\/de\/wp-json\/wp\/v2\/product\/124244\/revisions"}],"wp:featuredmedia":[{"embeddable":true,"href":"https:\/\/www.fabioferro.eu\/de\/wp-json\/wp\/v2\/media\/124255"}],"wp:attachment":[{"href":"https:\/\/www.fabioferro.eu\/de\/wp-json\/wp\/v2\/media?parent=124244"}],"wp:term":[{"taxonomy":"product_brand","embeddable":true,"href":"https:\/\/www.fabioferro.eu\/de\/wp-json\/wp\/v2\/product_brand?post=124244"},{"taxonomy":"product_cat","embeddable":true,"href":"https:\/\/www.fabioferro.eu\/de\/wp-json\/wp\/v2\/product_cat?post=124244"},{"taxonomy":"product_tag","embeddable":true,"href":"https:\/\/www.fabioferro.eu\/de\/wp-json\/wp\/v2\/product_tag?post=124244"}],"curies":[{"name":"wp","href":"https:\/\/api.w.org\/{rel}","templated":true}]}}