{"id":124248,"date":"2020-09-23T16:07:13","date_gmt":"2020-09-23T14:07:13","guid":{"rendered":"https:\/\/www.fabioferro.eu\/charme-giovanni-raspini-big-ben-925-sterling-silber-uhr.html"},"modified":"2025-06-06T16:14:09","modified_gmt":"2025-06-06T14:14:09","slug":"charme-giovanni-raspini-big-ben-925-sterling-silber-uhr","status":"publish","type":"product","link":"https:\/\/www.fabioferro.eu\/de\/charme-giovanni-raspini-big-ben-925-sterling-silber-uhr.html","title":{"rendered":"Charme Giovanni Raspini Big Ben 925 Sterling Silber Uhr"},"content":{"rendered":"<p>Charme aus 925\/1000 Silber.<\/p>\n<p>Ausgestattet mit Raspini-Logo-Jersey.<\/p>\n<p>Handgefertigt, Hergestellt in Italien.<\/p>\n<p>Gesamtgewicht 4 g.<\/p>\n<p>H\u00f6he 3,5 cm.<\/p>\n<p>Begleitet von einer Giovanni Raspini Garantie und Verpackung.<\/p>\n","protected":false},"excerpt":{"rendered":"<p>Englischer Big-Ben-Anh\u00e4nger f\u00fcr Ihren Schl\u00fcsselring oder Ihr Armband.<\/p>\n","protected":false},"featured_media":124257,"comment_status":"open","ping_status":"closed","template":"","meta":[],"product_brand":[155],"product_cat":[7575,7576,7578],"product_tag":[],"class_list":{"0":"post-124248","1":"product","2":"type-product","3":"status-publish","4":"has-post-thumbnail","6":"product_brand-raspini","7":"product_cat-do-it-yourself-schmuck-giovanni-raspini","8":"product_cat-giovanni-raspini-reize","9":"product_cat-raspini-charms-fur-veranstaltung-de","11":"first","12":"instock","13":"sale","14":"taxable","15":"shipping-taxable","16":"purchasable","17":"product-type-simple"},"exclude_global_add_ons":[],"addons":[],"df_price":36,"df_sale_price":36,"df_regular_price":40,"df_image_link":"https:\/\/cdn02.fabioferro.eu\/wp-content\/uploads\/virtuemart\/product\/charm_giovanni_raspini_big_ben_9330__1600877337_799.jpg","_links":{"self":[{"href":"https:\/\/www.fabioferro.eu\/de\/wp-json\/wp\/v2\/product\/124248","targetHints":{"allow":["GET"]}}],"collection":[{"href":"https:\/\/www.fabioferro.eu\/de\/wp-json\/wp\/v2\/product"}],"about":[{"href":"https:\/\/www.fabioferro.eu\/de\/wp-json\/wp\/v2\/types\/product"}],"replies":[{"embeddable":true,"href":"https:\/\/www.fabioferro.eu\/de\/wp-json\/wp\/v2\/comments?post=124248"}],"version-history":[{"count":0,"href":"https:\/\/www.fabioferro.eu\/de\/wp-json\/wp\/v2\/product\/124248\/revisions"}],"wp:featuredmedia":[{"embeddable":true,"href":"https:\/\/www.fabioferro.eu\/de\/wp-json\/wp\/v2\/media\/124257"}],"wp:attachment":[{"href":"https:\/\/www.fabioferro.eu\/de\/wp-json\/wp\/v2\/media?parent=124248"}],"wp:term":[{"taxonomy":"product_brand","embeddable":true,"href":"https:\/\/www.fabioferro.eu\/de\/wp-json\/wp\/v2\/product_brand?post=124248"},{"taxonomy":"product_cat","embeddable":true,"href":"https:\/\/www.fabioferro.eu\/de\/wp-json\/wp\/v2\/product_cat?post=124248"},{"taxonomy":"product_tag","embeddable":true,"href":"https:\/\/www.fabioferro.eu\/de\/wp-json\/wp\/v2\/product_tag?post=124248"}],"curies":[{"name":"wp","href":"https:\/\/api.w.org\/{rel}","templated":true}]}}