{"id":124260,"date":"2020-09-19T09:26:22","date_gmt":"2020-09-19T07:26:22","guid":{"rendered":"https:\/\/www.fabioferro.eu\/comete-gioielli-district-armband-aus-satinierten-haematit-perlen-mit-facettenschliff.html"},"modified":"2024-04-12T09:19:09","modified_gmt":"2024-04-12T07:19:09","slug":"comete-gioielli-district-armband-aus-satinierten-haematit-perlen-mit-facettenschliff","status":"publish","type":"product","link":"https:\/\/www.fabioferro.eu\/de\/comete-gioielli-district-armband-aus-satinierten-haematit-perlen-mit-facettenschliff.html","title":{"rendered":"Comete Gioielli District Armband aus satinierten H\u00e4matit-Perlen mit Facettenschliff"},"content":{"rendered":"<p>Herrenarmband der District-Kollektion aus rostfreiem Stahl.<\/p>\n<p>Gemischte Konstruktion aus poliertem und mattiertem Stahl, H\u00e4matitsteine. L\u00e4nge des Armbands 22 cm.<\/p>\n<p>Praktischer verdeckter Verschluss.<\/p>\n<p>Original Comete Gioielli Box und Garantie.<\/p>\n","protected":false},"excerpt":{"rendered":"<p>Wundersch\u00f6n gearbeitetes Armband aus Stahl, br\u00fcniert und satiniert f\u00fcr einen einzigartigen optischen Effekt.<\/p>\n","protected":false},"featured_media":124270,"comment_status":"open","ping_status":"closed","template":"","meta":[],"product_brand":[157],"product_cat":[6341],"product_tag":[],"class_list":{"0":"post-124260","1":"product","2":"type-product","3":"status-publish","4":"has-post-thumbnail","6":"product_brand-comete","7":"product_cat-comete-armbander-manner","9":"first","10":"outofstock","11":"sale","12":"taxable","13":"shipping-taxable","14":"purchasable","15":"product-type-simple"},"exclude_global_add_ons":[],"addons":[],"df_price":41.4,"df_sale_price":41.4,"df_regular_price":46,"df_image_link":"https:\/\/cdn02.fabioferro.eu\/wp-content\/uploads\/virtuemart\/product\/bracciale_comete_gioielli_acciaio_district_UBR_923__1600507702_22.jpeg","_links":{"self":[{"href":"https:\/\/www.fabioferro.eu\/de\/wp-json\/wp\/v2\/product\/124260","targetHints":{"allow":["GET"]}}],"collection":[{"href":"https:\/\/www.fabioferro.eu\/de\/wp-json\/wp\/v2\/product"}],"about":[{"href":"https:\/\/www.fabioferro.eu\/de\/wp-json\/wp\/v2\/types\/product"}],"replies":[{"embeddable":true,"href":"https:\/\/www.fabioferro.eu\/de\/wp-json\/wp\/v2\/comments?post=124260"}],"version-history":[{"count":0,"href":"https:\/\/www.fabioferro.eu\/de\/wp-json\/wp\/v2\/product\/124260\/revisions"}],"wp:featuredmedia":[{"embeddable":true,"href":"https:\/\/www.fabioferro.eu\/de\/wp-json\/wp\/v2\/media\/124270"}],"wp:attachment":[{"href":"https:\/\/www.fabioferro.eu\/de\/wp-json\/wp\/v2\/media?parent=124260"}],"wp:term":[{"taxonomy":"product_brand","embeddable":true,"href":"https:\/\/www.fabioferro.eu\/de\/wp-json\/wp\/v2\/product_brand?post=124260"},{"taxonomy":"product_cat","embeddable":true,"href":"https:\/\/www.fabioferro.eu\/de\/wp-json\/wp\/v2\/product_cat?post=124260"},{"taxonomy":"product_tag","embeddable":true,"href":"https:\/\/www.fabioferro.eu\/de\/wp-json\/wp\/v2\/product_tag?post=124260"}],"curies":[{"name":"wp","href":"https:\/\/api.w.org\/{rel}","templated":true}]}}