{"id":124286,"date":"2020-08-05T09:12:14","date_gmt":"2020-08-05T07:12:14","guid":{"rendered":"https:\/\/www.fabioferro.eu\/original-tibetisches-gebetsrad-silberarmband-2.html"},"modified":"2024-09-18T15:55:03","modified_gmt":"2024-09-18T13:55:03","slug":"original-tibetisches-gebetsrad-silberarmband-2","status":"publish","type":"product","link":"https:\/\/www.fabioferro.eu\/de\/original-tibetisches-gebetsrad-silberarmband-2.html","title":{"rendered":"Original tibetisches Gebetsrad Silberarmband"},"content":{"rendered":"<p>Unisex-Armband Original Tibetan Tamashii Prayer Collection mit Silbereinlagen. Das Armband ist mit 14 gleich gro\u00dfen Kugeln in Tibetisch und einer gr\u00f6\u00dferen in 925er Sterlingsilber graviert und handgekn\u00fcpft. Die Gesamtl\u00e4nge des Armbands betr\u00e4gt 24,00 cm, aber es kann auch bis zu 18,00 cm getragen werden. Der Knopfverschluss ist in Silber gehalten. Was dieses Juwel einzigartig macht, ist die Tatsache, dass es von tibetischen M\u00f6nchen hergestellt und gesegnet wird. Neues Produkt in Originalverpackung mit Tamashii-Echtheitsgarantie.<\/p>\n","protected":false},"excerpt":{"rendered":"<p>Eine von tibetischen M\u00f6nchen gesegnete Gebetsm\u00fchle, die Gl\u00fcck und Wohlstand bringt.<\/p>\n","protected":false},"featured_media":124291,"comment_status":"open","ping_status":"closed","template":"","meta":[],"product_brand":[199],"product_cat":[6318],"product_tag":[],"class_list":{"0":"post-124286","1":"product","2":"type-product","3":"status-publish","4":"has-post-thumbnail","6":"product_brand-tamashii","7":"product_cat-tamashii","9":"first","10":"instock","11":"taxable","12":"shipping-taxable","13":"purchasable","14":"product-type-simple"},"exclude_global_add_ons":[],"addons":[],"df_price":199,"df_sale_price":"","df_regular_price":199,"df_image_link":"https:\/\/cdn02.fabioferro.eu\/wp-content\/uploads\/virtuemart\/product\/bracciale_tamashii_ruota_della_preghiera_in_argento_BHS924_S4__1596618784_648.jpg","_links":{"self":[{"href":"https:\/\/www.fabioferro.eu\/de\/wp-json\/wp\/v2\/product\/124286","targetHints":{"allow":["GET"]}}],"collection":[{"href":"https:\/\/www.fabioferro.eu\/de\/wp-json\/wp\/v2\/product"}],"about":[{"href":"https:\/\/www.fabioferro.eu\/de\/wp-json\/wp\/v2\/types\/product"}],"replies":[{"embeddable":true,"href":"https:\/\/www.fabioferro.eu\/de\/wp-json\/wp\/v2\/comments?post=124286"}],"version-history":[{"count":0,"href":"https:\/\/www.fabioferro.eu\/de\/wp-json\/wp\/v2\/product\/124286\/revisions"}],"wp:featuredmedia":[{"embeddable":true,"href":"https:\/\/www.fabioferro.eu\/de\/wp-json\/wp\/v2\/media\/124291"}],"wp:attachment":[{"href":"https:\/\/www.fabioferro.eu\/de\/wp-json\/wp\/v2\/media?parent=124286"}],"wp:term":[{"taxonomy":"product_brand","embeddable":true,"href":"https:\/\/www.fabioferro.eu\/de\/wp-json\/wp\/v2\/product_brand?post=124286"},{"taxonomy":"product_cat","embeddable":true,"href":"https:\/\/www.fabioferro.eu\/de\/wp-json\/wp\/v2\/product_cat?post=124286"},{"taxonomy":"product_tag","embeddable":true,"href":"https:\/\/www.fabioferro.eu\/de\/wp-json\/wp\/v2\/product_tag?post=124286"}],"curies":[{"name":"wp","href":"https:\/\/api.w.org\/{rel}","templated":true}]}}