{"id":124319,"date":"2020-07-01T07:32:00","date_gmt":"2020-07-01T05:32:00","guid":{"rendered":"https:\/\/www.fabioferro.eu\/original-tibetisches-wasser-gruen-jade-tamashii-armband-mit-6-mm-stein.html"},"modified":"2024-09-05T18:24:49","modified_gmt":"2024-09-05T16:24:49","slug":"original-tibetisches-wasser-gruen-jade-tamashii-armband-mit-6-mm-stein","status":"publish","type":"product","link":"https:\/\/www.fabioferro.eu\/de\/original-tibetisches-wasser-gruen-jade-tamashii-armband-mit-6-mm-stein.html","title":{"rendered":"Original Tibetisches Wasser Gr\u00fcn Jade Tamashii Armband mit 6 mm Stein"},"content":{"rendered":"<p>Bedeutung: Die alten Chinesen der \u00f6stlichen Han-Dynastie definierten Jade (yu) in ihrem ersten W\u00f6rterbuch als &#8216;der sch\u00f6nste Stein&#8217;. Zu den zahlreichen Eigenschaften dieses Steins in seiner blaugr\u00fcnen Variante geh\u00f6rt, dass er Kinder und \u00e4ltere Menschen auf Reisen besch\u00fctzt und sozusagen reife Liebesbeziehungen unterst\u00fctzt.  &nbsp;  Die Produkte von Tamashii, die mit nat\u00fcrlichen Steinen\/Perlen handgefertigt werden, k\u00f6nnen sich in den Farbt\u00f6nen leicht von den Fotos unterscheiden. Original Unisex tibetisches Tamashii Armband mit gr\u00fcner Jade. Das Armband ist mit 12 gr\u00fcnen Jadeperlen mit einem Durchmesser von 6 mm best\u00fcckt und handgekn\u00fcpft. Die Gesamtl\u00e4nge des Armbands betr\u00e4gt 24,00 cm, aber es kann bis zu 18,00 cm getragen werden. Was dieses Juwel einzigartig macht, ist die Tatsache, dass es von tibetischen M\u00f6nchen hergestellt und gesegnet wird. Neues Produkt in Originalverpackung mit Tamashii-Echtheitsgarantie.<\/p>\n","protected":false},"excerpt":{"rendered":"<p>Originelle Armb\u00e4nder aus Tibet, jedes mit seiner eigenen Bedeutung.<\/p>\n","protected":false},"featured_media":124339,"comment_status":"open","ping_status":"closed","template":"","meta":[],"product_brand":[199],"product_cat":[6318],"product_tag":[],"class_list":{"0":"post-124319","1":"product","2":"type-product","3":"status-publish","4":"has-post-thumbnail","6":"product_brand-tamashii","7":"product_cat-tamashii","9":"first","10":"instock","11":"taxable","12":"shipping-taxable","13":"purchasable","14":"product-type-simple"},"exclude_global_add_ons":[],"addons":[],"df_price":42,"df_sale_price":"","df_regular_price":42,"df_image_link":"https:\/\/cdn02.fabioferro.eu\/wp-content\/uploads\/virtuemart\/product\/bracciale_tamashii_originale_giada_acqua_verde_BHS601_200__1593588733_563.jpg","_links":{"self":[{"href":"https:\/\/www.fabioferro.eu\/de\/wp-json\/wp\/v2\/product\/124319","targetHints":{"allow":["GET"]}}],"collection":[{"href":"https:\/\/www.fabioferro.eu\/de\/wp-json\/wp\/v2\/product"}],"about":[{"href":"https:\/\/www.fabioferro.eu\/de\/wp-json\/wp\/v2\/types\/product"}],"replies":[{"embeddable":true,"href":"https:\/\/www.fabioferro.eu\/de\/wp-json\/wp\/v2\/comments?post=124319"}],"version-history":[{"count":0,"href":"https:\/\/www.fabioferro.eu\/de\/wp-json\/wp\/v2\/product\/124319\/revisions"}],"wp:featuredmedia":[{"embeddable":true,"href":"https:\/\/www.fabioferro.eu\/de\/wp-json\/wp\/v2\/media\/124339"}],"wp:attachment":[{"href":"https:\/\/www.fabioferro.eu\/de\/wp-json\/wp\/v2\/media?parent=124319"}],"wp:term":[{"taxonomy":"product_brand","embeddable":true,"href":"https:\/\/www.fabioferro.eu\/de\/wp-json\/wp\/v2\/product_brand?post=124319"},{"taxonomy":"product_cat","embeddable":true,"href":"https:\/\/www.fabioferro.eu\/de\/wp-json\/wp\/v2\/product_cat?post=124319"},{"taxonomy":"product_tag","embeddable":true,"href":"https:\/\/www.fabioferro.eu\/de\/wp-json\/wp\/v2\/product_tag?post=124319"}],"curies":[{"name":"wp","href":"https:\/\/api.w.org\/{rel}","templated":true}]}}