{"id":124328,"date":"2020-07-28T15:20:51","date_gmt":"2020-07-28T13:20:51","guid":{"rendered":"https:\/\/www.fabioferro.eu\/tamashii-mudra-gestreifte-halskette-aus-gelbem-achat.html"},"modified":"2020-07-28T15:20:51","modified_gmt":"2020-07-28T13:20:51","slug":"tamashii-mudra-gestreifte-halskette-aus-gelbem-achat","status":"publish","type":"product","link":"https:\/\/www.fabioferro.eu\/de\/tamashii-mudra-gestreifte-halskette-aus-gelbem-achat.html","title":{"rendered":"Tamashii Mudra Gestreifte Halskette aus gelbem Achat"},"content":{"rendered":"<p>Tamashii-Produkte, die mit nat\u00fcrlichen Steinen\/Perlen handgefertigt werden, k\u00f6nnen Farbt\u00f6ne aufweisen, die leicht von den Fotos abweichen.<\/p>\n<p>Unisex Tamashii Original tibetische Halskette mit 61 nat\u00fcrlichen gelben Achatperlen komplett mit Kalebasse, Vajra und Glocke.<\/p>\n<p>Der<strong> Vajra<\/strong> und die <strong>Glocke<\/strong> stellen koexistierende Gegens\u00e4tze dar: Die Glocke ist ein Symbol f\u00fcr die weibliche Seite, den physischen K\u00f6rper, w\u00e4hrend der Vajra f\u00fcr die m\u00e4nnliche Seite, den Geist, steht. Bei buddhistischen Ritualen wird der Vajra in der rechten Hand und die Glocke in der linken Hand gehalten.<\/p>\n<p>Die Halskette hat eine Gesamtl\u00e4nge von 42 cm, nur eine Gr\u00f6\u00dfe.<\/p>\n<p>Was dieses Juwel einzigartig macht, ist die Tatsache, dass es von tibetischen M\u00f6nchen hergestellt und gesegnet wird.<\/p>\n<p>Neues Produkt in Originalverpackung mit Tamashii-Echtheitsgarantie.<\/p>\n","protected":false},"excerpt":{"rendered":"<p>Eine Aura von Energie umgibt diese Halskette, als w\u00e4re sie mit Magie durchdrungen.<\/p>\n","protected":false},"featured_media":124342,"comment_status":"open","ping_status":"closed","template":"","meta":[],"product_brand":[199],"product_cat":[6318],"product_tag":[7442],"class_list":{"0":"post-124328","1":"product","2":"type-product","3":"status-publish","4":"has-post-thumbnail","6":"product_brand-tamashii","7":"product_cat-tamashii","8":"product_tag-verfugbar","10":"first","11":"instock","12":"taxable","13":"shipping-taxable","14":"purchasable","15":"product-type-simple"},"exclude_global_add_ons":[],"addons":[],"df_price":98,"df_sale_price":"","df_regular_price":98,"df_image_link":"https:\/\/cdn02.fabioferro.eu\/wp-content\/uploads\/virtuemart\/product\/NHS1500_155__1595949706_541.jpg","_links":{"self":[{"href":"https:\/\/www.fabioferro.eu\/de\/wp-json\/wp\/v2\/product\/124328","targetHints":{"allow":["GET"]}}],"collection":[{"href":"https:\/\/www.fabioferro.eu\/de\/wp-json\/wp\/v2\/product"}],"about":[{"href":"https:\/\/www.fabioferro.eu\/de\/wp-json\/wp\/v2\/types\/product"}],"replies":[{"embeddable":true,"href":"https:\/\/www.fabioferro.eu\/de\/wp-json\/wp\/v2\/comments?post=124328"}],"version-history":[{"count":0,"href":"https:\/\/www.fabioferro.eu\/de\/wp-json\/wp\/v2\/product\/124328\/revisions"}],"wp:featuredmedia":[{"embeddable":true,"href":"https:\/\/www.fabioferro.eu\/de\/wp-json\/wp\/v2\/media\/124342"}],"wp:attachment":[{"href":"https:\/\/www.fabioferro.eu\/de\/wp-json\/wp\/v2\/media?parent=124328"}],"wp:term":[{"taxonomy":"product_brand","embeddable":true,"href":"https:\/\/www.fabioferro.eu\/de\/wp-json\/wp\/v2\/product_brand?post=124328"},{"taxonomy":"product_cat","embeddable":true,"href":"https:\/\/www.fabioferro.eu\/de\/wp-json\/wp\/v2\/product_cat?post=124328"},{"taxonomy":"product_tag","embeddable":true,"href":"https:\/\/www.fabioferro.eu\/de\/wp-json\/wp\/v2\/product_tag?post=124328"}],"curies":[{"name":"wp","href":"https:\/\/api.w.org\/{rel}","templated":true}]}}