{"id":124338,"date":"2020-07-22T14:19:50","date_gmt":"2020-07-22T12:19:50","guid":{"rendered":"https:\/\/www.fabioferro.eu\/giovanni-raspini-ring-via-lattea-grande-aus-silber-und-labradorit.html"},"modified":"2024-10-30T10:08:16","modified_gmt":"2024-10-30T09:08:16","slug":"giovanni-raspini-ring-via-lattea-grande-aus-silber-und-labradorit","status":"publish","type":"product","link":"https:\/\/www.fabioferro.eu\/de\/giovanni-raspini-ring-via-lattea-grande-aus-silber-und-labradorit.html","title":{"rendered":"Giovanni Raspini Ring Via Lattea Grande aus Silber und Labradorit"},"content":{"rendered":"<p>Ring der Kollektion Via Lattea aus 925\/1000er Silber, vollst\u00e4ndig handgefertigt, Made in Italy. Handgefertigtes Silber, besetzt mit Labradorit-Steinen, auch bekannt als &#8220;Mondstein&#8221; oder &#8220;Mondblume&#8221;. Gesamtgewicht 21 g. Wird mit Box, Einkaufstasche und offizieller Giovanni Raspini-Garantie geliefert.<\/p>\n","protected":false},"excerpt":{"rendered":"<p>Der Blick in den Himmel, um die Milchstra\u00dfe zu sehen, ist ein einzigartiges Gef\u00fchl, ebenso wie das Tragen dieses Rings, der ihrer Form \u00e4hnelt.<\/p>\n","protected":false},"featured_media":124362,"comment_status":"open","ping_status":"closed","template":"","meta":[],"product_brand":[],"product_cat":[7572],"product_tag":[],"class_list":{"0":"post-124338","1":"product","2":"type-product","3":"status-publish","4":"has-post-thumbnail","6":"product_cat-ringe-giovanni-raspini","8":"first","9":"instock","10":"sale","11":"taxable","12":"shipping-taxable","13":"purchasable","14":"product-type-variable","15":"has-default-attributes"},"exclude_global_add_ons":[],"addons":[],"df_price":319.5,"df_sale_price":"","df_regular_price":319.5,"df_image_link":"https:\/\/cdn02.fabioferro.eu\/wp-content\/uploads\/virtuemart\/product\/anello_giovanni_raspini_via_lattea_grande_9958__1595427670_226.jpg","_links":{"self":[{"href":"https:\/\/www.fabioferro.eu\/de\/wp-json\/wp\/v2\/product\/124338","targetHints":{"allow":["GET"]}}],"collection":[{"href":"https:\/\/www.fabioferro.eu\/de\/wp-json\/wp\/v2\/product"}],"about":[{"href":"https:\/\/www.fabioferro.eu\/de\/wp-json\/wp\/v2\/types\/product"}],"replies":[{"embeddable":true,"href":"https:\/\/www.fabioferro.eu\/de\/wp-json\/wp\/v2\/comments?post=124338"}],"version-history":[{"count":0,"href":"https:\/\/www.fabioferro.eu\/de\/wp-json\/wp\/v2\/product\/124338\/revisions"}],"wp:featuredmedia":[{"embeddable":true,"href":"https:\/\/www.fabioferro.eu\/de\/wp-json\/wp\/v2\/media\/124362"}],"wp:attachment":[{"href":"https:\/\/www.fabioferro.eu\/de\/wp-json\/wp\/v2\/media?parent=124338"}],"wp:term":[{"taxonomy":"product_brand","embeddable":true,"href":"https:\/\/www.fabioferro.eu\/de\/wp-json\/wp\/v2\/product_brand?post=124338"},{"taxonomy":"product_cat","embeddable":true,"href":"https:\/\/www.fabioferro.eu\/de\/wp-json\/wp\/v2\/product_cat?post=124338"},{"taxonomy":"product_tag","embeddable":true,"href":"https:\/\/www.fabioferro.eu\/de\/wp-json\/wp\/v2\/product_tag?post=124338"}],"curies":[{"name":"wp","href":"https:\/\/api.w.org\/{rel}","templated":true}]}}