{"id":124382,"date":"2020-07-21T15:42:17","date_gmt":"2020-07-21T13:42:17","guid":{"rendered":"https:\/\/www.fabioferro.eu\/giovanni-raspini-margherit-mini-ring.html"},"modified":"2024-10-30T10:09:59","modified_gmt":"2024-10-30T09:09:59","slug":"giovanni-raspini-margherit-mini-ring","status":"publish","type":"product","link":"https:\/\/www.fabioferro.eu\/de\/giovanni-raspini-margherit-mini-ring.html","title":{"rendered":"Giovanni Raspini Margherit Mini-Ring"},"content":{"rendered":"<p>Silberring 925\/1000 Giovanni Raspini. Silberring mit G\u00e4nsebl\u00fcmchen. In Italien handgefertigtes Schmuckst\u00fcck. Neuer Artikel mit original Giovanni Raspini Box und Garantie.<\/p>\n","protected":false},"excerpt":{"rendered":"<p>Giovanni Raspini Damenring in Form eines G\u00e4nsebl\u00fcmchens.<\/p>\n","protected":false},"featured_media":124396,"comment_status":"open","ping_status":"closed","template":"","meta":[],"product_brand":[],"product_cat":[7572],"product_tag":[],"class_list":{"0":"post-124382","1":"product","2":"type-product","3":"status-publish","4":"has-post-thumbnail","6":"product_cat-ringe-giovanni-raspini","8":"first","9":"instock","10":"sale","11":"taxable","12":"shipping-taxable","13":"purchasable","14":"product-type-variable","15":"has-default-attributes"},"exclude_global_add_ons":[],"addons":[],"df_price":126,"df_sale_price":"","df_regular_price":126,"df_image_link":"https:\/\/cdn02.fabioferro.eu\/wp-content\/uploads\/virtuemart\/product\/anello_giovanni_raspini_fascia_margherite_mini_10617__1595346143_182.jpg","_links":{"self":[{"href":"https:\/\/www.fabioferro.eu\/de\/wp-json\/wp\/v2\/product\/124382","targetHints":{"allow":["GET"]}}],"collection":[{"href":"https:\/\/www.fabioferro.eu\/de\/wp-json\/wp\/v2\/product"}],"about":[{"href":"https:\/\/www.fabioferro.eu\/de\/wp-json\/wp\/v2\/types\/product"}],"replies":[{"embeddable":true,"href":"https:\/\/www.fabioferro.eu\/de\/wp-json\/wp\/v2\/comments?post=124382"}],"version-history":[{"count":0,"href":"https:\/\/www.fabioferro.eu\/de\/wp-json\/wp\/v2\/product\/124382\/revisions"}],"wp:featuredmedia":[{"embeddable":true,"href":"https:\/\/www.fabioferro.eu\/de\/wp-json\/wp\/v2\/media\/124396"}],"wp:attachment":[{"href":"https:\/\/www.fabioferro.eu\/de\/wp-json\/wp\/v2\/media?parent=124382"}],"wp:term":[{"taxonomy":"product_brand","embeddable":true,"href":"https:\/\/www.fabioferro.eu\/de\/wp-json\/wp\/v2\/product_brand?post=124382"},{"taxonomy":"product_cat","embeddable":true,"href":"https:\/\/www.fabioferro.eu\/de\/wp-json\/wp\/v2\/product_cat?post=124382"},{"taxonomy":"product_tag","embeddable":true,"href":"https:\/\/www.fabioferro.eu\/de\/wp-json\/wp\/v2\/product_tag?post=124382"}],"curies":[{"name":"wp","href":"https:\/\/api.w.org\/{rel}","templated":true}]}}