{"id":124433,"date":"2020-06-23T17:28:25","date_gmt":"2020-06-23T15:28:25","guid":{"rendered":"https:\/\/www.fabioferro.eu\/fope-vendome-collection-ohrringe-aus-gelbgold-mit-diamanten.html"},"modified":"2026-01-09T16:30:33","modified_gmt":"2026-01-09T15:30:33","slug":"fope-vendome-collection-ohrringe-aus-gelbgold-mit-diamanten","status":"publish","type":"product","link":"https:\/\/www.fabioferro.eu\/de\/fope-vendome-collection-ohrringe-aus-gelbgold-mit-diamanten.html","title":{"rendered":"Fope Vendome Collection Ohrringe aus Gelbgold mit Diamanten"},"content":{"rendered":"<p>Handgefertigtes Schmuckst\u00fcck mit fachm\u00e4nnischer Goldschmiedetechnik. Ohrringe der Kollektion Fope Prima aus 18K Gelbgold. Die Dicke des Schmuckst\u00fccks betr\u00e4gt 3 mm, die Breite 9 mm.<\/p>\n<p>Die H\u00f6he des Hauptelements betr\u00e4gt 9 mm. Die Diamanten sind fein gefasst, Farbe G, Reinheit VS1. Die Steine haben ein Gewicht von 0,20 Karat. Handgefertigt in Vicenza, vollst\u00e4ndig Made in Italy. Die Ohrringe werden von der offiziellen Fope-Box und Garantie begleitet.<\/p>\n","protected":false},"excerpt":{"rendered":"<p>Ein Paar wundersch\u00f6ne handgefertigte Schmuckst\u00fccke f\u00fcr die raffiniertesten Frauen.<\/p>\n","protected":false},"featured_media":124472,"comment_status":"open","ping_status":"closed","template":"","meta":[],"product_brand":[154],"product_cat":[5937],"product_tag":[7442],"class_list":{"0":"post-124433","1":"product","2":"type-product","3":"status-publish","4":"has-post-thumbnail","6":"product_brand-fope","7":"product_cat-fope-ohrringe","8":"product_tag-verfugbar","10":"first","11":"instock","12":"taxable","13":"shipping-taxable","14":"purchasable","15":"product-type-simple"},"exclude_global_add_ons":[],"addons":[],"df_price":3680,"df_sale_price":"","df_regular_price":3680,"df_image_link":"https:\/\/cdn02.fabioferro.eu\/wp-content\/uploads\/virtuemart\/product\/orecchini_fope_collezione_vendome_in_oro_giallo_con_diamanti_OR560_BBR_GB__1592933450_978.jpg","_links":{"self":[{"href":"https:\/\/www.fabioferro.eu\/de\/wp-json\/wp\/v2\/product\/124433","targetHints":{"allow":["GET"]}}],"collection":[{"href":"https:\/\/www.fabioferro.eu\/de\/wp-json\/wp\/v2\/product"}],"about":[{"href":"https:\/\/www.fabioferro.eu\/de\/wp-json\/wp\/v2\/types\/product"}],"replies":[{"embeddable":true,"href":"https:\/\/www.fabioferro.eu\/de\/wp-json\/wp\/v2\/comments?post=124433"}],"version-history":[{"count":1,"href":"https:\/\/www.fabioferro.eu\/de\/wp-json\/wp\/v2\/product\/124433\/revisions"}],"predecessor-version":[{"id":206821,"href":"https:\/\/www.fabioferro.eu\/de\/wp-json\/wp\/v2\/product\/124433\/revisions\/206821"}],"wp:featuredmedia":[{"embeddable":true,"href":"https:\/\/www.fabioferro.eu\/de\/wp-json\/wp\/v2\/media\/124472"}],"wp:attachment":[{"href":"https:\/\/www.fabioferro.eu\/de\/wp-json\/wp\/v2\/media?parent=124433"}],"wp:term":[{"taxonomy":"product_brand","embeddable":true,"href":"https:\/\/www.fabioferro.eu\/de\/wp-json\/wp\/v2\/product_brand?post=124433"},{"taxonomy":"product_cat","embeddable":true,"href":"https:\/\/www.fabioferro.eu\/de\/wp-json\/wp\/v2\/product_cat?post=124433"},{"taxonomy":"product_tag","embeddable":true,"href":"https:\/\/www.fabioferro.eu\/de\/wp-json\/wp\/v2\/product_tag?post=124433"}],"curies":[{"name":"wp","href":"https:\/\/api.w.org\/{rel}","templated":true}]}}