{"id":124478,"date":"2020-07-02T07:43:19","date_gmt":"2020-07-02T05:43:19","guid":{"rendered":"https:\/\/www.fabioferro.eu\/original-tibetisches-tamashii-gebetsrad-armband-aus-sterlingsilber.html"},"modified":"2024-10-30T10:09:46","modified_gmt":"2024-10-30T09:09:46","slug":"original-tibetisches-tamashii-gebetsrad-armband-aus-sterlingsilber","status":"publish","type":"product","link":"https:\/\/www.fabioferro.eu\/de\/original-tibetisches-tamashii-gebetsrad-armband-aus-sterlingsilber.html","title":{"rendered":"Original tibetisches Tamashii Gebetsrad-Armband aus Sterlingsilber"},"content":{"rendered":"<p>Unisex-Armband Original Tibetan Tamashii Prayer Collection mit Silbereinlagen.<\/p>\n<p>Das Armband ist mit 15 6 mm gro\u00dfen tibetischen gravierten Perlen und einer gr\u00f6\u00dferen 10 mm gro\u00dfen Perle aus 925er Sterlingsilber best\u00fcckt und handgekn\u00fcpft.<\/p>\n<p>Die Gesamtl\u00e4nge des Armbands betr\u00e4gt 24,00 cm, aber es kann auch bis zu 18,00 cm getragen werden. Der Knopfverschluss ist in Silber gehalten.<\/p>\n<p>Was dieses Juwel einzigartig macht, ist die Tatsache, dass es von tibetischen M\u00f6nchen hergestellt und gesegnet wird.<\/p>\n<p>Neues Produkt in Originalverpackung mit Tamashii-Echtheitsgarantie.<\/p>\n","protected":false},"excerpt":{"rendered":"<p>Ein Armband mit spiritueller Kraft, verziert mit Einlegearbeiten aus Sterlingsilber.<\/p>\n","protected":false},"featured_media":124495,"comment_status":"open","ping_status":"closed","template":"","meta":[],"product_brand":[199],"product_cat":[6318],"product_tag":[],"class_list":{"0":"post-124478","1":"product","2":"type-product","3":"status-publish","4":"has-post-thumbnail","6":"product_brand-tamashii","7":"product_cat-tamashii","9":"first","10":"instock","11":"taxable","12":"shipping-taxable","13":"purchasable","14":"product-type-simple"},"exclude_global_add_ons":[],"addons":[],"df_price":220,"df_sale_price":"","df_regular_price":220,"df_image_link":"https:\/\/cdn02.fabioferro.eu\/wp-content\/uploads\/virtuemart\/product\/bracciale_tamashii_ruota_della_preghiera_in_argento_bhs924_s2__1593675809_927.jpg","_links":{"self":[{"href":"https:\/\/www.fabioferro.eu\/de\/wp-json\/wp\/v2\/product\/124478","targetHints":{"allow":["GET"]}}],"collection":[{"href":"https:\/\/www.fabioferro.eu\/de\/wp-json\/wp\/v2\/product"}],"about":[{"href":"https:\/\/www.fabioferro.eu\/de\/wp-json\/wp\/v2\/types\/product"}],"replies":[{"embeddable":true,"href":"https:\/\/www.fabioferro.eu\/de\/wp-json\/wp\/v2\/comments?post=124478"}],"version-history":[{"count":0,"href":"https:\/\/www.fabioferro.eu\/de\/wp-json\/wp\/v2\/product\/124478\/revisions"}],"wp:featuredmedia":[{"embeddable":true,"href":"https:\/\/www.fabioferro.eu\/de\/wp-json\/wp\/v2\/media\/124495"}],"wp:attachment":[{"href":"https:\/\/www.fabioferro.eu\/de\/wp-json\/wp\/v2\/media?parent=124478"}],"wp:term":[{"taxonomy":"product_brand","embeddable":true,"href":"https:\/\/www.fabioferro.eu\/de\/wp-json\/wp\/v2\/product_brand?post=124478"},{"taxonomy":"product_cat","embeddable":true,"href":"https:\/\/www.fabioferro.eu\/de\/wp-json\/wp\/v2\/product_cat?post=124478"},{"taxonomy":"product_tag","embeddable":true,"href":"https:\/\/www.fabioferro.eu\/de\/wp-json\/wp\/v2\/product_tag?post=124478"}],"curies":[{"name":"wp","href":"https:\/\/api.w.org\/{rel}","templated":true}]}}