{"id":124505,"date":"2020-06-23T16:46:02","date_gmt":"2020-06-23T14:46:02","guid":{"rendered":"https:\/\/www.fabioferro.eu\/fope-prima-collection-ohrringe-aus-gelbgold-und-diamanten.html"},"modified":"2026-01-09T16:30:30","modified_gmt":"2026-01-09T15:30:30","slug":"fope-prima-collection-ohrringe-aus-gelbgold-und-diamanten","status":"publish","type":"product","link":"https:\/\/www.fabioferro.eu\/de\/fope-prima-collection-ohrringe-aus-gelbgold-und-diamanten.html","title":{"rendered":"Fope Prima Collection Ohrringe aus Gelbgold und Diamanten"},"content":{"rendered":"<p>Das Schmuckst\u00fcck wurde vollst\u00e4ndig von Hand aus 18 Karat Gelbgold gefertigt.<\/p>\n<p>Ein Trikot, das durch seine extreme Sch\u00f6nheit f\u00fcr sich selbst spricht. Internationales Fope-Patent. <\/p>\n<p>Juwelenst\u00e4rke 2 mm, Breite 3 mm. Die H\u00f6he des Hauptelements betr\u00e4gt 5 mm.<\/p>\n<p>Die Diamanten sind fein gefasst, Farbe G, Reinheit VS1. Insgesamt sind es 0,18 Karat. <\/p>\n<p>Handgefertigt in Vicenza, komplett Made in Italy.<\/p>\n<p>Die Ohrringe werden von der Verpackung und der offiziellen Fope-Garantie begleitet.<\/p>\n","protected":false},"excerpt":{"rendered":"<p>Ein Paar wundersch\u00f6ne handgefertigte Schmuckst\u00fccke f\u00fcr die raffiniertesten Frauen.<\/p>\n","protected":false},"featured_media":124506,"comment_status":"open","ping_status":"closed","template":"","meta":[],"product_brand":[154],"product_cat":[5937],"product_tag":[7442],"class_list":{"0":"post-124505","1":"product","2":"type-product","3":"status-publish","4":"has-post-thumbnail","6":"product_brand-fope","7":"product_cat-fope-ohrringe","8":"product_tag-verfugbar","10":"first","11":"instock","12":"taxable","13":"shipping-taxable","14":"purchasable","15":"product-type-simple"},"exclude_global_add_ons":[],"addons":[],"df_price":2950,"df_sale_price":"","df_regular_price":2950,"df_image_link":"https:\/\/cdn02.fabioferro.eu\/wp-content\/uploads\/virtuemart\/product\/orecchini_fope_collezione_prima_in_oro_giallo_con_diamanti_OR747_BBR_GB__1592930775_185.jpg","_links":{"self":[{"href":"https:\/\/www.fabioferro.eu\/de\/wp-json\/wp\/v2\/product\/124505","targetHints":{"allow":["GET"]}}],"collection":[{"href":"https:\/\/www.fabioferro.eu\/de\/wp-json\/wp\/v2\/product"}],"about":[{"href":"https:\/\/www.fabioferro.eu\/de\/wp-json\/wp\/v2\/types\/product"}],"replies":[{"embeddable":true,"href":"https:\/\/www.fabioferro.eu\/de\/wp-json\/wp\/v2\/comments?post=124505"}],"version-history":[{"count":1,"href":"https:\/\/www.fabioferro.eu\/de\/wp-json\/wp\/v2\/product\/124505\/revisions"}],"predecessor-version":[{"id":206819,"href":"https:\/\/www.fabioferro.eu\/de\/wp-json\/wp\/v2\/product\/124505\/revisions\/206819"}],"wp:featuredmedia":[{"embeddable":true,"href":"https:\/\/www.fabioferro.eu\/de\/wp-json\/wp\/v2\/media\/124506"}],"wp:attachment":[{"href":"https:\/\/www.fabioferro.eu\/de\/wp-json\/wp\/v2\/media?parent=124505"}],"wp:term":[{"taxonomy":"product_brand","embeddable":true,"href":"https:\/\/www.fabioferro.eu\/de\/wp-json\/wp\/v2\/product_brand?post=124505"},{"taxonomy":"product_cat","embeddable":true,"href":"https:\/\/www.fabioferro.eu\/de\/wp-json\/wp\/v2\/product_cat?post=124505"},{"taxonomy":"product_tag","embeddable":true,"href":"https:\/\/www.fabioferro.eu\/de\/wp-json\/wp\/v2\/product_tag?post=124505"}],"curies":[{"name":"wp","href":"https:\/\/api.w.org\/{rel}","templated":true}]}}