{"id":124507,"date":"2020-06-23T09:24:38","date_gmt":"2020-06-23T07:24:38","guid":{"rendered":"https:\/\/www.fabioferro.eu\/fabio-ferro-fascino-ring-aus-weissgold-gruener-hydrothermalquarz.html"},"modified":"2024-10-30T10:09:42","modified_gmt":"2024-10-30T09:09:42","slug":"fabio-ferro-fascino-ring-aus-weissgold-gruener-hydrothermalquarz","status":"publish","type":"product","link":"https:\/\/www.fabioferro.eu\/de\/fabio-ferro-fascino-ring-aus-weissgold-gruener-hydrothermalquarz.html","title":{"rendered":"Fabio Ferro Fascino Ring aus Wei\u00dfgold Gr\u00fcner Hydrothermalquarz"},"content":{"rendered":"<p>Fabio Ferro i Gioielli Fascino Ring aus 18 Karat Wei\u00dfgold mit einem Gewicht von 3,30 g. Der Ring hat einen gr\u00fcnen hydrothermalen Quarz, der oben von einem Zirkonia umgeben ist, Gr\u00f6\u00dfe 14&#215;12 mm, Dicke 3,4 mm. Die robuste Goldfassung hat einen 1 mm dicken und 1,8 mm breiten Schaft. Ein in Italien hergestelltes Schmuckst\u00fcck, das von einer Garantie und einer handgefertigten Produktbeschreibung begleitet wird. Feine Couvert\u00fcre mit Fabio Ferro i Gioielli Logo und kostenloser Geschenkbox.<\/p>\n","protected":false},"excerpt":{"rendered":"<p>Der Charme des gr\u00fcnen Quarzes bringt jeden, der ihn tr\u00e4gt, zum Reisen.<\/p>\n","protected":false},"featured_media":124508,"comment_status":"open","ping_status":"closed","template":"","meta":[],"product_brand":[152],"product_cat":[6745,5934],"product_tag":[],"class_list":{"0":"post-124507","1":"product","2":"type-product","3":"status-publish","4":"has-post-thumbnail","6":"product_brand-fabio-ferro-i-gioielli","7":"product_cat-goldschmuck","8":"product_cat-ringe","10":"first","11":"instock","12":"sale","13":"taxable","14":"shipping-taxable","15":"purchasable","16":"product-type-variable","17":"has-default-attributes"},"exclude_global_add_ons":[],"addons":[],"df_price":520,"df_sale_price":"","df_regular_price":520,"df_image_link":"https:\/\/cdn02.fabioferro.eu\/wp-content\/uploads\/virtuemart\/product\/anello_pietra_verde_zirconi__1592987222_220.jpg","_links":{"self":[{"href":"https:\/\/www.fabioferro.eu\/de\/wp-json\/wp\/v2\/product\/124507","targetHints":{"allow":["GET"]}}],"collection":[{"href":"https:\/\/www.fabioferro.eu\/de\/wp-json\/wp\/v2\/product"}],"about":[{"href":"https:\/\/www.fabioferro.eu\/de\/wp-json\/wp\/v2\/types\/product"}],"replies":[{"embeddable":true,"href":"https:\/\/www.fabioferro.eu\/de\/wp-json\/wp\/v2\/comments?post=124507"}],"version-history":[{"count":0,"href":"https:\/\/www.fabioferro.eu\/de\/wp-json\/wp\/v2\/product\/124507\/revisions"}],"wp:featuredmedia":[{"embeddable":true,"href":"https:\/\/www.fabioferro.eu\/de\/wp-json\/wp\/v2\/media\/124508"}],"wp:attachment":[{"href":"https:\/\/www.fabioferro.eu\/de\/wp-json\/wp\/v2\/media?parent=124507"}],"wp:term":[{"taxonomy":"product_brand","embeddable":true,"href":"https:\/\/www.fabioferro.eu\/de\/wp-json\/wp\/v2\/product_brand?post=124507"},{"taxonomy":"product_cat","embeddable":true,"href":"https:\/\/www.fabioferro.eu\/de\/wp-json\/wp\/v2\/product_cat?post=124507"},{"taxonomy":"product_tag","embeddable":true,"href":"https:\/\/www.fabioferro.eu\/de\/wp-json\/wp\/v2\/product_tag?post=124507"}],"curies":[{"name":"wp","href":"https:\/\/api.w.org\/{rel}","templated":true}]}}