{"id":124537,"date":"2020-05-16T09:37:09","date_gmt":"2020-05-16T07:37:09","guid":{"rendered":"https:\/\/www.fabioferro.eu\/fabio-ferro-weissgold-ohrringe-mit-suesswasser-zuchtperlen-und-zirkonen.html"},"modified":"2025-06-06T15:47:38","modified_gmt":"2025-06-06T13:47:38","slug":"fabio-ferro-weissgold-ohrringe-mit-suesswasser-zuchtperlen-und-zirkonen","status":"publish","type":"product","link":"https:\/\/www.fabioferro.eu\/de\/fabio-ferro-weissgold-ohrringe-mit-suesswasser-zuchtperlen-und-zirkonen.html","title":{"rendered":"Fabio Ferro Wei\u00dfgold-Ohrringe mit S\u00fc\u00dfwasser-Zuchtperlen und Zirkonen"},"content":{"rendered":"<p>Ohrringe aus 750\/1000 g Wei\u00dfgold mit wei\u00dfen S\u00fc\u00dfwasser-Zuchtperlen aus Asien.<\/p>\n<p>Perlendurchmesser 8,30 mm. verbunden durch ein sehr helles Komma aus wei\u00dfem Zirkonia im Brillantschliff, das die Perle noch mehr hervorhebt.<\/p>\n<p>Die hintere Schlie\u00dfe befindet sich am Kopf des goldenen Kommas, das die gefassten Zirkone enth\u00e4lt, und ist ein fester Stift mit einem praktischen hinteren Schmetterling, der das Tragen erleichtert.<\/p>\n<p>Die Farbe der Perlen kann leicht von der Abbildung abweichen, da es sich um nat\u00fcrliche Perlen handelt und eine Perle von der anderen verschieden ist.<\/p>\n<p>Der Ohrring wird in Italien handgefertigt und mit einem Garantie- und Qualit\u00e4tszertifikat in einer speziellen Geschenkbox mit der Unterschrift &#8220;Fabio Ferro i Gioielli&#8221; geliefert.<\/p>\n<p>&nbsp;<\/p>\n","protected":false},"excerpt":{"rendered":"<p>Elegante, am Ohrl\u00e4ppchen befestigte Perlenohrringe, die Ihren Tag beim Tragen einzigartig machen werden.<\/p>\n","protected":false},"featured_media":124558,"comment_status":"open","ping_status":"closed","template":"","meta":[],"product_brand":[152],"product_cat":[6022],"product_tag":[],"class_list":{"0":"post-124537","1":"product","2":"type-product","3":"status-publish","4":"has-post-thumbnail","6":"product_brand-fabio-ferro-i-gioielli","7":"product_cat-perlen-ohrringe","9":"first","10":"instock","11":"sale","12":"taxable","13":"shipping-taxable","14":"purchasable","15":"product-type-simple"},"exclude_global_add_ons":[],"addons":[],"df_price":396,"df_sale_price":396,"df_regular_price":495,"df_image_link":"https:\/\/cdn02.fabioferro.eu\/wp-content\/uploads\/virtuemart\/product\/orecchini_fabio_ferro_fissi_al_lobo_con_perle_in_oro_e_zirconi_29_10ORP__1589621835_320.jpg","_links":{"self":[{"href":"https:\/\/www.fabioferro.eu\/de\/wp-json\/wp\/v2\/product\/124537","targetHints":{"allow":["GET"]}}],"collection":[{"href":"https:\/\/www.fabioferro.eu\/de\/wp-json\/wp\/v2\/product"}],"about":[{"href":"https:\/\/www.fabioferro.eu\/de\/wp-json\/wp\/v2\/types\/product"}],"replies":[{"embeddable":true,"href":"https:\/\/www.fabioferro.eu\/de\/wp-json\/wp\/v2\/comments?post=124537"}],"version-history":[{"count":0,"href":"https:\/\/www.fabioferro.eu\/de\/wp-json\/wp\/v2\/product\/124537\/revisions"}],"wp:featuredmedia":[{"embeddable":true,"href":"https:\/\/www.fabioferro.eu\/de\/wp-json\/wp\/v2\/media\/124558"}],"wp:attachment":[{"href":"https:\/\/www.fabioferro.eu\/de\/wp-json\/wp\/v2\/media?parent=124537"}],"wp:term":[{"taxonomy":"product_brand","embeddable":true,"href":"https:\/\/www.fabioferro.eu\/de\/wp-json\/wp\/v2\/product_brand?post=124537"},{"taxonomy":"product_cat","embeddable":true,"href":"https:\/\/www.fabioferro.eu\/de\/wp-json\/wp\/v2\/product_cat?post=124537"},{"taxonomy":"product_tag","embeddable":true,"href":"https:\/\/www.fabioferro.eu\/de\/wp-json\/wp\/v2\/product_tag?post=124537"}],"curies":[{"name":"wp","href":"https:\/\/api.w.org\/{rel}","templated":true}]}}