{"id":124573,"date":"2020-05-16T09:30:55","date_gmt":"2020-05-16T07:30:55","guid":{"rendered":"https:\/\/www.fabioferro.eu\/fabio-ferro-ohrringe-mit-anhaengern-aus-suesswasserperlen-in-weissgold.html"},"modified":"2024-09-18T16:00:18","modified_gmt":"2024-09-18T14:00:18","slug":"fabio-ferro-ohrringe-mit-anhaengern-aus-suesswasserperlen-in-weissgold","status":"publish","type":"product","link":"https:\/\/www.fabioferro.eu\/de\/fabio-ferro-ohrringe-mit-anhaengern-aus-suesswasserperlen-in-weissgold.html","title":{"rendered":"Fabio Ferro Ohrringe mit Anh\u00e4ngern aus S\u00fc\u00dfwasserperlen in Wei\u00dfgold"},"content":{"rendered":"<p>Paar Tropfenohrringe aus 18 Karat Wei\u00dfgold. Die beiden Perlen wurden aufgrund ihrer hohen Qualit\u00e4t ausgew\u00e4hlt und stammen aus S\u00fc\u00dfwasser. Der Durchmesser der beiden Perlen betr\u00e4gt 8,5 mm. Die Farbe der Perlen kann leicht vom Foto abweichen, da es sich um nat\u00fcrliche Perlen handelt und eine Perle von der anderen verschieden ist. Begleitet von einer eleganten Geschenkverpackung und einer von Fabio Ferro I Gioielli unterzeichneten Qualit\u00e4tsgarantie.<\/p>\n","protected":false},"excerpt":{"rendered":"<p>Auch ihr tragt Perlen, die als die T\u00f6chter des Meeres gelten.<\/p>\n","protected":false},"featured_media":121400,"comment_status":"open","ping_status":"closed","template":"","meta":[],"product_brand":[152],"product_cat":[6022],"product_tag":[],"class_list":{"0":"post-124573","1":"product","2":"type-product","3":"status-publish","4":"has-post-thumbnail","6":"product_brand-fabio-ferro-i-gioielli","7":"product_cat-perlen-ohrringe","9":"first","10":"instock","11":"sale","12":"taxable","13":"shipping-taxable","14":"purchasable","15":"product-type-simple"},"exclude_global_add_ons":[],"addons":[],"df_price":476,"df_sale_price":476,"df_regular_price":595,"df_image_link":"https:\/\/cdn02.fabioferro.eu\/wp-content\/uploads\/orecchini-monachella-perla-fabio-ferro-in-oro-acqua-dolce-34-14orp.jpg","_links":{"self":[{"href":"https:\/\/www.fabioferro.eu\/de\/wp-json\/wp\/v2\/product\/124573","targetHints":{"allow":["GET"]}}],"collection":[{"href":"https:\/\/www.fabioferro.eu\/de\/wp-json\/wp\/v2\/product"}],"about":[{"href":"https:\/\/www.fabioferro.eu\/de\/wp-json\/wp\/v2\/types\/product"}],"replies":[{"embeddable":true,"href":"https:\/\/www.fabioferro.eu\/de\/wp-json\/wp\/v2\/comments?post=124573"}],"version-history":[{"count":0,"href":"https:\/\/www.fabioferro.eu\/de\/wp-json\/wp\/v2\/product\/124573\/revisions"}],"wp:featuredmedia":[{"embeddable":true,"href":"https:\/\/www.fabioferro.eu\/de\/wp-json\/wp\/v2\/media\/121400"}],"wp:attachment":[{"href":"https:\/\/www.fabioferro.eu\/de\/wp-json\/wp\/v2\/media?parent=124573"}],"wp:term":[{"taxonomy":"product_brand","embeddable":true,"href":"https:\/\/www.fabioferro.eu\/de\/wp-json\/wp\/v2\/product_brand?post=124573"},{"taxonomy":"product_cat","embeddable":true,"href":"https:\/\/www.fabioferro.eu\/de\/wp-json\/wp\/v2\/product_cat?post=124573"},{"taxonomy":"product_tag","embeddable":true,"href":"https:\/\/www.fabioferro.eu\/de\/wp-json\/wp\/v2\/product_tag?post=124573"}],"curies":[{"name":"wp","href":"https:\/\/api.w.org\/{rel}","templated":true}]}}