{"id":124580,"date":"2020-06-23T08:43:41","date_gmt":"2020-06-23T06:43:41","guid":{"rendered":"https:\/\/www.fabioferro.eu\/fabio-ferro-fascino-ohrringe-aus-weissgold-mit-gruenem-hydrothermalem-quarz-und-zirkonen.html"},"modified":"2024-09-18T15:58:12","modified_gmt":"2024-09-18T13:58:12","slug":"fabio-ferro-fascino-ohrringe-aus-weissgold-mit-gruenem-hydrothermalem-quarz-und-zirkonen","status":"publish","type":"product","link":"https:\/\/www.fabioferro.eu\/de\/fabio-ferro-fascino-ohrringe-aus-weissgold-mit-gruenem-hydrothermalem-quarz-und-zirkonen.html","title":{"rendered":"Fabio Ferro Fascino Ohrringe aus Wei\u00dfgold mit gr\u00fcnem hydrothermalem Quarz und Zirkonen"},"content":{"rendered":"<p>Fabio Ferro i Gioielli Fascino Ohrringe aus 18 Karat Wei\u00dfgold mit einem Gewicht von 4,40 g. Die Ohrringe auf der Unterseite haben einen Tropfen mit gr\u00fcnem Hydrothermalquarz in der Mitte, umgeben von Zirkonia, Gr\u00f6\u00dfe 14 x 12 mm, Dicke 3,00 mm. Die robuste, gelenkige Fassung aus Wei\u00dfgold hat einen Anh\u00e4nger, der mit einem Stift und einer Schnappschlie\u00dfe befestigt wird. L\u00e4nge des Ohrrings 2,70 mm einschlie\u00dflich Tropfen. Schmuckst\u00fcck Made in Italy mit Garantie und handgefertigter Produktbeschreibung. Feines Logo Fabio Ferro i Gioielli Couvette und kostenlose Geschenkbox.<\/p>\n","protected":false},"excerpt":{"rendered":"<p>Der Charme des gr\u00fcnen Quarzes bringt jeden, der ihn tr\u00e4gt, zum Reisen.<\/p>\n","protected":false},"featured_media":124594,"comment_status":"open","ping_status":"closed","template":"","meta":[],"product_brand":[152],"product_cat":[6745,6014],"product_tag":[],"class_list":{"0":"post-124580","1":"product","2":"type-product","3":"status-publish","4":"has-post-thumbnail","6":"product_brand-fabio-ferro-i-gioielli","7":"product_cat-goldschmuck","8":"product_cat-ohrringe","10":"first","11":"instock","12":"sale","13":"taxable","14":"shipping-taxable","15":"purchasable","16":"product-type-simple"},"exclude_global_add_ons":[],"addons":[],"df_price":1072,"df_sale_price":1072,"df_regular_price":1340,"df_image_link":"https:\/\/cdn02.fabioferro.eu\/wp-content\/uploads\/virtuemart\/product\/orecchini_fabio_ferro_in_oro_bianco_con_quarzo_verde__1593184442_933.jpg","_links":{"self":[{"href":"https:\/\/www.fabioferro.eu\/de\/wp-json\/wp\/v2\/product\/124580","targetHints":{"allow":["GET"]}}],"collection":[{"href":"https:\/\/www.fabioferro.eu\/de\/wp-json\/wp\/v2\/product"}],"about":[{"href":"https:\/\/www.fabioferro.eu\/de\/wp-json\/wp\/v2\/types\/product"}],"replies":[{"embeddable":true,"href":"https:\/\/www.fabioferro.eu\/de\/wp-json\/wp\/v2\/comments?post=124580"}],"version-history":[{"count":0,"href":"https:\/\/www.fabioferro.eu\/de\/wp-json\/wp\/v2\/product\/124580\/revisions"}],"wp:featuredmedia":[{"embeddable":true,"href":"https:\/\/www.fabioferro.eu\/de\/wp-json\/wp\/v2\/media\/124594"}],"wp:attachment":[{"href":"https:\/\/www.fabioferro.eu\/de\/wp-json\/wp\/v2\/media?parent=124580"}],"wp:term":[{"taxonomy":"product_brand","embeddable":true,"href":"https:\/\/www.fabioferro.eu\/de\/wp-json\/wp\/v2\/product_brand?post=124580"},{"taxonomy":"product_cat","embeddable":true,"href":"https:\/\/www.fabioferro.eu\/de\/wp-json\/wp\/v2\/product_cat?post=124580"},{"taxonomy":"product_tag","embeddable":true,"href":"https:\/\/www.fabioferro.eu\/de\/wp-json\/wp\/v2\/product_tag?post=124580"}],"curies":[{"name":"wp","href":"https:\/\/api.w.org\/{rel}","templated":true}]}}