{"id":124626,"date":"2020-06-20T17:08:51","date_gmt":"2020-06-20T15:08:51","guid":{"rendered":"https:\/\/www.fabioferro.eu\/fabio-ferro-ohrringe-mit-weissgoldperlen-und-zirkonen.html"},"modified":"2025-06-06T15:49:13","modified_gmt":"2025-06-06T13:49:13","slug":"fabio-ferro-ohrringe-mit-weissgoldperlen-und-zirkonen","status":"publish","type":"product","link":"https:\/\/www.fabioferro.eu\/de\/fabio-ferro-ohrringe-mit-weissgoldperlen-und-zirkonen.html","title":{"rendered":"Fabio Ferro Ohrringe mit Wei\u00dfgoldperlen und Zirkonen"},"content":{"rendered":"<p>Ohrringe aus 750\/1000 Wei\u00dfgold mit nat\u00fcrlichen wei\u00dfen Zuchtperlen asiatischer Herkunft. Perlendurchmesser 7,50 mm, Gewicht des Ohrringpaares 3,60 g. Fassung mit Zirkonia und Spange, einfach und angenehm zu tragen. Juwel Made in Italy mit Garantie- und Qualit\u00e4tszertifikat. Die Farbe der Perlen kann leicht von der Abbildung abweichen, da es sich um nat\u00fcrliche Perlen handelt und eine Perle von der anderen verschieden ist. Feines Logo Fabio Ferro i Gioielli Couvette und kostenlose Geschenkbox.<\/p>\n","protected":false},"excerpt":{"rendered":"<p>Eine Reihe kubischer Zirkonia jagt einander, um die wundersch\u00f6ne Naturperle zu erreichen, die das Thema des Schmuckst\u00fccks ist.<\/p>\n","protected":false},"featured_media":124634,"comment_status":"open","ping_status":"closed","template":"","meta":[],"product_brand":[152],"product_cat":[6022,6599],"product_tag":[],"class_list":{"0":"post-124626","1":"product","2":"type-product","3":"status-publish","4":"has-post-thumbnail","6":"product_brand-fabio-ferro-i-gioielli","7":"product_cat-perlen-ohrringe","8":"product_cat-schmuck-mit-perlen","10":"first","11":"instock","12":"sale","13":"taxable","14":"shipping-taxable","15":"purchasable","16":"product-type-simple"},"exclude_global_add_ons":[],"addons":[],"df_price":524,"df_sale_price":524,"df_regular_price":655,"df_image_link":"https:\/\/cdn02.fabioferro.eu\/wp-content\/uploads\/virtuemart\/product\/orecchini_fabio_ferro_perla_monachella_in_oro_con_zirconi__1592990381_188.jpg","_links":{"self":[{"href":"https:\/\/www.fabioferro.eu\/de\/wp-json\/wp\/v2\/product\/124626","targetHints":{"allow":["GET"]}}],"collection":[{"href":"https:\/\/www.fabioferro.eu\/de\/wp-json\/wp\/v2\/product"}],"about":[{"href":"https:\/\/www.fabioferro.eu\/de\/wp-json\/wp\/v2\/types\/product"}],"replies":[{"embeddable":true,"href":"https:\/\/www.fabioferro.eu\/de\/wp-json\/wp\/v2\/comments?post=124626"}],"version-history":[{"count":0,"href":"https:\/\/www.fabioferro.eu\/de\/wp-json\/wp\/v2\/product\/124626\/revisions"}],"wp:featuredmedia":[{"embeddable":true,"href":"https:\/\/www.fabioferro.eu\/de\/wp-json\/wp\/v2\/media\/124634"}],"wp:attachment":[{"href":"https:\/\/www.fabioferro.eu\/de\/wp-json\/wp\/v2\/media?parent=124626"}],"wp:term":[{"taxonomy":"product_brand","embeddable":true,"href":"https:\/\/www.fabioferro.eu\/de\/wp-json\/wp\/v2\/product_brand?post=124626"},{"taxonomy":"product_cat","embeddable":true,"href":"https:\/\/www.fabioferro.eu\/de\/wp-json\/wp\/v2\/product_cat?post=124626"},{"taxonomy":"product_tag","embeddable":true,"href":"https:\/\/www.fabioferro.eu\/de\/wp-json\/wp\/v2\/product_tag?post=124626"}],"curies":[{"name":"wp","href":"https:\/\/api.w.org\/{rel}","templated":true}]}}