{"id":124670,"date":"2020-04-26T17:54:28","date_gmt":"2020-04-26T15:54:28","guid":{"rendered":"https:\/\/www.fabioferro.eu\/charme-giovanni-raspini-anti-strega-tris.html"},"modified":"2025-06-06T16:14:09","modified_gmt":"2025-06-06T14:14:09","slug":"charme-giovanni-raspini-anti-strega-tris","status":"publish","type":"product","link":"https:\/\/www.fabioferro.eu\/de\/charme-giovanni-raspini-anti-strega-tris.html","title":{"rendered":"Charme Giovanni Raspini Anti Strega Tris"},"content":{"rendered":"<p>Trio von Charm in 925\/1000 Silber. Er kann in Halsketten, Armb\u00e4nder und Schl\u00fcsselanh\u00e4nger eingearbeitet werden. V\u00f6llig handgefertigt, Made in Italy. Charme mit Garantie und offizieller Giovanni Raspini Box.<\/p>\n","protected":false},"excerpt":{"rendered":"<p>Anti-Hexen-Anh\u00e4nger par excellence, handgefertigt von Giovanni Raspini.<\/p>\n","protected":false},"featured_media":124683,"comment_status":"open","ping_status":"closed","template":"","meta":[],"product_brand":[155],"product_cat":[7576],"product_tag":[],"class_list":{"0":"post-124670","1":"product","2":"type-product","3":"status-publish","4":"has-post-thumbnail","6":"product_brand-raspini","7":"product_cat-giovanni-raspini-reize","9":"first","10":"instock","11":"sale","12":"taxable","13":"shipping-taxable","14":"purchasable","15":"product-type-simple"},"exclude_global_add_ons":[],"addons":[],"df_price":45,"df_sale_price":45,"df_regular_price":50,"df_image_link":"https:\/\/cdn02.fabioferro.eu\/wp-content\/uploads\/virtuemart\/product\/charm_giovanni_raspini_anti_strega_tris_10711__1587923701_706.jpg","_links":{"self":[{"href":"https:\/\/www.fabioferro.eu\/de\/wp-json\/wp\/v2\/product\/124670","targetHints":{"allow":["GET"]}}],"collection":[{"href":"https:\/\/www.fabioferro.eu\/de\/wp-json\/wp\/v2\/product"}],"about":[{"href":"https:\/\/www.fabioferro.eu\/de\/wp-json\/wp\/v2\/types\/product"}],"replies":[{"embeddable":true,"href":"https:\/\/www.fabioferro.eu\/de\/wp-json\/wp\/v2\/comments?post=124670"}],"version-history":[{"count":0,"href":"https:\/\/www.fabioferro.eu\/de\/wp-json\/wp\/v2\/product\/124670\/revisions"}],"wp:featuredmedia":[{"embeddable":true,"href":"https:\/\/www.fabioferro.eu\/de\/wp-json\/wp\/v2\/media\/124683"}],"wp:attachment":[{"href":"https:\/\/www.fabioferro.eu\/de\/wp-json\/wp\/v2\/media?parent=124670"}],"wp:term":[{"taxonomy":"product_brand","embeddable":true,"href":"https:\/\/www.fabioferro.eu\/de\/wp-json\/wp\/v2\/product_brand?post=124670"},{"taxonomy":"product_cat","embeddable":true,"href":"https:\/\/www.fabioferro.eu\/de\/wp-json\/wp\/v2\/product_cat?post=124670"},{"taxonomy":"product_tag","embeddable":true,"href":"https:\/\/www.fabioferro.eu\/de\/wp-json\/wp\/v2\/product_tag?post=124670"}],"curies":[{"name":"wp","href":"https:\/\/api.w.org\/{rel}","templated":true}]}}