{"id":124731,"date":"2020-03-21T10:33:07","date_gmt":"2020-03-21T09:33:07","guid":{"rendered":"https:\/\/www.fabioferro.eu\/giovanni-raspini-violine-schluesselanhaenger.html"},"modified":"2020-03-21T10:33:07","modified_gmt":"2020-03-21T09:33:07","slug":"giovanni-raspini-violine-schluesselanhaenger","status":"publish","type":"product","link":"https:\/\/www.fabioferro.eu\/de\/giovanni-raspini-violine-schluesselanhaenger.html","title":{"rendered":"Giovanni Raspini Violine Schl\u00fcsselanh\u00e4nger"},"content":{"rendered":"<p>Geigentasten-Charm, Sammlung musikalischer Noten aus Sterlingsilber<\/p>\n<p>H\u00f6he 2,1 cm ohne 0,9 cm Oberlenker.<\/p>\n<p>Gewicht 1,5 g.<\/p>\n<p>Pullover mit Raspini-Logo zum Anh\u00e4ngen an Halsketten, Armb\u00e4nder und Schl\u00fcsselanh\u00e4nger.<\/p>\n<p>Hergestellt in Italien, handgefertigt.<\/p>\n<p>Charme mit offizieller Giovanni Raspini Box und Garantie.<\/p>\n","protected":false},"excerpt":{"rendered":"<p>Giovanni Raspini Violine Schl\u00fcsselanh\u00e4nger in 925 Silber<\/p>\n","protected":false},"featured_media":124735,"comment_status":"open","ping_status":"closed","template":"","meta":[],"product_brand":[155],"product_cat":[7576,7578],"product_tag":[7442],"class_list":{"0":"post-124731","1":"product","2":"type-product","3":"status-publish","4":"has-post-thumbnail","6":"product_brand-raspini","7":"product_cat-giovanni-raspini-reize","8":"product_cat-raspini-charms-fur-veranstaltung-de","9":"product_tag-verfugbar","11":"first","12":"instock","13":"sale","14":"taxable","15":"shipping-taxable","16":"purchasable","17":"product-type-simple"},"exclude_global_add_ons":[],"addons":[],"df_price":36,"df_sale_price":36,"df_regular_price":40,"df_image_link":"https:\/\/cdn02.fabioferro.eu\/wp-content\/uploads\/virtuemart\/product\/09516_charm_giovanni_raspini_chiave_di_Sol__1584786885_909.jpg","_links":{"self":[{"href":"https:\/\/www.fabioferro.eu\/de\/wp-json\/wp\/v2\/product\/124731","targetHints":{"allow":["GET"]}}],"collection":[{"href":"https:\/\/www.fabioferro.eu\/de\/wp-json\/wp\/v2\/product"}],"about":[{"href":"https:\/\/www.fabioferro.eu\/de\/wp-json\/wp\/v2\/types\/product"}],"replies":[{"embeddable":true,"href":"https:\/\/www.fabioferro.eu\/de\/wp-json\/wp\/v2\/comments?post=124731"}],"version-history":[{"count":0,"href":"https:\/\/www.fabioferro.eu\/de\/wp-json\/wp\/v2\/product\/124731\/revisions"}],"wp:featuredmedia":[{"embeddable":true,"href":"https:\/\/www.fabioferro.eu\/de\/wp-json\/wp\/v2\/media\/124735"}],"wp:attachment":[{"href":"https:\/\/www.fabioferro.eu\/de\/wp-json\/wp\/v2\/media?parent=124731"}],"wp:term":[{"taxonomy":"product_brand","embeddable":true,"href":"https:\/\/www.fabioferro.eu\/de\/wp-json\/wp\/v2\/product_brand?post=124731"},{"taxonomy":"product_cat","embeddable":true,"href":"https:\/\/www.fabioferro.eu\/de\/wp-json\/wp\/v2\/product_cat?post=124731"},{"taxonomy":"product_tag","embeddable":true,"href":"https:\/\/www.fabioferro.eu\/de\/wp-json\/wp\/v2\/product_tag?post=124731"}],"curies":[{"name":"wp","href":"https:\/\/api.w.org\/{rel}","templated":true}]}}