{"id":124739,"date":"2020-03-04T10:37:43","date_gmt":"2020-03-04T09:37:43","guid":{"rendered":"https:\/\/www.fabioferro.eu\/amen-armband-herz-und-kristalle-aus-rosevergoldetem-silber.html"},"modified":"2024-10-01T16:27:17","modified_gmt":"2024-10-01T14:27:17","slug":"amen-armband-herz-und-kristalle-aus-rosevergoldetem-silber","status":"publish","type":"product","link":"https:\/\/www.fabioferro.eu\/de\/amen-armband-herz-und-kristalle-aus-rosevergoldetem-silber.html","title":{"rendered":"Amen Armband Herz und Kristalle aus ros\u00e9vergoldetem Silber"},"content":{"rendered":"<p>Armband mit ros\u00e9-vergoldetem Silberherz als Stern, begleitet von fliederfarbenen Kristallen. Die Gr\u00f6\u00dfe kann mit speziellen Ringen eingestellt werden. Verschluss mit Karabinerhaken. Handgefertigt in Italien. Komplett mit Box und offizieller Amen-Garantie.<\/p>\n","protected":false},"excerpt":{"rendered":"<p>Amen Herz und Kristalle Armband aus Sterling Silber 925 Rose Gold plattiert<\/p>\n","protected":false},"featured_media":124752,"comment_status":"open","ping_status":"closed","template":"","meta":[],"product_brand":[200],"product_cat":[6339,7620],"product_tag":[7442],"class_list":{"0":"post-124739","1":"product","2":"type-product","3":"status-publish","4":"has-post-thumbnail","6":"product_brand-amen","7":"product_cat-amen-armbander","8":"product_cat-outlet-schmuck","9":"product_tag-verfugbar","11":"first","12":"instock","13":"sale","14":"taxable","15":"shipping-taxable","16":"purchasable","17":"product-type-simple"},"exclude_global_add_ons":[],"addons":[],"df_price":29.94,"df_sale_price":29.94,"df_regular_price":49.9,"df_image_link":"https:\/\/cdn02.fabioferro.eu\/wp-content\/uploads\/virtuemart\/product\/BRCURL3_bracciale_amen_cuore_placcato_oro_rosa__1583318280_918.jpg","_links":{"self":[{"href":"https:\/\/www.fabioferro.eu\/de\/wp-json\/wp\/v2\/product\/124739","targetHints":{"allow":["GET"]}}],"collection":[{"href":"https:\/\/www.fabioferro.eu\/de\/wp-json\/wp\/v2\/product"}],"about":[{"href":"https:\/\/www.fabioferro.eu\/de\/wp-json\/wp\/v2\/types\/product"}],"replies":[{"embeddable":true,"href":"https:\/\/www.fabioferro.eu\/de\/wp-json\/wp\/v2\/comments?post=124739"}],"version-history":[{"count":0,"href":"https:\/\/www.fabioferro.eu\/de\/wp-json\/wp\/v2\/product\/124739\/revisions"}],"wp:featuredmedia":[{"embeddable":true,"href":"https:\/\/www.fabioferro.eu\/de\/wp-json\/wp\/v2\/media\/124752"}],"wp:attachment":[{"href":"https:\/\/www.fabioferro.eu\/de\/wp-json\/wp\/v2\/media?parent=124739"}],"wp:term":[{"taxonomy":"product_brand","embeddable":true,"href":"https:\/\/www.fabioferro.eu\/de\/wp-json\/wp\/v2\/product_brand?post=124739"},{"taxonomy":"product_cat","embeddable":true,"href":"https:\/\/www.fabioferro.eu\/de\/wp-json\/wp\/v2\/product_cat?post=124739"},{"taxonomy":"product_tag","embeddable":true,"href":"https:\/\/www.fabioferro.eu\/de\/wp-json\/wp\/v2\/product_tag?post=124739"}],"curies":[{"name":"wp","href":"https:\/\/api.w.org\/{rel}","templated":true}]}}