{"id":124763,"date":"2020-03-06T09:32:23","date_gmt":"2020-03-06T08:32:23","guid":{"rendered":"https:\/\/www.fabioferro.eu\/amen-star-halskette-aus-gelbgoldplattiertem-silber-mit-gruenen-kristallen.html"},"modified":"2024-10-01T16:40:34","modified_gmt":"2024-10-01T14:40:34","slug":"amen-star-halskette-aus-gelbgoldplattiertem-silber-mit-gruenen-kristallen","status":"publish","type":"product","link":"https:\/\/www.fabioferro.eu\/de\/amen-star-halskette-aus-gelbgoldplattiertem-silber-mit-gruenen-kristallen.html","title":{"rendered":"Amen Star Halskette aus gelbgoldplattiertem Silber mit gr\u00fcnen Kristallen"},"content":{"rendered":"<p>20 cm lange Halskette mit gr\u00fcnen Kristallen, Schale und Stern. Handgefertigt in Italien. Einstellbare L\u00e4nge durch spezielle Ringe. Verschluss mit klassischem Karabinerhaken. Komplett mit Box und offizieller Amen-Garantie.<\/p>\n","protected":false},"excerpt":{"rendered":"<p>Amen Star Halskette aus 925 Silber mit gr\u00fcnen Kristallen<\/p>\n","protected":false},"featured_media":124773,"comment_status":"open","ping_status":"closed","template":"","meta":[],"product_brand":[200],"product_cat":[6340,7620],"product_tag":[7442],"class_list":{"0":"post-124763","1":"product","2":"type-product","3":"status-publish","4":"has-post-thumbnail","6":"product_brand-amen","7":"product_cat-amen-halsketten","8":"product_cat-outlet-schmuck","9":"product_tag-verfugbar","11":"first","12":"instock","13":"sale","14":"taxable","15":"shipping-taxable","16":"purchasable","17":"product-type-simple"},"exclude_global_add_ons":[],"addons":[],"df_price":35.94,"df_sale_price":35.94,"df_regular_price":59.9,"df_image_link":"https:\/\/cdn02.fabioferro.eu\/wp-content\/uploads\/virtuemart\/product\/CLSTGVE3_collana_stella_con_bowl_e_cristalli_in_argento__1583487164_718.jpg","_links":{"self":[{"href":"https:\/\/www.fabioferro.eu\/de\/wp-json\/wp\/v2\/product\/124763","targetHints":{"allow":["GET"]}}],"collection":[{"href":"https:\/\/www.fabioferro.eu\/de\/wp-json\/wp\/v2\/product"}],"about":[{"href":"https:\/\/www.fabioferro.eu\/de\/wp-json\/wp\/v2\/types\/product"}],"replies":[{"embeddable":true,"href":"https:\/\/www.fabioferro.eu\/de\/wp-json\/wp\/v2\/comments?post=124763"}],"version-history":[{"count":0,"href":"https:\/\/www.fabioferro.eu\/de\/wp-json\/wp\/v2\/product\/124763\/revisions"}],"wp:featuredmedia":[{"embeddable":true,"href":"https:\/\/www.fabioferro.eu\/de\/wp-json\/wp\/v2\/media\/124773"}],"wp:attachment":[{"href":"https:\/\/www.fabioferro.eu\/de\/wp-json\/wp\/v2\/media?parent=124763"}],"wp:term":[{"taxonomy":"product_brand","embeddable":true,"href":"https:\/\/www.fabioferro.eu\/de\/wp-json\/wp\/v2\/product_brand?post=124763"},{"taxonomy":"product_cat","embeddable":true,"href":"https:\/\/www.fabioferro.eu\/de\/wp-json\/wp\/v2\/product_cat?post=124763"},{"taxonomy":"product_tag","embeddable":true,"href":"https:\/\/www.fabioferro.eu\/de\/wp-json\/wp\/v2\/product_tag?post=124763"}],"curies":[{"name":"wp","href":"https:\/\/api.w.org\/{rel}","templated":true}]}}