{"id":124801,"date":"2020-03-05T17:56:10","date_gmt":"2020-03-05T16:56:10","guid":{"rendered":"https:\/\/www.fabioferro.eu\/fabio-ferro-weissgold-ohrringe-mit-grauen-asiatischen-perlen-durchmesser-14-mm.html"},"modified":"2024-09-18T17:14:23","modified_gmt":"2024-09-18T15:14:23","slug":"fabio-ferro-weissgold-ohrringe-mit-grauen-asiatischen-perlen-durchmesser-14-mm","status":"publish","type":"product","link":"https:\/\/www.fabioferro.eu\/de\/fabio-ferro-weissgold-ohrringe-mit-grauen-asiatischen-perlen-durchmesser-14-mm.html","title":{"rendered":"Fabio Ferro Wei\u00dfgold-Ohrringe mit grauen asiatischen Perlen Durchmesser 14 mm"},"content":{"rendered":"<p>In unserer Goldschmiedewerkstatt handgefertigte Ohrringe aus 750\/1000er Wei\u00dfgold mit einer 4,40 Gramm schweren Schlie\u00dfe und grauen S\u00fc\u00dfwasser-Zuchtperlen aus Asien. Die Zuchtperlen haben einen Durchmesser von 14 mm und fallen vom B\u00fcgel sch\u00f6n um 30 mm ab, hinten schlie\u00dft der Schnappverschluss sicher. Die Farbe der Perlen kann leicht von der Abbildung abweichen, da es sich um nat\u00fcrliche Perlen handelt und eine Perle von der anderen verschieden ist. Sie werden in einer kostenlosen Original-Geschenkverpackung mit dem Garantie- und Qualit\u00e4tszertifikat von Fabio Ferro i Gioielli versandt.  &nbsp;<\/p>\n","protected":false},"excerpt":{"rendered":"<p>Wei\u00dfgold-Ohrringe mit grauen Asia-Perlen Durchmesser 14 mm<\/p>\n","protected":false},"featured_media":124811,"comment_status":"open","ping_status":"closed","template":"","meta":[],"product_brand":[152],"product_cat":[6022],"product_tag":[],"class_list":{"0":"post-124801","1":"product","2":"type-product","3":"status-publish","4":"has-post-thumbnail","6":"product_brand-fabio-ferro-i-gioielli","7":"product_cat-perlen-ohrringe","9":"first","10":"instock","11":"sale","12":"taxable","13":"shipping-taxable","14":"purchasable","15":"product-type-simple"},"exclude_global_add_ons":[],"addons":[],"df_price":696,"df_sale_price":696,"df_regular_price":870,"df_image_link":"https:\/\/cdn02.fabioferro.eu\/wp-content\/uploads\/virtuemart\/product\/perle_grigie_acqua_dolce_fabioferro__1583601060_220.jpg","_links":{"self":[{"href":"https:\/\/www.fabioferro.eu\/de\/wp-json\/wp\/v2\/product\/124801","targetHints":{"allow":["GET"]}}],"collection":[{"href":"https:\/\/www.fabioferro.eu\/de\/wp-json\/wp\/v2\/product"}],"about":[{"href":"https:\/\/www.fabioferro.eu\/de\/wp-json\/wp\/v2\/types\/product"}],"replies":[{"embeddable":true,"href":"https:\/\/www.fabioferro.eu\/de\/wp-json\/wp\/v2\/comments?post=124801"}],"version-history":[{"count":0,"href":"https:\/\/www.fabioferro.eu\/de\/wp-json\/wp\/v2\/product\/124801\/revisions"}],"wp:featuredmedia":[{"embeddable":true,"href":"https:\/\/www.fabioferro.eu\/de\/wp-json\/wp\/v2\/media\/124811"}],"wp:attachment":[{"href":"https:\/\/www.fabioferro.eu\/de\/wp-json\/wp\/v2\/media?parent=124801"}],"wp:term":[{"taxonomy":"product_brand","embeddable":true,"href":"https:\/\/www.fabioferro.eu\/de\/wp-json\/wp\/v2\/product_brand?post=124801"},{"taxonomy":"product_cat","embeddable":true,"href":"https:\/\/www.fabioferro.eu\/de\/wp-json\/wp\/v2\/product_cat?post=124801"},{"taxonomy":"product_tag","embeddable":true,"href":"https:\/\/www.fabioferro.eu\/de\/wp-json\/wp\/v2\/product_tag?post=124801"}],"curies":[{"name":"wp","href":"https:\/\/api.w.org\/{rel}","templated":true}]}}