{"id":124825,"date":"2020-03-03T11:41:02","date_gmt":"2020-03-03T10:41:02","guid":{"rendered":"https:\/\/www.fabioferro.eu\/amen-armband-herzen-in-silber-mit-kristallen.html"},"modified":"2024-10-01T16:29:24","modified_gmt":"2024-10-01T14:29:24","slug":"amen-armband-herzen-in-silber-mit-kristallen","status":"publish","type":"product","link":"https:\/\/www.fabioferro.eu\/de\/amen-armband-herzen-in-silber-mit-kristallen.html","title":{"rendered":"Amen-Armband Herzen in Silber mit Kristallen"},"content":{"rendered":"<p>Silbernes Armband mit abwechselnd schwarzen Herzen und Kristallen. Verschluss mit Karabinerhaken. Die Gr\u00f6\u00dfe ist \u00fcber die Ringe am Ende einstellbar. Erstellt in Italien. Mit Garantie und original Amen-Box.<\/p>\n","protected":false},"excerpt":{"rendered":"<p>Amen Armband Herzen in 925 Silber mit Kristallen<\/p>\n","protected":false},"featured_media":124831,"comment_status":"open","ping_status":"closed","template":"","meta":[],"product_brand":[200],"product_cat":[6339,7620],"product_tag":[7442],"class_list":{"0":"post-124825","1":"product","2":"type-product","3":"status-publish","4":"has-post-thumbnail","6":"product_brand-amen","7":"product_cat-amen-armbander","8":"product_cat-outlet-schmuck","9":"product_tag-verfugbar","11":"first","12":"instock","13":"sale","14":"taxable","15":"shipping-taxable","16":"purchasable","17":"product-type-simple"},"exclude_global_add_ons":[],"addons":[],"df_price":35.94,"df_sale_price":35.94,"df_regular_price":59.9,"df_image_link":"https:\/\/cdn02.fabioferro.eu\/wp-content\/uploads\/virtuemart\/product\/BRMICUBN_bracciale_amen_cuori_in_argento__1583235674_984.jpg","_links":{"self":[{"href":"https:\/\/www.fabioferro.eu\/de\/wp-json\/wp\/v2\/product\/124825","targetHints":{"allow":["GET"]}}],"collection":[{"href":"https:\/\/www.fabioferro.eu\/de\/wp-json\/wp\/v2\/product"}],"about":[{"href":"https:\/\/www.fabioferro.eu\/de\/wp-json\/wp\/v2\/types\/product"}],"replies":[{"embeddable":true,"href":"https:\/\/www.fabioferro.eu\/de\/wp-json\/wp\/v2\/comments?post=124825"}],"version-history":[{"count":0,"href":"https:\/\/www.fabioferro.eu\/de\/wp-json\/wp\/v2\/product\/124825\/revisions"}],"wp:featuredmedia":[{"embeddable":true,"href":"https:\/\/www.fabioferro.eu\/de\/wp-json\/wp\/v2\/media\/124831"}],"wp:attachment":[{"href":"https:\/\/www.fabioferro.eu\/de\/wp-json\/wp\/v2\/media?parent=124825"}],"wp:term":[{"taxonomy":"product_brand","embeddable":true,"href":"https:\/\/www.fabioferro.eu\/de\/wp-json\/wp\/v2\/product_brand?post=124825"},{"taxonomy":"product_cat","embeddable":true,"href":"https:\/\/www.fabioferro.eu\/de\/wp-json\/wp\/v2\/product_cat?post=124825"},{"taxonomy":"product_tag","embeddable":true,"href":"https:\/\/www.fabioferro.eu\/de\/wp-json\/wp\/v2\/product_tag?post=124825"}],"curies":[{"name":"wp","href":"https:\/\/api.w.org\/{rel}","templated":true}]}}