{"id":124832,"date":"2020-02-29T17:24:04","date_gmt":"2020-02-29T16:24:04","guid":{"rendered":"https:\/\/www.fabioferro.eu\/amen-silber-gluecksbringer-ohrringe.html"},"modified":"2024-10-01T16:22:13","modified_gmt":"2024-10-01T14:22:13","slug":"amen-silber-gluecksbringer-ohrringe","status":"publish","type":"product","link":"https:\/\/www.fabioferro.eu\/de\/amen-silber-gluecksbringer-ohrringe.html","title":{"rendered":"Amen Silber Gl\u00fccksbringer-Ohrringe"},"content":{"rendered":"<p>Ohrringe mit Anh\u00e4nger aus 925er Sterlingsilber mit drei Symbolen: Marienk\u00e4fer, Hufeisen und vierbl\u00e4ttriges Kleeblatt. Anh\u00e4nger l\u00e4nger als 2,2 cm. Klassische Fliege als Verschluss. Hergestellt in Italien. Verkauft mit Amen-Box und Garantie.  &nbsp;<\/p>\n","protected":false},"excerpt":{"rendered":"<p>Amen 925 Sterling Silber Gl\u00fccksbringer-Ohrringe<\/p>\n","protected":false},"featured_media":124837,"comment_status":"open","ping_status":"closed","template":"","meta":[],"product_brand":[200],"product_cat":[6342,7620],"product_tag":[7442],"class_list":{"0":"post-124832","1":"product","2":"type-product","3":"status-publish","4":"has-post-thumbnail","6":"product_brand-amen","7":"product_cat-amen-ohrringe","8":"product_cat-outlet-schmuck","9":"product_tag-verfugbar","11":"first","12":"instock","13":"sale","14":"taxable","15":"shipping-taxable","16":"purchasable","17":"product-type-simple"},"exclude_global_add_ons":[],"addons":[],"df_price":23.94,"df_sale_price":23.94,"df_regular_price":39.9,"df_image_link":"https:\/\/cdn02.fabioferro.eu\/wp-content\/uploads\/virtuemart\/product\/ORLAFOB_amen_orecchini_portafortuna_argento__1582997056_39.jpg","_links":{"self":[{"href":"https:\/\/www.fabioferro.eu\/de\/wp-json\/wp\/v2\/product\/124832","targetHints":{"allow":["GET"]}}],"collection":[{"href":"https:\/\/www.fabioferro.eu\/de\/wp-json\/wp\/v2\/product"}],"about":[{"href":"https:\/\/www.fabioferro.eu\/de\/wp-json\/wp\/v2\/types\/product"}],"replies":[{"embeddable":true,"href":"https:\/\/www.fabioferro.eu\/de\/wp-json\/wp\/v2\/comments?post=124832"}],"version-history":[{"count":0,"href":"https:\/\/www.fabioferro.eu\/de\/wp-json\/wp\/v2\/product\/124832\/revisions"}],"wp:featuredmedia":[{"embeddable":true,"href":"https:\/\/www.fabioferro.eu\/de\/wp-json\/wp\/v2\/media\/124837"}],"wp:attachment":[{"href":"https:\/\/www.fabioferro.eu\/de\/wp-json\/wp\/v2\/media?parent=124832"}],"wp:term":[{"taxonomy":"product_brand","embeddable":true,"href":"https:\/\/www.fabioferro.eu\/de\/wp-json\/wp\/v2\/product_brand?post=124832"},{"taxonomy":"product_cat","embeddable":true,"href":"https:\/\/www.fabioferro.eu\/de\/wp-json\/wp\/v2\/product_cat?post=124832"},{"taxonomy":"product_tag","embeddable":true,"href":"https:\/\/www.fabioferro.eu\/de\/wp-json\/wp\/v2\/product_tag?post=124832"}],"curies":[{"name":"wp","href":"https:\/\/api.w.org\/{rel}","templated":true}]}}