{"id":124836,"date":"2020-02-26T10:03:38","date_gmt":"2020-02-26T09:03:38","guid":{"rendered":"https:\/\/www.fabioferro.eu\/charme-giovanni-raspini-amazzonit-perlage-sammlung.html"},"modified":"2020-02-26T10:03:38","modified_gmt":"2020-02-26T09:03:38","slug":"charme-giovanni-raspini-amazzonit-perlage-sammlung","status":"publish","type":"product","link":"https:\/\/www.fabioferro.eu\/de\/charme-giovanni-raspini-amazzonit-perlage-sammlung.html","title":{"rendered":"Charme Giovanni Raspini Amazzonit Perlage Sammlung"},"content":{"rendered":"<p>Charm Perlage Collection mit Naturstein und Silber<\/p>\n<p>Produziert in 9 Ausf\u00fchrungen, darunter Amazonit, blauer Achat, Mango-Chalcedon, Amethyst, Koralle, Karneol, gr\u00fcner Onyx, wei\u00dfer Achat und schwarzer Onyx.<\/p>\n<p>Ausgestattet mit einem Shirt mit Logo.<\/p>\n<p>H\u00f6he 1,3 cm ohne 0,9 cm hohe Maschen<\/p>\n<p>Durchmesser 0,9 cm<\/p>\n<p>Handgefertigt in Italien.<\/p>\n<p>Charme verkauft mit Box und Giovanni Raspini Garantie.<\/p>\n","protected":false},"excerpt":{"rendered":"<p>Charm Giovanni Raspini Amazzonite Perlage Kollektion in 925 Silber<\/p>\n","protected":false},"featured_media":124846,"comment_status":"open","ping_status":"closed","template":"","meta":[],"product_brand":[155],"product_cat":[7575,7576],"product_tag":[7442],"class_list":{"0":"post-124836","1":"product","2":"type-product","3":"status-publish","4":"has-post-thumbnail","6":"product_brand-raspini","7":"product_cat-do-it-yourself-schmuck-giovanni-raspini","8":"product_cat-giovanni-raspini-reize","9":"product_tag-verfugbar","11":"first","12":"instock","13":"sale","14":"taxable","15":"shipping-taxable","16":"purchasable","17":"product-type-simple"},"exclude_global_add_ons":[],"addons":[],"df_price":40.5,"df_sale_price":40.5,"df_regular_price":45,"df_image_link":"https:\/\/cdn02.fabioferro.eu\/wp-content\/uploads\/virtuemart\/product\/10856_raspini_amazzonite_perlage__1582711431_1000.jpg","_links":{"self":[{"href":"https:\/\/www.fabioferro.eu\/de\/wp-json\/wp\/v2\/product\/124836","targetHints":{"allow":["GET"]}}],"collection":[{"href":"https:\/\/www.fabioferro.eu\/de\/wp-json\/wp\/v2\/product"}],"about":[{"href":"https:\/\/www.fabioferro.eu\/de\/wp-json\/wp\/v2\/types\/product"}],"replies":[{"embeddable":true,"href":"https:\/\/www.fabioferro.eu\/de\/wp-json\/wp\/v2\/comments?post=124836"}],"version-history":[{"count":0,"href":"https:\/\/www.fabioferro.eu\/de\/wp-json\/wp\/v2\/product\/124836\/revisions"}],"wp:featuredmedia":[{"embeddable":true,"href":"https:\/\/www.fabioferro.eu\/de\/wp-json\/wp\/v2\/media\/124846"}],"wp:attachment":[{"href":"https:\/\/www.fabioferro.eu\/de\/wp-json\/wp\/v2\/media?parent=124836"}],"wp:term":[{"taxonomy":"product_brand","embeddable":true,"href":"https:\/\/www.fabioferro.eu\/de\/wp-json\/wp\/v2\/product_brand?post=124836"},{"taxonomy":"product_cat","embeddable":true,"href":"https:\/\/www.fabioferro.eu\/de\/wp-json\/wp\/v2\/product_cat?post=124836"},{"taxonomy":"product_tag","embeddable":true,"href":"https:\/\/www.fabioferro.eu\/de\/wp-json\/wp\/v2\/product_tag?post=124836"}],"curies":[{"name":"wp","href":"https:\/\/api.w.org\/{rel}","templated":true}]}}