{"id":124849,"date":"2020-02-28T17:31:45","date_gmt":"2020-02-28T16:31:45","guid":{"rendered":"https:\/\/www.fabioferro.eu\/giovanni-raspini-rolo-due-fili-halskette-45-cm.html"},"modified":"2020-02-28T17:31:45","modified_gmt":"2020-02-28T16:31:45","slug":"giovanni-raspini-rolo-due-fili-halskette-45-cm","status":"publish","type":"product","link":"https:\/\/www.fabioferro.eu\/de\/giovanni-raspini-rolo-due-fili-halskette-45-cm.html","title":{"rendered":"Giovanni Raspini Rol\u00f2 Due Fili Halskette 45 cm"},"content":{"rendered":"<p>Einfache Raspini-Halskette aus 925er Silber.<\/p>\n<p>Verschluss mit Karabinerhaken mit Logo.<\/p>\n<p>Rolo-Ringe mit einem Durchmesser von 1,7 mm<\/p>\n<p>Hergestellt in Italien.<\/p>\n<p>L\u00e4ngste Fadenl\u00e4nge 45 cm, k\u00fcrzester Faden 42 cm.<\/p>\n<p>Gewicht 6,7 g.<\/p>\n<p>Die Halskette wird mit Box und offizieller Giovanni Raspini Garantie verkauft.<\/p>\n","protected":false},"excerpt":{"rendered":"<p>Halskette Giovanni Raspini Mini Rol\u00f2 Doppio Giro 45 cm<\/p>\n","protected":false},"featured_media":124856,"comment_status":"open","ping_status":"closed","template":"","meta":[],"product_brand":[],"product_cat":[7568],"product_tag":[7442],"class_list":{"0":"post-124849","1":"product","2":"type-product","3":"status-publish","4":"has-post-thumbnail","6":"product_cat-giovanni-raspini-halsketten","7":"product_tag-verfugbar","9":"first","10":"instock","11":"sale","12":"taxable","13":"shipping-taxable","14":"purchasable","15":"product-type-simple"},"exclude_global_add_ons":[],"addons":[],"df_price":117,"df_sale_price":117,"df_regular_price":130,"df_image_link":"https:\/\/cdn02.fabioferro.eu\/wp-content\/uploads\/virtuemart\/product\/10853_raspini_rolo_45_cm__1582911115_341.jpg","_links":{"self":[{"href":"https:\/\/www.fabioferro.eu\/de\/wp-json\/wp\/v2\/product\/124849","targetHints":{"allow":["GET"]}}],"collection":[{"href":"https:\/\/www.fabioferro.eu\/de\/wp-json\/wp\/v2\/product"}],"about":[{"href":"https:\/\/www.fabioferro.eu\/de\/wp-json\/wp\/v2\/types\/product"}],"replies":[{"embeddable":true,"href":"https:\/\/www.fabioferro.eu\/de\/wp-json\/wp\/v2\/comments?post=124849"}],"version-history":[{"count":0,"href":"https:\/\/www.fabioferro.eu\/de\/wp-json\/wp\/v2\/product\/124849\/revisions"}],"wp:featuredmedia":[{"embeddable":true,"href":"https:\/\/www.fabioferro.eu\/de\/wp-json\/wp\/v2\/media\/124856"}],"wp:attachment":[{"href":"https:\/\/www.fabioferro.eu\/de\/wp-json\/wp\/v2\/media?parent=124849"}],"wp:term":[{"taxonomy":"product_brand","embeddable":true,"href":"https:\/\/www.fabioferro.eu\/de\/wp-json\/wp\/v2\/product_brand?post=124849"},{"taxonomy":"product_cat","embeddable":true,"href":"https:\/\/www.fabioferro.eu\/de\/wp-json\/wp\/v2\/product_cat?post=124849"},{"taxonomy":"product_tag","embeddable":true,"href":"https:\/\/www.fabioferro.eu\/de\/wp-json\/wp\/v2\/product_tag?post=124849"}],"curies":[{"name":"wp","href":"https:\/\/api.w.org\/{rel}","templated":true}]}}