{"id":124872,"date":"2020-02-29T09:37:51","date_gmt":"2020-02-29T08:37:51","guid":{"rendered":"https:\/\/www.fabioferro.eu\/amen-gelbvergoldete-silber-gluecksbringer-ohrringe.html"},"modified":"2024-10-01T16:22:08","modified_gmt":"2024-10-01T14:22:08","slug":"amen-gelbvergoldete-silber-gluecksbringer-ohrringe","status":"publish","type":"product","link":"https:\/\/www.fabioferro.eu\/de\/amen-gelbvergoldete-silber-gluecksbringer-ohrringe.html","title":{"rendered":"Amen Gelbvergoldete Silber Gl\u00fccksbringer-Ohrringe"},"content":{"rendered":"<p>925 Sterling Silber vergoldete Ohrringe Drei Gl\u00fccksbringer-Anh\u00e4nger, darunter ein vierbl\u00e4ttriges Kleeblatt, ein Hufeisen und ein Marienk\u00e4fer. Verschluss mit Schmetterling mit Logo. Handgefertigt in Italien. Verkauft mit Box und offizieller Amen-Garantie.<\/p>\n","protected":false},"excerpt":{"rendered":"<p>Amen 925 Sterling Silber Vergoldete Gl\u00fccks-Ohrringe<\/p>\n","protected":false},"featured_media":124884,"comment_status":"open","ping_status":"closed","template":"","meta":[],"product_brand":[200],"product_cat":[6342,7620],"product_tag":[7442],"class_list":{"0":"post-124872","1":"product","2":"type-product","3":"status-publish","4":"has-post-thumbnail","6":"product_brand-amen","7":"product_cat-amen-ohrringe","8":"product_cat-outlet-schmuck","9":"product_tag-verfugbar","11":"first","12":"instock","13":"sale","14":"taxable","15":"shipping-taxable","16":"purchasable","17":"product-type-simple"},"exclude_global_add_ons":[],"addons":[],"df_price":23.94,"df_sale_price":23.94,"df_regular_price":39.9,"df_image_link":"https:\/\/cdn02.fabioferro.eu\/wp-content\/uploads\/virtuemart\/product\/ORLAFOG_orecchini_argento_placcato_portafortuna__1582969082_26.jpg","_links":{"self":[{"href":"https:\/\/www.fabioferro.eu\/de\/wp-json\/wp\/v2\/product\/124872","targetHints":{"allow":["GET"]}}],"collection":[{"href":"https:\/\/www.fabioferro.eu\/de\/wp-json\/wp\/v2\/product"}],"about":[{"href":"https:\/\/www.fabioferro.eu\/de\/wp-json\/wp\/v2\/types\/product"}],"replies":[{"embeddable":true,"href":"https:\/\/www.fabioferro.eu\/de\/wp-json\/wp\/v2\/comments?post=124872"}],"version-history":[{"count":0,"href":"https:\/\/www.fabioferro.eu\/de\/wp-json\/wp\/v2\/product\/124872\/revisions"}],"wp:featuredmedia":[{"embeddable":true,"href":"https:\/\/www.fabioferro.eu\/de\/wp-json\/wp\/v2\/media\/124884"}],"wp:attachment":[{"href":"https:\/\/www.fabioferro.eu\/de\/wp-json\/wp\/v2\/media?parent=124872"}],"wp:term":[{"taxonomy":"product_brand","embeddable":true,"href":"https:\/\/www.fabioferro.eu\/de\/wp-json\/wp\/v2\/product_brand?post=124872"},{"taxonomy":"product_cat","embeddable":true,"href":"https:\/\/www.fabioferro.eu\/de\/wp-json\/wp\/v2\/product_cat?post=124872"},{"taxonomy":"product_tag","embeddable":true,"href":"https:\/\/www.fabioferro.eu\/de\/wp-json\/wp\/v2\/product_tag?post=124872"}],"curies":[{"name":"wp","href":"https:\/\/api.w.org\/{rel}","templated":true}]}}