{"id":124889,"date":"2020-02-28T18:28:37","date_gmt":"2020-02-28T17:28:37","guid":{"rendered":"https:\/\/www.fabioferro.eu\/amen-kreuz-ring-mit-zirkonen-in-925-silber.html"},"modified":"2024-10-01T16:23:56","modified_gmt":"2024-10-01T14:23:56","slug":"amen-kreuz-ring-mit-zirkonen-in-925-silber","status":"publish","type":"product","link":"https:\/\/www.fabioferro.eu\/de\/amen-kreuz-ring-mit-zirkonen-in-925-silber.html","title":{"rendered":"Amen Kreuz Ring mit Zirkonen in 925 Silber Gr\u00f6\u00dfe 16"},"content":{"rendered":"<p>Schmuckst\u00fccke, die durch ein schlichtes Kreuz aus Zirkonia Eleganz ausstrahlen. Erstellt in Italien. Sterlingsilber mit 925\/1000 Titel und kreuzf\u00f6rmig angeordneten Zirkonen. Ringst\u00e4rke 1 mm, Kreuz 11 mm breit. Fingergr\u00f6\u00dfe 16 Ring verkauft mit original Amen-Box und Garantie.<\/p>\n","protected":false},"excerpt":{"rendered":"<p>Amen Kreuz Ring mit Zirkonen in 925 Silber<\/p>\n","protected":false},"featured_media":124899,"comment_status":"open","ping_status":"closed","template":"","meta":[],"product_brand":[200],"product_cat":[6668,7620],"product_tag":[7442],"class_list":{"0":"post-124889","1":"product","2":"type-product","3":"status-publish","4":"has-post-thumbnail","6":"product_brand-amen","7":"product_cat-amen-ringe","8":"product_cat-outlet-schmuck","9":"product_tag-verfugbar","11":"first","12":"instock","13":"sale","14":"taxable","15":"shipping-taxable","16":"purchasable","17":"product-type-simple"},"exclude_global_add_ons":[],"addons":[],"df_price":23.94,"df_sale_price":23.94,"df_regular_price":39.9,"df_image_link":"https:\/\/cdn02.fabioferro.eu\/wp-content\/uploads\/virtuemart\/product\/RCRBBZ_anello_croce_amen__1582914524_241.jpg","_links":{"self":[{"href":"https:\/\/www.fabioferro.eu\/de\/wp-json\/wp\/v2\/product\/124889","targetHints":{"allow":["GET"]}}],"collection":[{"href":"https:\/\/www.fabioferro.eu\/de\/wp-json\/wp\/v2\/product"}],"about":[{"href":"https:\/\/www.fabioferro.eu\/de\/wp-json\/wp\/v2\/types\/product"}],"replies":[{"embeddable":true,"href":"https:\/\/www.fabioferro.eu\/de\/wp-json\/wp\/v2\/comments?post=124889"}],"version-history":[{"count":0,"href":"https:\/\/www.fabioferro.eu\/de\/wp-json\/wp\/v2\/product\/124889\/revisions"}],"wp:featuredmedia":[{"embeddable":true,"href":"https:\/\/www.fabioferro.eu\/de\/wp-json\/wp\/v2\/media\/124899"}],"wp:attachment":[{"href":"https:\/\/www.fabioferro.eu\/de\/wp-json\/wp\/v2\/media?parent=124889"}],"wp:term":[{"taxonomy":"product_brand","embeddable":true,"href":"https:\/\/www.fabioferro.eu\/de\/wp-json\/wp\/v2\/product_brand?post=124889"},{"taxonomy":"product_cat","embeddable":true,"href":"https:\/\/www.fabioferro.eu\/de\/wp-json\/wp\/v2\/product_cat?post=124889"},{"taxonomy":"product_tag","embeddable":true,"href":"https:\/\/www.fabioferro.eu\/de\/wp-json\/wp\/v2\/product_tag?post=124889"}],"curies":[{"name":"wp","href":"https:\/\/api.w.org\/{rel}","templated":true}]}}