{"id":124979,"date":"2024-02-10T16:23:45","date_gmt":"2024-02-10T15:23:45","guid":{"rendered":"https:\/\/www.fabioferro.eu\/madi-anhaenger-ohrringe-mit-blauem-hydrothermalquarz.html"},"modified":"2025-03-11T18:09:20","modified_gmt":"2025-03-11T17:09:20","slug":"madi-anhaenger-ohrringe-mit-blauem-hydrothermalquarz","status":"publish","type":"product","link":"https:\/\/www.fabioferro.eu\/de\/madi-anhaenger-ohrringe-mit-blauem-hydrothermalquarz.html","title":{"rendered":"Madi Anh\u00e4nger-Ohrringe mit blauem Hydrothermalquarz"},"content":{"rendered":"<p>Mad\u00ec Anh\u00e4nger-Ohrringe aus 925er Silber, versilbert in einem Ros\u00e9gold-Bad.<\/p>\n<p>Ein einzelner \u00f6kologischer hydrothermaler Quarz in hellblauer Farbe auf jedem Schmuckst\u00fcck.<\/p>\n<p>Hergestellt von italienischen Handwerkern, Made in Italy.<\/p>\n<p>Bequemer Klickverschluss.<\/p>\n<p>Wird mit zwei Jahren Garantie, Einkaufstasche und offizieller Mad\u00ec-Box geliefert.<\/p>\n","protected":false},"excerpt":{"rendered":"<p>Mad\u00ec hellblaue Ohrringe: Wesentlichkeit, Charakter und raffinierte Anmut.<\/p>\n","protected":false},"featured_media":124954,"comment_status":"open","ping_status":"closed","template":"","meta":[],"product_brand":[],"product_cat":[5921],"product_tag":[],"class_list":{"0":"post-124979","1":"product","2":"type-product","3":"status-publish","4":"has-post-thumbnail","6":"product_cat-madi-ohrringe","8":"first","9":"instock","10":"sale","11":"taxable","12":"shipping-taxable","13":"purchasable","14":"product-type-simple"},"exclude_global_add_ons":[],"addons":[],"df_price":116.55,"df_sale_price":116.55,"df_regular_price":129.5,"df_image_link":"https:\/\/cdn02.fabioferro.eu\/wp-content\/uploads\/Orecchini-Madi-Pendenti-con-Quarzi-Idrotermali-Azzurri.jpg","_links":{"self":[{"href":"https:\/\/www.fabioferro.eu\/de\/wp-json\/wp\/v2\/product\/124979","targetHints":{"allow":["GET"]}}],"collection":[{"href":"https:\/\/www.fabioferro.eu\/de\/wp-json\/wp\/v2\/product"}],"about":[{"href":"https:\/\/www.fabioferro.eu\/de\/wp-json\/wp\/v2\/types\/product"}],"replies":[{"embeddable":true,"href":"https:\/\/www.fabioferro.eu\/de\/wp-json\/wp\/v2\/comments?post=124979"}],"version-history":[{"count":0,"href":"https:\/\/www.fabioferro.eu\/de\/wp-json\/wp\/v2\/product\/124979\/revisions"}],"wp:featuredmedia":[{"embeddable":true,"href":"https:\/\/www.fabioferro.eu\/de\/wp-json\/wp\/v2\/media\/124954"}],"wp:attachment":[{"href":"https:\/\/www.fabioferro.eu\/de\/wp-json\/wp\/v2\/media?parent=124979"}],"wp:term":[{"taxonomy":"product_brand","embeddable":true,"href":"https:\/\/www.fabioferro.eu\/de\/wp-json\/wp\/v2\/product_brand?post=124979"},{"taxonomy":"product_cat","embeddable":true,"href":"https:\/\/www.fabioferro.eu\/de\/wp-json\/wp\/v2\/product_cat?post=124979"},{"taxonomy":"product_tag","embeddable":true,"href":"https:\/\/www.fabioferro.eu\/de\/wp-json\/wp\/v2\/product_tag?post=124979"}],"curies":[{"name":"wp","href":"https:\/\/api.w.org\/{rel}","templated":true}]}}