{"id":124980,"date":"2024-02-10T16:23:09","date_gmt":"2024-02-10T15:23:09","guid":{"rendered":"https:\/\/www.fabioferro.eu\/madi-nuvole-collection-halskette-mit-gefaerbtem-hydrothermalquarz.html"},"modified":"2025-03-11T18:09:13","modified_gmt":"2025-03-11T17:09:13","slug":"madi-nuvole-collection-halskette-mit-gefaerbtem-hydrothermalquarz","status":"publish","type":"product","link":"https:\/\/www.fabioferro.eu\/de\/madi-nuvole-collection-halskette-mit-gefaerbtem-hydrothermalquarz.html","title":{"rendered":"Madi Clouds Collection Halskette mit gef\u00e4rbtem Hydrothermalquarz"},"content":{"rendered":"<p>Halskette komplett aus ros\u00e9vergoldetem 925er Silber.<\/p>\n<p>Mit zwei hydrothermalen Quarzen unterschiedlicher Gr\u00f6\u00dfe in Blaut\u00f6nen.<\/p>\n<p>Die Gesamtl\u00e4nge der Halskette betr\u00e4gt 42 cm mit Anh\u00e4ngern, die 3,5 cm tief sind.<\/p>\n<p>Verschluss mit Karabiner.<\/p>\n<p>Komplett handgefertigt, Made in Italy.<\/p>\n<p>Die Halskette wird mit offizieller Mad\u00ec Box, Einkaufstasche und zwei Jahren Garantie geliefert.<\/p>\n<p>&nbsp;<\/p>\n","protected":false},"excerpt":{"rendered":"<p>Mad\u00ec Halskette, \u00fcberraschende Eleganz und unwiderstehlicher Charme.<\/p>\n","protected":false},"featured_media":124940,"comment_status":"open","ping_status":"closed","template":"","meta":[],"product_brand":[],"product_cat":[5951],"product_tag":[7442],"class_list":{"0":"post-124980","1":"product","2":"type-product","3":"status-publish","4":"has-post-thumbnail","6":"product_cat-madi-halsketten","7":"product_tag-verfugbar","9":"first","10":"instock","11":"sale","12":"taxable","13":"shipping-taxable","14":"purchasable","15":"product-type-simple"},"exclude_global_add_ons":[],"addons":[],"df_price":116.55,"df_sale_price":116.55,"df_regular_price":129.5,"df_image_link":"https:\/\/cdn02.fabioferro.eu\/wp-content\/uploads\/Collana-Madi-Collezione-Nuvole-con-Quarzi-Idrotermali-colorati.jpg","_links":{"self":[{"href":"https:\/\/www.fabioferro.eu\/de\/wp-json\/wp\/v2\/product\/124980","targetHints":{"allow":["GET"]}}],"collection":[{"href":"https:\/\/www.fabioferro.eu\/de\/wp-json\/wp\/v2\/product"}],"about":[{"href":"https:\/\/www.fabioferro.eu\/de\/wp-json\/wp\/v2\/types\/product"}],"replies":[{"embeddable":true,"href":"https:\/\/www.fabioferro.eu\/de\/wp-json\/wp\/v2\/comments?post=124980"}],"version-history":[{"count":0,"href":"https:\/\/www.fabioferro.eu\/de\/wp-json\/wp\/v2\/product\/124980\/revisions"}],"wp:featuredmedia":[{"embeddable":true,"href":"https:\/\/www.fabioferro.eu\/de\/wp-json\/wp\/v2\/media\/124940"}],"wp:attachment":[{"href":"https:\/\/www.fabioferro.eu\/de\/wp-json\/wp\/v2\/media?parent=124980"}],"wp:term":[{"taxonomy":"product_brand","embeddable":true,"href":"https:\/\/www.fabioferro.eu\/de\/wp-json\/wp\/v2\/product_brand?post=124980"},{"taxonomy":"product_cat","embeddable":true,"href":"https:\/\/www.fabioferro.eu\/de\/wp-json\/wp\/v2\/product_cat?post=124980"},{"taxonomy":"product_tag","embeddable":true,"href":"https:\/\/www.fabioferro.eu\/de\/wp-json\/wp\/v2\/product_tag?post=124980"}],"curies":[{"name":"wp","href":"https:\/\/api.w.org\/{rel}","templated":true}]}}