{"id":124988,"date":"2024-02-10T16:22:55","date_gmt":"2024-02-10T15:22:55","guid":{"rendered":"https:\/\/www.fabioferro.eu\/madi-anhaenger-ohrringe-mit-farbigem-hydrothermalquarz.html"},"modified":"2025-08-06T13:07:21","modified_gmt":"2025-08-06T11:07:21","slug":"madi-anhaenger-ohrringe-mit-farbigem-hydrothermalquarz","status":"publish","type":"product","link":"https:\/\/www.fabioferro.eu\/de\/madi-anhaenger-ohrringe-mit-farbigem-hydrothermalquarz.html","title":{"rendered":"Madi Anh\u00e4nger-Ohrringe mit farbigem Hydrothermalquarz"},"content":{"rendered":"<p>Ohrringe aus 925 ros\u00e9vergoldetem Silber. Hydrothermalquarz in verschiedenen Blaut\u00f6nen auf beiden Schmuckst\u00fccken. Handgefertigt, Made in Italy. Bequemer Klickverschluss, schnell zu tragen. Kommt mit offizieller Mad\u00ec Box, Einkaufstasche und zwei Jahren Garantie.<\/p>\n","protected":false},"excerpt":{"rendered":"<p>Ein Paar Quarzsteine in schattierten Blaut\u00f6nen, die dank ihrer markanten Form elegant wirken.<\/p>\n","protected":false},"featured_media":124933,"comment_status":"open","ping_status":"closed","template":"","meta":[],"product_brand":[],"product_cat":[5921],"product_tag":[7442],"class_list":{"0":"post-124988","1":"product","2":"type-product","3":"status-publish","4":"has-post-thumbnail","6":"product_cat-madi-ohrringe","7":"product_tag-verfugbar","9":"first","10":"instock","11":"sale","12":"taxable","13":"shipping-taxable","14":"purchasable","15":"product-type-simple"},"exclude_global_add_ons":[],"addons":[],"df_price":134.55,"df_sale_price":134.55,"df_regular_price":149.5,"df_image_link":"https:\/\/cdn02.fabioferro.eu\/wp-content\/uploads\/Orecchini-Madi-Pendenti-con-Quarzi-Idrotermali-Colorati.jpg","_links":{"self":[{"href":"https:\/\/www.fabioferro.eu\/de\/wp-json\/wp\/v2\/product\/124988","targetHints":{"allow":["GET"]}}],"collection":[{"href":"https:\/\/www.fabioferro.eu\/de\/wp-json\/wp\/v2\/product"}],"about":[{"href":"https:\/\/www.fabioferro.eu\/de\/wp-json\/wp\/v2\/types\/product"}],"replies":[{"embeddable":true,"href":"https:\/\/www.fabioferro.eu\/de\/wp-json\/wp\/v2\/comments?post=124988"}],"version-history":[{"count":1,"href":"https:\/\/www.fabioferro.eu\/de\/wp-json\/wp\/v2\/product\/124988\/revisions"}],"predecessor-version":[{"id":193040,"href":"https:\/\/www.fabioferro.eu\/de\/wp-json\/wp\/v2\/product\/124988\/revisions\/193040"}],"wp:featuredmedia":[{"embeddable":true,"href":"https:\/\/www.fabioferro.eu\/de\/wp-json\/wp\/v2\/media\/124933"}],"wp:attachment":[{"href":"https:\/\/www.fabioferro.eu\/de\/wp-json\/wp\/v2\/media?parent=124988"}],"wp:term":[{"taxonomy":"product_brand","embeddable":true,"href":"https:\/\/www.fabioferro.eu\/de\/wp-json\/wp\/v2\/product_brand?post=124988"},{"taxonomy":"product_cat","embeddable":true,"href":"https:\/\/www.fabioferro.eu\/de\/wp-json\/wp\/v2\/product_cat?post=124988"},{"taxonomy":"product_tag","embeddable":true,"href":"https:\/\/www.fabioferro.eu\/de\/wp-json\/wp\/v2\/product_tag?post=124988"}],"curies":[{"name":"wp","href":"https:\/\/api.w.org\/{rel}","templated":true}]}}