{"id":124989,"date":"2024-02-10T16:23:33","date_gmt":"2024-02-10T15:23:33","guid":{"rendered":"https:\/\/www.fabioferro.eu\/madi-nuvole-halskette-mit-blauem-und-blauem-hydrothermalquarz.html"},"modified":"2025-06-06T16:14:09","modified_gmt":"2025-06-06T14:14:09","slug":"madi-nuvole-halskette-mit-blauem-und-blauem-hydrothermalquarz","status":"publish","type":"product","link":"https:\/\/www.fabioferro.eu\/de\/madi-nuvole-halskette-mit-blauem-und-blauem-hydrothermalquarz.html","title":{"rendered":"Madi Nuvole Halskette mit blauem und blauem Hydrothermalquarz"},"content":{"rendered":"<p>Halskette aus ros\u00e9vergoldetem 925er Silber.<\/p>\n<p>Bestehend aus zwei \u00f6kologischen hydrothermalen Quarzen in verschiedenen Blaut\u00f6nen und Gr\u00f6\u00dfen.<\/p>\n<p>Gesamtl\u00e4nge der Halskette 42 cm mit Anh\u00e4ngern, die 3,5 cm abfallen.<\/p>\n<p>Vollst\u00e4ndig von Hand gefertigte Halskette, Made in Italy.<\/p>\n<p>Bequemer und sicherer Karabinerverschluss.<\/p>\n<p>Lieferung mit offizieller Mad\u00ec-Box, zweij\u00e4hriger Garantie und Einkaufstasche.<\/p>\n","protected":false},"excerpt":{"rendered":"<p>Faszinierende Blauschattierungen bilden ein Ensemble von unglaublicher Sch\u00f6nheit.<\/p>\n","protected":false},"featured_media":124946,"comment_status":"open","ping_status":"closed","template":"","meta":[],"product_brand":[],"product_cat":[5951],"product_tag":[],"class_list":{"0":"post-124989","1":"product","2":"type-product","3":"status-publish","4":"has-post-thumbnail","6":"product_cat-madi-halsketten","8":"first","9":"instock","10":"sale","11":"taxable","12":"shipping-taxable","13":"purchasable","14":"product-type-simple"},"exclude_global_add_ons":[],"addons":[],"df_price":116.55,"df_sale_price":116.55,"df_regular_price":129.5,"df_image_link":"https:\/\/cdn02.fabioferro.eu\/wp-content\/uploads\/Collana-Madi-Nuvole-con-Quarzi-Idrotermali-Blu-e-Azzurro.jpg","_links":{"self":[{"href":"https:\/\/www.fabioferro.eu\/de\/wp-json\/wp\/v2\/product\/124989","targetHints":{"allow":["GET"]}}],"collection":[{"href":"https:\/\/www.fabioferro.eu\/de\/wp-json\/wp\/v2\/product"}],"about":[{"href":"https:\/\/www.fabioferro.eu\/de\/wp-json\/wp\/v2\/types\/product"}],"replies":[{"embeddable":true,"href":"https:\/\/www.fabioferro.eu\/de\/wp-json\/wp\/v2\/comments?post=124989"}],"version-history":[{"count":0,"href":"https:\/\/www.fabioferro.eu\/de\/wp-json\/wp\/v2\/product\/124989\/revisions"}],"wp:featuredmedia":[{"embeddable":true,"href":"https:\/\/www.fabioferro.eu\/de\/wp-json\/wp\/v2\/media\/124946"}],"wp:attachment":[{"href":"https:\/\/www.fabioferro.eu\/de\/wp-json\/wp\/v2\/media?parent=124989"}],"wp:term":[{"taxonomy":"product_brand","embeddable":true,"href":"https:\/\/www.fabioferro.eu\/de\/wp-json\/wp\/v2\/product_brand?post=124989"},{"taxonomy":"product_cat","embeddable":true,"href":"https:\/\/www.fabioferro.eu\/de\/wp-json\/wp\/v2\/product_cat?post=124989"},{"taxonomy":"product_tag","embeddable":true,"href":"https:\/\/www.fabioferro.eu\/de\/wp-json\/wp\/v2\/product_tag?post=124989"}],"curies":[{"name":"wp","href":"https:\/\/api.w.org\/{rel}","templated":true}]}}