{"id":125171,"date":"2024-02-12T10:29:44","date_gmt":"2024-02-12T09:29:44","guid":{"rendered":"https:\/\/www.fabioferro.eu\/madi-nuvole-collection-solitaerring-mit-hellblauem-hydrothermalquarz.html"},"modified":"2024-10-30T09:46:14","modified_gmt":"2024-10-30T08:46:14","slug":"madi-nuvole-collection-solitaerring-mit-hellblauem-hydrothermalquarz","status":"publish","type":"product","link":"https:\/\/www.fabioferro.eu\/de\/madi-nuvole-collection-solitaerring-mit-hellblauem-hydrothermalquarz.html","title":{"rendered":"Madi Nuvole Collection Solit\u00e4rring mit hellblauem Hydrothermalquarz"},"content":{"rendered":"<p>Solit\u00e4rring Mad\u00ec aus ros\u00e9vergoldetem 925er Silber. Pr\u00e4sentiert einen \u00f6kologischen hydrothermalen Quarz von bescheidener Gr\u00f6\u00dfe in blauer Farbe. Hergestellt von italienischen Handwerkern, Made in Italy. Wird mit einer zweij\u00e4hrigen Garantie, offizieller Box und Einkaufstasche geliefert.<\/p>\n<p>&nbsp;<\/p>\n","protected":false},"excerpt":{"rendered":"<p>Gro\u00df, strahlend und vor allem blau. Ein bescheidener Ring, aber voller Pers\u00f6nlichkeit.<\/p>\n","protected":false},"featured_media":125013,"comment_status":"open","ping_status":"closed","template":"","meta":[],"product_brand":[203],"product_cat":[7595],"product_tag":[7442],"class_list":{"0":"post-125171","1":"product","2":"type-product","3":"status-publish","4":"has-post-thumbnail","6":"product_brand-madi","7":"product_cat-madi-ringe-de","8":"product_tag-verfugbar","10":"first","11":"instock","12":"sale","13":"taxable","14":"shipping-taxable","15":"purchasable","16":"product-type-variable","17":"has-default-attributes"},"exclude_global_add_ons":[],"addons":[],"df_price":112.5,"df_sale_price":"","df_regular_price":112.5,"df_image_link":"https:\/\/cdn02.fabioferro.eu\/wp-content\/uploads\/Anello-Madi-Solitario-Collezione-Nuvole-con-Quarzo-Idrotermale-Azzurro.jpg","_links":{"self":[{"href":"https:\/\/www.fabioferro.eu\/de\/wp-json\/wp\/v2\/product\/125171","targetHints":{"allow":["GET"]}}],"collection":[{"href":"https:\/\/www.fabioferro.eu\/de\/wp-json\/wp\/v2\/product"}],"about":[{"href":"https:\/\/www.fabioferro.eu\/de\/wp-json\/wp\/v2\/types\/product"}],"replies":[{"embeddable":true,"href":"https:\/\/www.fabioferro.eu\/de\/wp-json\/wp\/v2\/comments?post=125171"}],"version-history":[{"count":0,"href":"https:\/\/www.fabioferro.eu\/de\/wp-json\/wp\/v2\/product\/125171\/revisions"}],"wp:featuredmedia":[{"embeddable":true,"href":"https:\/\/www.fabioferro.eu\/de\/wp-json\/wp\/v2\/media\/125013"}],"wp:attachment":[{"href":"https:\/\/www.fabioferro.eu\/de\/wp-json\/wp\/v2\/media?parent=125171"}],"wp:term":[{"taxonomy":"product_brand","embeddable":true,"href":"https:\/\/www.fabioferro.eu\/de\/wp-json\/wp\/v2\/product_brand?post=125171"},{"taxonomy":"product_cat","embeddable":true,"href":"https:\/\/www.fabioferro.eu\/de\/wp-json\/wp\/v2\/product_cat?post=125171"},{"taxonomy":"product_tag","embeddable":true,"href":"https:\/\/www.fabioferro.eu\/de\/wp-json\/wp\/v2\/product_tag?post=125171"}],"curies":[{"name":"wp","href":"https:\/\/api.w.org\/{rel}","templated":true}]}}