{"id":125174,"date":"2024-02-12T10:30:03","date_gmt":"2024-02-12T09:30:03","guid":{"rendered":"https:\/\/www.fabioferro.eu\/ring-madi-nuvole-mit-hellblauem-hydrothermalem-quarz.html"},"modified":"2024-10-30T09:46:15","modified_gmt":"2024-10-30T08:46:15","slug":"ring-madi-nuvole-mit-hellblauem-hydrothermalem-quarz","status":"publish","type":"product","link":"https:\/\/www.fabioferro.eu\/de\/ring-madi-nuvole-mit-hellblauem-hydrothermalem-quarz.html","title":{"rendered":"Ring Madi Nuvole mit hellblauem hydrothermalem Quarz"},"content":{"rendered":"<p>Solit\u00e4rring aus ros\u00e9farbenem 925er Silber. Ein einzigartiger \u00f6kologischer hydrothermaler Quarz von bescheidener Gr\u00f6\u00dfe in hellblauer Farbe. Handgefertigt in Italien, Made in Italy. Wird mit einer offiziellen Mad\u00ec-Box, zwei Jahren Garantie und Einkaufstasche geliefert.<\/p>\n","protected":false},"excerpt":{"rendered":"<p>Ein minimalistischer Ring, zart und voller Raffinesse.<\/p>\n","protected":false},"featured_media":125021,"comment_status":"open","ping_status":"closed","template":"","meta":[],"product_brand":[],"product_cat":[7595],"product_tag":[],"class_list":{"0":"post-125174","1":"product","2":"type-product","3":"status-publish","4":"has-post-thumbnail","6":"product_cat-madi-ringe-de","8":"first","9":"instock","10":"sale","11":"taxable","12":"shipping-taxable","13":"purchasable","14":"product-type-variable","15":"has-default-attributes"},"exclude_global_add_ons":[],"addons":[],"df_price":112.5,"df_sale_price":"","df_regular_price":112.5,"df_image_link":"https:\/\/cdn02.fabioferro.eu\/wp-content\/uploads\/Anello-Madi-Nuvole-con-Quarzo-Idrotermale-Blu-Chiaro.jpg","_links":{"self":[{"href":"https:\/\/www.fabioferro.eu\/de\/wp-json\/wp\/v2\/product\/125174","targetHints":{"allow":["GET"]}}],"collection":[{"href":"https:\/\/www.fabioferro.eu\/de\/wp-json\/wp\/v2\/product"}],"about":[{"href":"https:\/\/www.fabioferro.eu\/de\/wp-json\/wp\/v2\/types\/product"}],"replies":[{"embeddable":true,"href":"https:\/\/www.fabioferro.eu\/de\/wp-json\/wp\/v2\/comments?post=125174"}],"version-history":[{"count":0,"href":"https:\/\/www.fabioferro.eu\/de\/wp-json\/wp\/v2\/product\/125174\/revisions"}],"wp:featuredmedia":[{"embeddable":true,"href":"https:\/\/www.fabioferro.eu\/de\/wp-json\/wp\/v2\/media\/125021"}],"wp:attachment":[{"href":"https:\/\/www.fabioferro.eu\/de\/wp-json\/wp\/v2\/media?parent=125174"}],"wp:term":[{"taxonomy":"product_brand","embeddable":true,"href":"https:\/\/www.fabioferro.eu\/de\/wp-json\/wp\/v2\/product_brand?post=125174"},{"taxonomy":"product_cat","embeddable":true,"href":"https:\/\/www.fabioferro.eu\/de\/wp-json\/wp\/v2\/product_cat?post=125174"},{"taxonomy":"product_tag","embeddable":true,"href":"https:\/\/www.fabioferro.eu\/de\/wp-json\/wp\/v2\/product_tag?post=125174"}],"curies":[{"name":"wp","href":"https:\/\/api.w.org\/{rel}","templated":true}]}}