{"id":125175,"date":"2024-02-12T10:28:25","date_gmt":"2024-02-12T09:28:25","guid":{"rendered":"https:\/\/www.fabioferro.eu\/madi-safari-halskette-mit-gruenem-hydrothermalen-quarz-und-zirkonen.html"},"modified":"2025-03-11T18:09:43","modified_gmt":"2025-03-11T17:09:43","slug":"madi-safari-halskette-mit-gruenem-hydrothermalen-quarz-und-zirkonen","status":"publish","type":"product","link":"https:\/\/www.fabioferro.eu\/de\/madi-safari-halskette-mit-gruenem-hydrothermalen-quarz-und-zirkonen.html","title":{"rendered":"Madi Safari Halskette mit gr\u00fcnem hydrothermalen Quarz und Zirkonen"},"content":{"rendered":"<p>Vollst\u00e4ndig aus ros\u00e9farbenem 925er Silber gefertigt.<\/p>\n<p>Gesamtl\u00e4nge der Kette 42 cm, Einheitsgr\u00f6\u00dfe f\u00fcr alle.<\/p>\n<p>Die Anh\u00e4nger haben eine H\u00f6he von 3,5 cm. Er besteht aus kubischem Zirkon und gr\u00fcnem hydrothermalen Quarz.<\/p>\n<p>Bequemer und praktischer Karabinerhakenverschluss.<\/p>\n<p>Vollst\u00e4ndig von Handwerkern hergestellt, Made in Italy.<\/p>\n<p>Die Halskette wird mit einer offiziellen Mad\u00ec-Box, zwei Jahren Garantie und einer Einkaufstasche geliefert.<\/p>\n","protected":false},"excerpt":{"rendered":"<p>Eine Halskette mit unvergleichlicher Farbe und Leuchtkraft, die auf Schritt und Tritt zu \u00fcberraschen wei\u00df.<\/p>\n","protected":false},"featured_media":125111,"comment_status":"open","ping_status":"closed","template":"","meta":[],"product_brand":[],"product_cat":[5951],"product_tag":[],"class_list":{"0":"post-125175","1":"product","2":"type-product","3":"status-publish","4":"has-post-thumbnail","6":"product_cat-madi-halsketten","8":"first","9":"instock","10":"sale","11":"taxable","12":"shipping-taxable","13":"purchasable","14":"product-type-simple"},"exclude_global_add_ons":[],"addons":[],"df_price":140.4,"df_sale_price":140.4,"df_regular_price":156,"df_image_link":"https:\/\/cdn02.fabioferro.eu\/wp-content\/uploads\/Collana-Madi-Safari-con-Quarzi-Idrotermali-Verdi-e-Zirconi.jpg","_links":{"self":[{"href":"https:\/\/www.fabioferro.eu\/de\/wp-json\/wp\/v2\/product\/125175","targetHints":{"allow":["GET"]}}],"collection":[{"href":"https:\/\/www.fabioferro.eu\/de\/wp-json\/wp\/v2\/product"}],"about":[{"href":"https:\/\/www.fabioferro.eu\/de\/wp-json\/wp\/v2\/types\/product"}],"replies":[{"embeddable":true,"href":"https:\/\/www.fabioferro.eu\/de\/wp-json\/wp\/v2\/comments?post=125175"}],"version-history":[{"count":0,"href":"https:\/\/www.fabioferro.eu\/de\/wp-json\/wp\/v2\/product\/125175\/revisions"}],"wp:featuredmedia":[{"embeddable":true,"href":"https:\/\/www.fabioferro.eu\/de\/wp-json\/wp\/v2\/media\/125111"}],"wp:attachment":[{"href":"https:\/\/www.fabioferro.eu\/de\/wp-json\/wp\/v2\/media?parent=125175"}],"wp:term":[{"taxonomy":"product_brand","embeddable":true,"href":"https:\/\/www.fabioferro.eu\/de\/wp-json\/wp\/v2\/product_brand?post=125175"},{"taxonomy":"product_cat","embeddable":true,"href":"https:\/\/www.fabioferro.eu\/de\/wp-json\/wp\/v2\/product_cat?post=125175"},{"taxonomy":"product_tag","embeddable":true,"href":"https:\/\/www.fabioferro.eu\/de\/wp-json\/wp\/v2\/product_tag?post=125175"}],"curies":[{"name":"wp","href":"https:\/\/api.w.org\/{rel}","templated":true}]}}