{"id":125199,"date":"2024-02-12T10:27:48","date_gmt":"2024-02-12T09:27:48","guid":{"rendered":"https:\/\/www.fabioferro.eu\/madi-safari-collection-halskette-mit-gruenem-hydrothermalquarz-und-malachit.html"},"modified":"2025-03-11T18:09:33","modified_gmt":"2025-03-11T17:09:33","slug":"madi-safari-collection-halskette-mit-gruenem-hydrothermalquarz-und-malachit","status":"publish","type":"product","link":"https:\/\/www.fabioferro.eu\/de\/madi-safari-collection-halskette-mit-gruenem-hydrothermalquarz-und-malachit.html","title":{"rendered":"Madi Safari Collection Halskette mit gr\u00fcnem Hydrothermalquarz und Malachit"},"content":{"rendered":"<p>Mad\u00ec Halskette komplett aus ros\u00e9farbenem 925er Silber. Die L\u00e4nge ist zwischen 44 cm und 48 cm verstellbar. Die gefassten Steine sind gr\u00fcner hydrothermaler Quarz, Malachit und Zirkone. Hergestellt von Kunsthandwerkern, Made in Italy. Es gibt einen speziellen Karabinerhaken f\u00fcr einen sicheren Verschluss. Geliefert mit zwei Jahren Garantie, offizieller Mad\u00ec Box und Einkaufstasche.<\/p>\n","protected":false},"excerpt":{"rendered":"<p>Ein Schmuckst\u00fcck, das jeder Frau, die es tr\u00e4gt, Leichtigkeit und Ausstrahlung verleiht.<\/p>\n","protected":false},"featured_media":125161,"comment_status":"open","ping_status":"closed","template":"","meta":[],"product_brand":[],"product_cat":[5951],"product_tag":[7442],"class_list":{"0":"post-125199","1":"product","2":"type-product","3":"status-publish","4":"has-post-thumbnail","6":"product_cat-madi-halsketten","7":"product_tag-verfugbar","9":"first","10":"instock","11":"sale","12":"taxable","13":"shipping-taxable","14":"purchasable","15":"product-type-simple"},"exclude_global_add_ons":[],"addons":[],"df_price":215.1,"df_sale_price":215.1,"df_regular_price":239,"df_image_link":"https:\/\/cdn02.fabioferro.eu\/wp-content\/uploads\/Collana-Madi-Collezione-Safari-con-Quarzi-Idrotermali-Verdi-e-Malachite.jpg","_links":{"self":[{"href":"https:\/\/www.fabioferro.eu\/de\/wp-json\/wp\/v2\/product\/125199","targetHints":{"allow":["GET"]}}],"collection":[{"href":"https:\/\/www.fabioferro.eu\/de\/wp-json\/wp\/v2\/product"}],"about":[{"href":"https:\/\/www.fabioferro.eu\/de\/wp-json\/wp\/v2\/types\/product"}],"replies":[{"embeddable":true,"href":"https:\/\/www.fabioferro.eu\/de\/wp-json\/wp\/v2\/comments?post=125199"}],"version-history":[{"count":0,"href":"https:\/\/www.fabioferro.eu\/de\/wp-json\/wp\/v2\/product\/125199\/revisions"}],"wp:featuredmedia":[{"embeddable":true,"href":"https:\/\/www.fabioferro.eu\/de\/wp-json\/wp\/v2\/media\/125161"}],"wp:attachment":[{"href":"https:\/\/www.fabioferro.eu\/de\/wp-json\/wp\/v2\/media?parent=125199"}],"wp:term":[{"taxonomy":"product_brand","embeddable":true,"href":"https:\/\/www.fabioferro.eu\/de\/wp-json\/wp\/v2\/product_brand?post=125199"},{"taxonomy":"product_cat","embeddable":true,"href":"https:\/\/www.fabioferro.eu\/de\/wp-json\/wp\/v2\/product_cat?post=125199"},{"taxonomy":"product_tag","embeddable":true,"href":"https:\/\/www.fabioferro.eu\/de\/wp-json\/wp\/v2\/product_tag?post=125199"}],"curies":[{"name":"wp","href":"https:\/\/api.w.org\/{rel}","templated":true}]}}