{"id":125206,"date":"2024-02-12T10:28:00","date_gmt":"2024-02-12T09:28:00","guid":{"rendered":"https:\/\/www.fabioferro.eu\/madi-safari-halskette-mit-gruenem-hydrothermalen-quarz-und-zirkonen-2.html"},"modified":"2025-03-11T18:09:38","modified_gmt":"2025-03-11T17:09:38","slug":"madi-safari-halskette-mit-gruenem-hydrothermalen-quarz-und-zirkonen-2","status":"publish","type":"product","link":"https:\/\/www.fabioferro.eu\/de\/madi-safari-halskette-mit-gruenem-hydrothermalen-quarz-und-zirkonen-2.html","title":{"rendered":"Madi Safari Halskette mit gr\u00fcnem hydrothermalen Quarz und Zirkonen"},"content":{"rendered":"<p>Mad\u00ec Halskette aus 925er Silber mit Ros\u00e9vergoldung. Entlang der Kette sind zwei gr\u00fcne hydrothermale Quarze, Zirkone und Malachit gefasst. Die Gesamtl\u00e4nge der Halskette betr\u00e4gt 90 cm und sie kann nach Belieben getragen werden, auch mit einer doppelten Schlaufe. Es ist ein praktischer und bequemer Karabinerhaken f\u00fcr einen sicheren Verschluss vorhanden. Handgefertigt von Kunsthandwerkern, Made in Italy. Die Halskette wird mit einer zweij\u00e4hrigen Garantie, einer Einkaufstasche und der offiziellen Mad\u00ec Box geliefert.<\/p>\n","protected":false},"excerpt":{"rendered":"<p>Ein mutiges Accessoire mit leuchtenden Farben und unvergleichlicher Leuchtkraft.<\/p>\n","protected":false},"featured_media":125153,"comment_status":"open","ping_status":"closed","template":"","meta":[],"product_brand":[],"product_cat":[5951],"product_tag":[],"class_list":{"0":"post-125206","1":"product","2":"type-product","3":"status-publish","4":"has-post-thumbnail","6":"product_cat-madi-halsketten","8":"first","9":"instock","10":"sale","11":"taxable","12":"shipping-taxable","13":"purchasable","14":"product-type-simple"},"exclude_global_add_ons":[],"addons":[],"df_price":261,"df_sale_price":261,"df_regular_price":290,"df_image_link":"https:\/\/cdn02.fabioferro.eu\/wp-content\/uploads\/Collana-Madi-Safari-con-Quarzi-Idrotermali-Verdi-e-Zirconi-1.jpg","_links":{"self":[{"href":"https:\/\/www.fabioferro.eu\/de\/wp-json\/wp\/v2\/product\/125206","targetHints":{"allow":["GET"]}}],"collection":[{"href":"https:\/\/www.fabioferro.eu\/de\/wp-json\/wp\/v2\/product"}],"about":[{"href":"https:\/\/www.fabioferro.eu\/de\/wp-json\/wp\/v2\/types\/product"}],"replies":[{"embeddable":true,"href":"https:\/\/www.fabioferro.eu\/de\/wp-json\/wp\/v2\/comments?post=125206"}],"version-history":[{"count":0,"href":"https:\/\/www.fabioferro.eu\/de\/wp-json\/wp\/v2\/product\/125206\/revisions"}],"wp:featuredmedia":[{"embeddable":true,"href":"https:\/\/www.fabioferro.eu\/de\/wp-json\/wp\/v2\/media\/125153"}],"wp:attachment":[{"href":"https:\/\/www.fabioferro.eu\/de\/wp-json\/wp\/v2\/media?parent=125206"}],"wp:term":[{"taxonomy":"product_brand","embeddable":true,"href":"https:\/\/www.fabioferro.eu\/de\/wp-json\/wp\/v2\/product_brand?post=125206"},{"taxonomy":"product_cat","embeddable":true,"href":"https:\/\/www.fabioferro.eu\/de\/wp-json\/wp\/v2\/product_cat?post=125206"},{"taxonomy":"product_tag","embeddable":true,"href":"https:\/\/www.fabioferro.eu\/de\/wp-json\/wp\/v2\/product_tag?post=125206"}],"curies":[{"name":"wp","href":"https:\/\/api.w.org\/{rel}","templated":true}]}}