{"id":125215,"date":"2024-02-12T10:27:23","date_gmt":"2024-02-12T09:27:23","guid":{"rendered":"https:\/\/www.fabioferro.eu\/madi-safari-collection-ring-mit-malachit.html"},"modified":"2025-06-06T16:14:47","modified_gmt":"2025-06-06T14:14:47","slug":"madi-safari-collection-ring-mit-malachit","status":"publish","type":"product","link":"https:\/\/www.fabioferro.eu\/de\/madi-safari-collection-ring-mit-malachit.html","title":{"rendered":"Madi Safari Collection Ring mit Malachit"},"content":{"rendered":"<p>Mad\u00ec Ring aus der Safari-Kollektion aus 925er Silber in einem Bad aus Ros\u00e9gold. In dem Schmuckst\u00fcck ist Malachit in seiner nat\u00fcrlichen gr\u00fcnen Farbe enthalten. Hergestellt von italienischen Handwerkern, Made in Italy. Geliefert mit offizieller Mad\u00ec Box, zweij\u00e4hriger Garantie und Einkaufstasche.<\/p>\n","protected":false},"excerpt":{"rendered":"<p>Dieser schlichte, aber charmante Ring von Mad\u00ec besticht durch seinen kr\u00e4ftigen Gr\u00fcnton.<\/p>\n","protected":false},"featured_media":125117,"comment_status":"open","ping_status":"closed","template":"","meta":[],"product_brand":[],"product_cat":[7595],"product_tag":[7442],"class_list":{"0":"post-125215","1":"product","2":"type-product","3":"status-publish","4":"has-post-thumbnail","6":"product_cat-madi-ringe-de","7":"product_tag-verfugbar","9":"first","10":"instock","11":"sale","12":"taxable","13":"shipping-taxable","14":"purchasable","15":"product-type-variable","16":"has-default-attributes"},"exclude_global_add_ons":[],"addons":[],"df_price":139.5,"df_sale_price":"","df_regular_price":139.5,"df_image_link":"https:\/\/cdn02.fabioferro.eu\/wp-content\/uploads\/Anello-Madi-Collezione-Safari-con-Malachite.jpg","_links":{"self":[{"href":"https:\/\/www.fabioferro.eu\/de\/wp-json\/wp\/v2\/product\/125215","targetHints":{"allow":["GET"]}}],"collection":[{"href":"https:\/\/www.fabioferro.eu\/de\/wp-json\/wp\/v2\/product"}],"about":[{"href":"https:\/\/www.fabioferro.eu\/de\/wp-json\/wp\/v2\/types\/product"}],"replies":[{"embeddable":true,"href":"https:\/\/www.fabioferro.eu\/de\/wp-json\/wp\/v2\/comments?post=125215"}],"version-history":[{"count":0,"href":"https:\/\/www.fabioferro.eu\/de\/wp-json\/wp\/v2\/product\/125215\/revisions"}],"wp:featuredmedia":[{"embeddable":true,"href":"https:\/\/www.fabioferro.eu\/de\/wp-json\/wp\/v2\/media\/125117"}],"wp:attachment":[{"href":"https:\/\/www.fabioferro.eu\/de\/wp-json\/wp\/v2\/media?parent=125215"}],"wp:term":[{"taxonomy":"product_brand","embeddable":true,"href":"https:\/\/www.fabioferro.eu\/de\/wp-json\/wp\/v2\/product_brand?post=125215"},{"taxonomy":"product_cat","embeddable":true,"href":"https:\/\/www.fabioferro.eu\/de\/wp-json\/wp\/v2\/product_cat?post=125215"},{"taxonomy":"product_tag","embeddable":true,"href":"https:\/\/www.fabioferro.eu\/de\/wp-json\/wp\/v2\/product_tag?post=125215"}],"curies":[{"name":"wp","href":"https:\/\/api.w.org\/{rel}","templated":true}]}}