{"id":125248,"date":"2024-02-12T10:24:28","date_gmt":"2024-02-12T09:24:28","guid":{"rendered":"https:\/\/www.fabioferro.eu\/madi-clouds-collection-halskette-mit-acht-farbigen-hydrothermalquarzen.html"},"modified":"2025-03-11T18:09:21","modified_gmt":"2025-03-11T17:09:21","slug":"madi-clouds-collection-halskette-mit-acht-farbigen-hydrothermalquarzen","status":"publish","type":"product","link":"https:\/\/www.fabioferro.eu\/de\/madi-clouds-collection-halskette-mit-acht-farbigen-hydrothermalquarzen.html","title":{"rendered":"Madi Clouds Collection Halskette mit acht farbigen Hydrothermalquarzen"},"content":{"rendered":"<p>Die Halskette ist komplett aus 925er Silber gefertigt und in Ros\u00e9gold gebadet.<\/p>\n<p>An der Kette befinden sich acht \u00f6kologische hydrothermale Quarze in verschiedenen Schliffen und Farbnuancen.<\/p>\n<p>Die Gesamtl\u00e4nge der Kette betr\u00e4gt 90 cm.<\/p>\n<p>Der Karabinerhaken erm\u00f6glicht einen schnellen und einfachen Verschluss.<\/p>\n<p>Vollst\u00e4ndig von Kunsthandwerkern hergestellt, Made in Italy.<\/p>\n<p>Die Kette wird mit einer zweij\u00e4hrigen Garantie, einer offiziellen Mad\u00ec-Box und einer Einkaufstasche geliefert.<\/p>\n","protected":false},"excerpt":{"rendered":"<p>Ein gewagtes Accessoire, das durch seine leuchtenden Farben und au\u00dfergew\u00f6hnlichen Lichtreflexe auff\u00e4llt.<\/p>\n","protected":false},"featured_media":125058,"comment_status":"open","ping_status":"closed","template":"","meta":[],"product_brand":[],"product_cat":[5951],"product_tag":[7442],"class_list":{"0":"post-125248","1":"product","2":"type-product","3":"status-publish","4":"has-post-thumbnail","6":"product_cat-madi-halsketten","7":"product_tag-verfugbar","9":"first","10":"instock","11":"sale","12":"taxable","13":"shipping-taxable","14":"purchasable","15":"product-type-simple"},"exclude_global_add_ons":[],"addons":[],"df_price":242.1,"df_sale_price":242.1,"df_regular_price":269,"df_image_link":"https:\/\/cdn02.fabioferro.eu\/wp-content\/uploads\/Collana-Madi-Collezione-Nuvole-con-Otto-Quarzi-Idrotermali-Colorati.jpg","_links":{"self":[{"href":"https:\/\/www.fabioferro.eu\/de\/wp-json\/wp\/v2\/product\/125248","targetHints":{"allow":["GET"]}}],"collection":[{"href":"https:\/\/www.fabioferro.eu\/de\/wp-json\/wp\/v2\/product"}],"about":[{"href":"https:\/\/www.fabioferro.eu\/de\/wp-json\/wp\/v2\/types\/product"}],"replies":[{"embeddable":true,"href":"https:\/\/www.fabioferro.eu\/de\/wp-json\/wp\/v2\/comments?post=125248"}],"version-history":[{"count":0,"href":"https:\/\/www.fabioferro.eu\/de\/wp-json\/wp\/v2\/product\/125248\/revisions"}],"wp:featuredmedia":[{"embeddable":true,"href":"https:\/\/www.fabioferro.eu\/de\/wp-json\/wp\/v2\/media\/125058"}],"wp:attachment":[{"href":"https:\/\/www.fabioferro.eu\/de\/wp-json\/wp\/v2\/media?parent=125248"}],"wp:term":[{"taxonomy":"product_brand","embeddable":true,"href":"https:\/\/www.fabioferro.eu\/de\/wp-json\/wp\/v2\/product_brand?post=125248"},{"taxonomy":"product_cat","embeddable":true,"href":"https:\/\/www.fabioferro.eu\/de\/wp-json\/wp\/v2\/product_cat?post=125248"},{"taxonomy":"product_tag","embeddable":true,"href":"https:\/\/www.fabioferro.eu\/de\/wp-json\/wp\/v2\/product_tag?post=125248"}],"curies":[{"name":"wp","href":"https:\/\/api.w.org\/{rel}","templated":true}]}}